{"id":26253,"date":"2026-02-04T02:44:34","date_gmt":"2026-02-03T23:44:34","guid":{"rendered":"https:\/\/a-pant.ee\/product\/router-nokia-e-240w-a-kabel\/"},"modified":"2026-02-22T12:35:24","modified_gmt":"2026-02-22T09:35:24","slug":"router-nokia-e-240w-a-kabel","status":"publish","type":"product","link":"https:\/\/a-pant.ee\/ru\/product\/router-nokia-e-240w-a-kabel\/","title":{"rendered":"\u0420\u043e\u0443\u0442\u0435\u0440 Nokia E-240W-A + \u043a\u0430\u0431\u0435\u043b\u044c"},"content":{"rendered":"\n<p> Ruuter\u00a0Nokia E-240W-A T\u00e4iskomplekt, heas ja t\u00f6\u00f6korras! <\/p><p> KIRJELDUS <\/p><p> Fiiberoptiline kaabelmodem v\u00f5tab vastu Interneti-signaali ja loob ka kodus Wi-Fi v\u00f5rgu. Interneti-\u00fchenduse loomiseks paigaldab tehnik m\u00e4\u00e4ratud asukohta modemi ja ruuteri v\u00f5i soovitab optimaalse lahenduse. <\/p><p> Modemil on sisseehitatud ruuter Kaabl <\/p><p> i abil saate modemiga \u00fchendada kuni neli arvutit Toetab 2,4 GHz (B, G, N) ja 5 GHz (N, AC) <\/p><p> Wi-Fi sagedusi Modem v\u00f5imaldab kasutada VoIP <\/p><p> -telefoniteenust Seade sisaldab toiteallikat. <\/p>\n","protected":false},"excerpt":{"rendered":"<p>Ruuter\u00a0Nokia E-240W-A T\u00e4iskomplekt, heas ja t\u00f6\u00f6korras! KIRJELDUS Fiiberoptiline kaabelmodem v\u00f5tab vastu Interneti-signaali ja loob ka kodus Wi-Fi v\u00f5rgu. Interneti-\u00fchenduse loomiseks paigaldab tehnik m\u00e4\u00e4ratud asukohta modemi ja ruuteri v\u00f5i soovitab optimaalse lahenduse. Modemil on sisseehitatud ruuter Kaabl i abil saate modemiga \u00fchendada kuni neli arvutit Toetab 2,4 GHz (B, G, N) ja 5 GHz (N, AC) [&hellip;]<\/p>\n","protected":false},"featured_media":26254,"comment_status":"closed","ping_status":"open","template":"","meta":{"inline_featured_image":false},"product_brand":[],"product_cat":[157],"product_tag":[],"class_list":{"0":"post-26253","1":"product","2":"type-product","3":"status-publish","4":"has-post-thumbnail","6":"product_cat-vse-dlya-kompyutera","7":"pa_asukoht-mustamae","8":"pa_seisukord-ispolzovano","10":"first","11":"instock","12":"taxable","13":"shipping-taxable","14":"purchasable","15":"product-type-simple"},"_links":{"self":[{"href":"https:\/\/a-pant.ee\/ru\/wp-json\/wp\/v2\/product\/26253","targetHints":{"allow":["GET"]}}],"collection":[{"href":"https:\/\/a-pant.ee\/ru\/wp-json\/wp\/v2\/product"}],"about":[{"href":"https:\/\/a-pant.ee\/ru\/wp-json\/wp\/v2\/types\/product"}],"replies":[{"embeddable":true,"href":"https:\/\/a-pant.ee\/ru\/wp-json\/wp\/v2\/comments?post=26253"}],"wp:featuredmedia":[{"embeddable":true,"href":"https:\/\/a-pant.ee\/ru\/wp-json\/wp\/v2\/media\/26254"}],"wp:attachment":[{"href":"https:\/\/a-pant.ee\/ru\/wp-json\/wp\/v2\/media?parent=26253"}],"wp:term":[{"taxonomy":"product_brand","embeddable":true,"href":"https:\/\/a-pant.ee\/ru\/wp-json\/wp\/v2\/product_brand?post=26253"},{"taxonomy":"product_cat","embeddable":true,"href":"https:\/\/a-pant.ee\/ru\/wp-json\/wp\/v2\/product_cat?post=26253"},{"taxonomy":"product_tag","embeddable":true,"href":"https:\/\/a-pant.ee\/ru\/wp-json\/wp\/v2\/product_tag?post=26253"}],"curies":[{"name":"wp","href":"https:\/\/api.w.org\/{rel}","templated":true}]}}