{"id":26238,"date":"2026-02-04T02:44:34","date_gmt":"2026-02-03T23:44:34","guid":{"rendered":"https:\/\/a-pant.ee\/product\/akkumulyatornyy-perforator-hilti-te-4-a22\/"},"modified":"2026-02-22T12:35:24","modified_gmt":"2026-02-22T09:35:24","slug":"akkumulyatornyj-perforator-hilti-te-4-a22-ak-33ach","status":"publish","type":"product","link":"https:\/\/a-pant.ee\/ru\/product\/akkumulyatornyj-perforator-hilti-te-4-a22-ak-33ach\/","title":{"rendered":"\u0410\u043a\u043a\u0443\u043c\u0443\u043b\u044f\u0442\u043e\u0440\u043d\u044b\u0439 \u043f\u0435\u0440\u0444\u043e\u0440\u0430\u0442\u043e\u0440 Hilti TE 4-A22 + \u0430\u043a. 3,3\u0410\u0447"},"content":{"rendered":"\n<p> Akupuurvasar Hilti TE 4-A22 + aku 3,3Ah\u00a0, heas seisu- ja t\u00f6\u00f6korras! <\/p><p> KIRJELDUS <\/p><p> Maksimaalne l\u00f6\u00f6gij\u00f5ud 2 J <br \/> Kasseti t\u00fc\u00fcp SDS Plus <br \/> Maksimaalne puurimise l\u00e4bim\u00f5\u00f5t (betoon) 12 mm <br \/> Aku pinge 21,6 V <br \/> T\u00f6\u00f6re\u017eiimid puurimine <br \/> Funktsioonid tagurpidi, kruvikeeraja <br \/> Disaini omadused toitenupu lukk <br \/> L\u00f6\u00f6gisagedus 5200 l\u00f6\u00f6ki minutis <br \/> Kaal 3,3 kg <\/p>\n","protected":false},"excerpt":{"rendered":"<p>Akupuurvasar Hilti TE 4-A22 + aku 3,3Ah\u00a0, heas seisu- ja t\u00f6\u00f6korras! KIRJELDUS Maksimaalne l\u00f6\u00f6gij\u00f5ud 2 J Kasseti t\u00fc\u00fcp SDS Plus Maksimaalne puurimise l\u00e4bim\u00f5\u00f5t (betoon) 12 mm Aku pinge 21,6 V T\u00f6\u00f6re\u017eiimid puurimine Funktsioonid tagurpidi, kruvikeeraja Disaini omadused toitenupu lukk L\u00f6\u00f6gisagedus 5200 l\u00f6\u00f6ki minutis Kaal 3,3 kg<\/p>\n","protected":false},"featured_media":26239,"comment_status":"closed","ping_status":"open","template":"","meta":{"inline_featured_image":false},"product_brand":[],"product_cat":[239],"product_tag":[],"class_list":{"0":"post-26238","1":"product","2":"type-product","3":"status-publish","4":"has-post-thumbnail","6":"product_cat-perforatory-i-dreli","7":"pa_asukoht-lasnamae","8":"pa_seisukord-ispolzovano","10":"first","11":"instock","12":"taxable","13":"shipping-taxable","14":"purchasable","15":"product-type-simple"},"_links":{"self":[{"href":"https:\/\/a-pant.ee\/ru\/wp-json\/wp\/v2\/product\/26238","targetHints":{"allow":["GET"]}}],"collection":[{"href":"https:\/\/a-pant.ee\/ru\/wp-json\/wp\/v2\/product"}],"about":[{"href":"https:\/\/a-pant.ee\/ru\/wp-json\/wp\/v2\/types\/product"}],"replies":[{"embeddable":true,"href":"https:\/\/a-pant.ee\/ru\/wp-json\/wp\/v2\/comments?post=26238"}],"wp:featuredmedia":[{"embeddable":true,"href":"https:\/\/a-pant.ee\/ru\/wp-json\/wp\/v2\/media\/26239"}],"wp:attachment":[{"href":"https:\/\/a-pant.ee\/ru\/wp-json\/wp\/v2\/media?parent=26238"}],"wp:term":[{"taxonomy":"product_brand","embeddable":true,"href":"https:\/\/a-pant.ee\/ru\/wp-json\/wp\/v2\/product_brand?post=26238"},{"taxonomy":"product_cat","embeddable":true,"href":"https:\/\/a-pant.ee\/ru\/wp-json\/wp\/v2\/product_cat?post=26238"},{"taxonomy":"product_tag","embeddable":true,"href":"https:\/\/a-pant.ee\/ru\/wp-json\/wp\/v2\/product_tag?post=26238"}],"curies":[{"name":"wp","href":"https:\/\/api.w.org\/{rel}","templated":true}]}}