{"id":26230,"date":"2026-02-04T02:40:06","date_gmt":"2026-02-03T23:40:06","guid":{"rendered":"https:\/\/a-pant.ee\/product\/perforator-makita-hr2811ft-chemodan\/"},"modified":"2026-02-22T12:35:29","modified_gmt":"2026-02-22T09:35:29","slug":"perforator-makita-hr2811ft-chemodan","status":"publish","type":"product","link":"https:\/\/a-pant.ee\/ru\/product\/perforator-makita-hr2811ft-chemodan\/","title":{"rendered":"\u041f\u0435\u0440\u0444\u043e\u0440\u0430\u0442\u043e\u0440 Makita HR2811FT + \u0427\u0435\u043c\u043e\u0434\u0430\u043d"},"content":{"rendered":"\n<p> Puurvasar Makita HR2811FT\u00a0+ Kohver, <\/p><p> KIRJELDUS <\/p><p> Maksimaalne l\u00f6\u00f6gij\u00f5ud <br \/> 2,9 J <br \/> Padruni t\u00fc\u00fcp <br \/> SDS-Plus <br \/> Maksimaalne puurimise l\u00e4bim\u00f5\u00f5t (betoon) <br \/> 80 mm <br \/> T\u00f6\u00f6re\u017eiimid <br \/> meiseldamine, puurimine, meisliga puurimine, meiseldamine, puurimine, meislimisega puurimine <br \/> Funktsioonid <br \/> tagurpidi, kiiruse reguleerimine, pehme k\u00e4ivitus, taustvalgus, l\u00f6\u00f6kre\u017eiim, tagurpidi, kiiruse reguleerimine, pehme k\u00e4ivitamine, taustvalgus, l\u00f6\u00f6kre\u017eiim <br \/> Disaini omadused <br \/> antivibratsioonis\u00fcsteem, toitenupu lukk, turvasidur, spindlilukk, s\u00fcgavuse piiraja <br \/> L\u00f6\u00f6ksagedus <br \/> 4500 l\u00f6\u00f6ki\/min <\/p>\n","protected":false},"excerpt":{"rendered":"<p>Puurvasar Makita HR2811FT\u00a0+ Kohver, KIRJELDUS Maksimaalne l\u00f6\u00f6gij\u00f5ud 2,9 J Padruni t\u00fc\u00fcp SDS-Plus Maksimaalne puurimise l\u00e4bim\u00f5\u00f5t (betoon) 80 mm T\u00f6\u00f6re\u017eiimid meiseldamine, puurimine, meisliga puurimine, meiseldamine, puurimine, meislimisega puurimine Funktsioonid tagurpidi, kiiruse reguleerimine, pehme k\u00e4ivitus, taustvalgus, l\u00f6\u00f6kre\u017eiim, tagurpidi, kiiruse reguleerimine, pehme k\u00e4ivitamine, taustvalgus, l\u00f6\u00f6kre\u017eiim Disaini omadused antivibratsioonis\u00fcsteem, toitenupu lukk, turvasidur, spindlilukk, s\u00fcgavuse piiraja L\u00f6\u00f6ksagedus 4500 l\u00f6\u00f6ki\/min<\/p>\n","protected":false},"featured_media":26231,"comment_status":"closed","ping_status":"open","template":"","meta":{"inline_featured_image":false},"product_brand":[],"product_cat":[239],"product_tag":[],"class_list":{"0":"post-26230","1":"product","2":"type-product","3":"status-publish","4":"has-post-thumbnail","6":"product_cat-perforatory-i-dreli","7":"pa_asukoht-lasnamae","8":"pa_seisukord-ispolzovano","10":"first","11":"instock","12":"taxable","13":"shipping-taxable","14":"purchasable","15":"product-type-simple"},"_links":{"self":[{"href":"https:\/\/a-pant.ee\/ru\/wp-json\/wp\/v2\/product\/26230","targetHints":{"allow":["GET"]}}],"collection":[{"href":"https:\/\/a-pant.ee\/ru\/wp-json\/wp\/v2\/product"}],"about":[{"href":"https:\/\/a-pant.ee\/ru\/wp-json\/wp\/v2\/types\/product"}],"replies":[{"embeddable":true,"href":"https:\/\/a-pant.ee\/ru\/wp-json\/wp\/v2\/comments?post=26230"}],"wp:featuredmedia":[{"embeddable":true,"href":"https:\/\/a-pant.ee\/ru\/wp-json\/wp\/v2\/media\/26231"}],"wp:attachment":[{"href":"https:\/\/a-pant.ee\/ru\/wp-json\/wp\/v2\/media?parent=26230"}],"wp:term":[{"taxonomy":"product_brand","embeddable":true,"href":"https:\/\/a-pant.ee\/ru\/wp-json\/wp\/v2\/product_brand?post=26230"},{"taxonomy":"product_cat","embeddable":true,"href":"https:\/\/a-pant.ee\/ru\/wp-json\/wp\/v2\/product_cat?post=26230"},{"taxonomy":"product_tag","embeddable":true,"href":"https:\/\/a-pant.ee\/ru\/wp-json\/wp\/v2\/product_tag?post=26230"}],"curies":[{"name":"wp","href":"https:\/\/api.w.org\/{rel}","templated":true}]}}