{"id":26224,"date":"2026-02-04T02:40:06","date_gmt":"2026-02-03T23:40:06","guid":{"rendered":"https:\/\/a-pant.ee\/product\/noutbuk-acer-aspire-one-zaryadka\/"},"modified":"2026-02-22T12:35:29","modified_gmt":"2026-02-22T09:35:29","slug":"noutbuk-acer-aspire-one-zaryadka","status":"publish","type":"product","link":"https:\/\/a-pant.ee\/ru\/product\/noutbuk-acer-aspire-one-zaryadka\/","title":{"rendered":"\u041d\u043e\u0443\u0442\u0431\u0443\u043a Acer Aspire One + \u0437\u0430\u0440\u044f\u0434\u043a\u0430"},"content":{"rendered":"\n<p> S\u00fclearvuti Acer Aspire One + laadija\u00a0, heas seisu- ja t\u00f6\u00f6korras! <\/p><p><br \/> Protsessor (CPU): Snapdragon 7c(8cpus) 2.4ghzz <br \/> Operatiiv m\u00e4lu: 4 gb <br \/> Videokaart :Qualcomm Adreno 618 Integreeritud <br \/> K\u00f5vaketas: Sandisck DA4064 64GB <br \/> Operatsioonis\u00fcsteem: Windows 10 <\/p>\n","protected":false},"excerpt":{"rendered":"<p>S\u00fclearvuti Acer Aspire One + laadija\u00a0, heas seisu- ja t\u00f6\u00f6korras! Protsessor (CPU): Snapdragon 7c(8cpus) 2.4ghzz Operatiiv m\u00e4lu: 4 gb Videokaart :Qualcomm Adreno 618 Integreeritud K\u00f5vaketas: Sandisck DA4064 64GB Operatsioonis\u00fcsteem: Windows 10<\/p>\n","protected":false},"featured_media":26225,"comment_status":"closed","ping_status":"closed","template":"","meta":{"inline_featured_image":false},"product_brand":[],"product_cat":[179],"product_tag":[],"class_list":{"0":"post-26224","1":"product","2":"type-product","3":"status-publish","4":"has-post-thumbnail","6":"product_cat-noutbuki","7":"pa_asukoht-mustamae","8":"pa_seisukord-ispolzovano","10":"first","11":"instock","12":"sale","13":"taxable","14":"shipping-taxable","15":"purchasable","16":"product-type-simple"},"_links":{"self":[{"href":"https:\/\/a-pant.ee\/ru\/wp-json\/wp\/v2\/product\/26224","targetHints":{"allow":["GET"]}}],"collection":[{"href":"https:\/\/a-pant.ee\/ru\/wp-json\/wp\/v2\/product"}],"about":[{"href":"https:\/\/a-pant.ee\/ru\/wp-json\/wp\/v2\/types\/product"}],"replies":[{"embeddable":true,"href":"https:\/\/a-pant.ee\/ru\/wp-json\/wp\/v2\/comments?post=26224"}],"wp:featuredmedia":[{"embeddable":true,"href":"https:\/\/a-pant.ee\/ru\/wp-json\/wp\/v2\/media\/26225"}],"wp:attachment":[{"href":"https:\/\/a-pant.ee\/ru\/wp-json\/wp\/v2\/media?parent=26224"}],"wp:term":[{"taxonomy":"product_brand","embeddable":true,"href":"https:\/\/a-pant.ee\/ru\/wp-json\/wp\/v2\/product_brand?post=26224"},{"taxonomy":"product_cat","embeddable":true,"href":"https:\/\/a-pant.ee\/ru\/wp-json\/wp\/v2\/product_cat?post=26224"},{"taxonomy":"product_tag","embeddable":true,"href":"https:\/\/a-pant.ee\/ru\/wp-json\/wp\/v2\/product_tag?post=26224"}],"curies":[{"name":"wp","href":"https:\/\/api.w.org\/{rel}","templated":true}]}}