{"id":26205,"date":"2026-02-04T02:40:06","date_gmt":"2026-02-03T23:40:06","guid":{"rendered":"https:\/\/a-pant.ee\/product\/mobilnyy-konditsioner-electrolux-eacm-12-clc-n6\/"},"modified":"2026-02-22T12:35:29","modified_gmt":"2026-02-22T09:35:29","slug":"mobilnyj-kondiczioner-electrolux-eacm-12-clc-n6","status":"publish","type":"product","link":"https:\/\/a-pant.ee\/ru\/product\/mobilnyj-kondiczioner-electrolux-eacm-12-clc-n6\/","title":{"rendered":"\u041c\u043e\u0431\u0438\u043b\u044c\u043d\u044b\u0439 \u043a\u043e\u043d\u0434\u0438\u0446\u0438\u043e\u043d\u0435\u0440 Electrolux EACM-12 CLC\/N6"},"content":{"rendered":"\n<p> Electrolux EACM-12 CLC(CL)\/N6 mobiilne konditsioneer\u00a0, heas seisu- ja t\u00f6\u00f6korras! <\/p><p> pult <\/p><p><br \/> Kompaktse disainiga mobiilne konditsioneer, digitaalne ekraan, v\u00e4rv valge, A energia <br \/> * Funktsioonid: jahutus, kuivatus, ventilatsioon <br \/> * 3 ventilaatori kiirust, taimer, 24 h, automaatne reziim, \u00f5ine vaikne reziim, temperatuuri seadistuse samm \u00b0 \u0421 1 <br \/> * Soovitatav ruumi suurus 30 m\u00b2 <br \/> * Pesatv \u00f5hufilter <br \/> * Tsirkuleeritava \u00f5hu hulk 390 m3\/h <br \/> * Jahutusv\u00f5imsus 3,5 kW (BTU\/h 12000), kuivatust\u00f5husus 22 l p\u00e4evas <br \/> * M\u00fcratase max 65 dB, kaal 33,2 kg <br \/> * K\u00fclmaaine \u00abR290A\u00bb <br \/> * V\u00f5imsus 2600 W <br \/> * M\u00f5\u00f5dud 745 x 450 x 396 mm <\/p>\n","protected":false},"excerpt":{"rendered":"<p>Electrolux EACM-12 CLC(CL)\/N6 mobiilne konditsioneer\u00a0, heas seisu- ja t\u00f6\u00f6korras! pult Kompaktse disainiga mobiilne konditsioneer, digitaalne ekraan, v\u00e4rv valge, A energia * Funktsioonid: jahutus, kuivatus, ventilatsioon * 3 ventilaatori kiirust, taimer, 24 h, automaatne reziim, \u00f5ine vaikne reziim, temperatuuri seadistuse samm \u00b0 \u0421 1 * Soovitatav ruumi suurus 30 m\u00b2 * Pesatv \u00f5hufilter * Tsirkuleeritava \u00f5hu [&hellip;]<\/p>\n","protected":false},"featured_media":26206,"comment_status":"closed","ping_status":"closed","template":"","meta":{"inline_featured_image":false},"product_brand":[],"product_cat":[166],"product_tag":[],"class_list":{"0":"post-26205","1":"product","2":"type-product","3":"status-publish","4":"has-post-thumbnail","6":"product_cat-bytovaya-tehnika","7":"product_shipping_class-oversize","8":"pa_asukoht-mustamae","9":"pa_seisukord-ispolzovano","11":"first","12":"instock","13":"taxable","14":"shipping-taxable","15":"purchasable","16":"product-type-simple"},"_links":{"self":[{"href":"https:\/\/a-pant.ee\/ru\/wp-json\/wp\/v2\/product\/26205","targetHints":{"allow":["GET"]}}],"collection":[{"href":"https:\/\/a-pant.ee\/ru\/wp-json\/wp\/v2\/product"}],"about":[{"href":"https:\/\/a-pant.ee\/ru\/wp-json\/wp\/v2\/types\/product"}],"replies":[{"embeddable":true,"href":"https:\/\/a-pant.ee\/ru\/wp-json\/wp\/v2\/comments?post=26205"}],"wp:featuredmedia":[{"embeddable":true,"href":"https:\/\/a-pant.ee\/ru\/wp-json\/wp\/v2\/media\/26206"}],"wp:attachment":[{"href":"https:\/\/a-pant.ee\/ru\/wp-json\/wp\/v2\/media?parent=26205"}],"wp:term":[{"taxonomy":"product_brand","embeddable":true,"href":"https:\/\/a-pant.ee\/ru\/wp-json\/wp\/v2\/product_brand?post=26205"},{"taxonomy":"product_cat","embeddable":true,"href":"https:\/\/a-pant.ee\/ru\/wp-json\/wp\/v2\/product_cat?post=26205"},{"taxonomy":"product_tag","embeddable":true,"href":"https:\/\/a-pant.ee\/ru\/wp-json\/wp\/v2\/product_tag?post=26205"}],"curies":[{"name":"wp","href":"https:\/\/api.w.org\/{rel}","templated":true}]}}