{"id":26199,"date":"2026-02-04T02:40:06","date_gmt":"2026-02-03T23:40:06","guid":{"rendered":"https:\/\/a-pant.ee\/product\/akkumulyatornyy-gvozdelyazhibatel-makita-dfn350\/"},"modified":"2026-02-22T12:35:29","modified_gmt":"2026-02-22T09:35:29","slug":"akkumulyatornyj-gvozdezabivatel-makita-dfn350","status":"publish","type":"product","link":"https:\/\/a-pant.ee\/ru\/product\/akkumulyatornyj-gvozdezabivatel-makita-dfn350\/","title":{"rendered":"\u0410\u043a\u043a\u0443\u043c\u0443\u043b\u044f\u0442\u043e\u0440\u043d\u044b\u0439 \u0433\u0432\u043e\u0437\u0434\u0435\u0437\u0430\u0431\u0438\u0432\u0430\u0442\u0435\u043b\u044c Makita DFN350"},"content":{"rendered":"\n<p> Naelap\u00fcstol Makita DFN350 18 V\u00a02ah\u00a0, heas seisu- ja t\u00f6\u00f6korras! <\/p><p> Naela pikkus <\/p><p> 15-35 mm <\/p><p><br \/> Naela l\u00e4bim\u00f5\u00f5t <br \/> 1,2 mm <\/p><p><br \/> Magasini maht <br \/> 110 <\/p><p><br \/> Aku nominaalpinge <br \/> 18v <\/p><p><br \/> Aku kaitses\u00fcsteem <\/p><p> Toote kaal koos akuga (EPTA-Protseduur 01\/2003) <br \/> 2,1 &#8212; 2,4 kg <\/p><p><br \/> Toote m\u00f5\u00f5dud (P x L x K) <br \/> 257 x 79 x 228 mm <\/p><p><br \/> Pinge LXT <\/p><p> Traadit\u00fc\u00fcp <br \/> 18 Ga <\/p><p><br \/> Helir\u00f5hu tase (LpA) <br \/> 81 dB(A) <\/p><p><br \/> M\u00e4\u00e4ramatu m\u00fcra (K faktor) <br \/> 3 dB(A) <\/p><p><br \/> Vibratsioonitase (3 teljel) <br \/> \u2264 2,5 m\/s\u00b2 <\/p><p><br \/> M\u00e4\u00e4ramatu vibratsioon (K faktor) <br \/> 1,5 m\/s\u00b2 <\/p>\n","protected":false},"excerpt":{"rendered":"<p>Naelap\u00fcstol Makita DFN350 18 V\u00a02ah\u00a0, heas seisu- ja t\u00f6\u00f6korras! Naela pikkus 15-35 mm Naela l\u00e4bim\u00f5\u00f5t 1,2 mm Magasini maht 110 Aku nominaalpinge 18v Aku kaitses\u00fcsteem Toote kaal koos akuga (EPTA-Protseduur 01\/2003) 2,1 &#8212; 2,4 kg Toote m\u00f5\u00f5dud (P x L x K) 257 x 79 x 228 mm Pinge LXT Traadit\u00fc\u00fcp 18 Ga Helir\u00f5hu tase [&hellip;]<\/p>\n","protected":false},"featured_media":26200,"comment_status":"closed","ping_status":"open","template":"","meta":{"inline_featured_image":false},"product_brand":[],"product_cat":[246],"product_tag":[],"class_list":{"0":"post-26199","1":"product","2":"type-product","3":"status-publish","4":"has-post-thumbnail","6":"product_cat-instrumenty-drugoe","7":"pa_asukoht-mustamae","8":"pa_seisukord-ispolzovano","10":"first","11":"instock","12":"taxable","13":"shipping-taxable","14":"purchasable","15":"product-type-simple"},"_links":{"self":[{"href":"https:\/\/a-pant.ee\/ru\/wp-json\/wp\/v2\/product\/26199","targetHints":{"allow":["GET"]}}],"collection":[{"href":"https:\/\/a-pant.ee\/ru\/wp-json\/wp\/v2\/product"}],"about":[{"href":"https:\/\/a-pant.ee\/ru\/wp-json\/wp\/v2\/types\/product"}],"replies":[{"embeddable":true,"href":"https:\/\/a-pant.ee\/ru\/wp-json\/wp\/v2\/comments?post=26199"}],"wp:featuredmedia":[{"embeddable":true,"href":"https:\/\/a-pant.ee\/ru\/wp-json\/wp\/v2\/media\/26200"}],"wp:attachment":[{"href":"https:\/\/a-pant.ee\/ru\/wp-json\/wp\/v2\/media?parent=26199"}],"wp:term":[{"taxonomy":"product_brand","embeddable":true,"href":"https:\/\/a-pant.ee\/ru\/wp-json\/wp\/v2\/product_brand?post=26199"},{"taxonomy":"product_cat","embeddable":true,"href":"https:\/\/a-pant.ee\/ru\/wp-json\/wp\/v2\/product_cat?post=26199"},{"taxonomy":"product_tag","embeddable":true,"href":"https:\/\/a-pant.ee\/ru\/wp-json\/wp\/v2\/product_tag?post=26199"}],"curies":[{"name":"wp","href":"https:\/\/api.w.org\/{rel}","templated":true}]}}