{"id":26193,"date":"2026-02-04T02:40:06","date_gmt":"2026-02-03T23:40:06","guid":{"rendered":"https:\/\/a-pant.ee\/product\/ip-kamera-xiaomi-mi-360-zaryadka\/"},"modified":"2026-02-22T12:35:29","modified_gmt":"2026-02-22T09:35:29","slug":"ip-kamera-xiaomi-mi-360-zaryadka","status":"publish","type":"product","link":"https:\/\/a-pant.ee\/ru\/product\/ip-kamera-xiaomi-mi-360-zaryadka\/","title":{"rendered":"IP \u043a\u0430\u043c\u0435\u0440\u0430 Xiaomi Mi 360 + \u0437\u0430\u0440\u044f\u0434\u043a\u0430"},"content":{"rendered":"\n<p> IP kaamera Xiaomi Mi 360 + laadija\u00a0, heas seisu- ja t\u00f6\u00f6korras! <\/p><p> KIRJELDUS <\/p><p> Kategooria: Valvekaamerad <\/p><p> Nutiseade: Jah <\/p><p> T\u00fc\u00fcp: IP kaamerad, Turvakaamerad <\/p><p> Vaade: Xiaomi, ip kaamerad valvekaamerad, Xiaomi, turvakaamerad valvekaamerad <\/p><p> Kaubam\u00e4rk: Xiaomi <\/p>\n","protected":false},"excerpt":{"rendered":"<p>IP kaamera Xiaomi Mi 360 + laadija\u00a0, heas seisu- ja t\u00f6\u00f6korras! KIRJELDUS Kategooria: Valvekaamerad Nutiseade: Jah T\u00fc\u00fcp: IP kaamerad, Turvakaamerad Vaade: Xiaomi, ip kaamerad valvekaamerad, Xiaomi, turvakaamerad valvekaamerad Kaubam\u00e4rk: Xiaomi<\/p>\n","protected":false},"featured_media":26194,"comment_status":"closed","ping_status":"open","template":"","meta":{"inline_featured_image":false},"product_brand":[],"product_cat":[182],"product_tag":[],"class_list":{"0":"post-26193","1":"product","2":"type-product","3":"status-publish","4":"has-post-thumbnail","6":"product_cat-videokamery","7":"pa_asukoht-lasnamae","8":"pa_seisukord-ispolzovano","10":"first","11":"outofstock","12":"taxable","13":"shipping-taxable","14":"purchasable","15":"product-type-simple"},"_links":{"self":[{"href":"https:\/\/a-pant.ee\/ru\/wp-json\/wp\/v2\/product\/26193","targetHints":{"allow":["GET"]}}],"collection":[{"href":"https:\/\/a-pant.ee\/ru\/wp-json\/wp\/v2\/product"}],"about":[{"href":"https:\/\/a-pant.ee\/ru\/wp-json\/wp\/v2\/types\/product"}],"replies":[{"embeddable":true,"href":"https:\/\/a-pant.ee\/ru\/wp-json\/wp\/v2\/comments?post=26193"}],"wp:featuredmedia":[{"embeddable":true,"href":"https:\/\/a-pant.ee\/ru\/wp-json\/wp\/v2\/media\/26194"}],"wp:attachment":[{"href":"https:\/\/a-pant.ee\/ru\/wp-json\/wp\/v2\/media?parent=26193"}],"wp:term":[{"taxonomy":"product_brand","embeddable":true,"href":"https:\/\/a-pant.ee\/ru\/wp-json\/wp\/v2\/product_brand?post=26193"},{"taxonomy":"product_cat","embeddable":true,"href":"https:\/\/a-pant.ee\/ru\/wp-json\/wp\/v2\/product_cat?post=26193"},{"taxonomy":"product_tag","embeddable":true,"href":"https:\/\/a-pant.ee\/ru\/wp-json\/wp\/v2\/product_tag?post=26193"}],"curies":[{"name":"wp","href":"https:\/\/api.w.org\/{rel}","templated":true}]}}