{"id":26187,"date":"2026-02-04T02:40:06","date_gmt":"2026-02-03T23:40:06","guid":{"rendered":"https:\/\/a-pant.ee\/product\/akudrel-dewalt-dcd778-akb-5ah\/"},"modified":"2026-02-22T12:35:28","modified_gmt":"2026-02-22T09:35:28","slug":"akudrel-dewalt-dcd778-akb-5ach","status":"publish","type":"product","link":"https:\/\/a-pant.ee\/ru\/product\/akudrel-dewalt-dcd778-akb-5ach\/","title":{"rendered":"\u0410\u043a\u0443\u0434\u0440\u0435\u043b\u044c Dewalt DCD778 + \u0410\u041a\u0411 5\u0410\u0427"},"content":{"rendered":"\n<p> Akutrell Dewalt DCD778 + AKU 5AH, heas seisu- ja t\u00f6\u00f6korras! <\/p><p> KIRJELDUS <\/p><p> Pinge: 18 V <\/p><p> Aku t\u00fc\u00fcp: Li-Ion <\/p><p> Aku mahtuvus: 5,0AH <\/p><p> Maksimaalne p\u00f6\u00f6rdemoment: 65 Nm <\/p><p> P\u00f6\u00f6rlemiskiirus: <\/p><p> Esimene kiirus: 0-500 p\/min <\/p><p> Teine kiirus: 0-1 750 p\/min <\/p><p> Maksimaalne l\u00f6\u00f6gisagedus: 0-29 750 l\u00f6\u00f6ki\/min <\/p><p> Maksimaalne puurimisdiameeter: <\/p><p> Puit: kuni 30 mm <\/p><p> Metall: kuni 13 mm <\/p><p> Tellis: kuni 13 mm <\/p><p> P\u00f6\u00f6rdemomendi astmed: 15 + 1 (puurimisre\u017eiim) <\/p><p> Padruni t\u00fc\u00fcp: Kiirkinnitus, 13 mm <\/p><p> Kaal: 1,5 kg (koos akuga) <\/p><p> Omadused: Harjadeta mootor, kompaktne ja kerge disain, LED-t\u00f6\u00f6ala valgustus, metallist reduktor pikema t\u00f6\u00f6ea tagamiseks. <\/p>\n","protected":false},"excerpt":{"rendered":"<p>Akutrell Dewalt DCD778 + AKU 5AH, heas seisu- ja t\u00f6\u00f6korras! KIRJELDUS Pinge: 18 V Aku t\u00fc\u00fcp: Li-Ion Aku mahtuvus: 5,0AH Maksimaalne p\u00f6\u00f6rdemoment: 65 Nm P\u00f6\u00f6rlemiskiirus: Esimene kiirus: 0-500 p\/min Teine kiirus: 0-1 750 p\/min Maksimaalne l\u00f6\u00f6gisagedus: 0-29 750 l\u00f6\u00f6ki\/min Maksimaalne puurimisdiameeter: Puit: kuni 30 mm Metall: kuni 13 mm Tellis: kuni 13 mm P\u00f6\u00f6rdemomendi astmed: [&hellip;]<\/p>\n","protected":false},"featured_media":26188,"comment_status":"closed","ping_status":"closed","template":"","meta":{"inline_featured_image":false},"product_brand":[],"product_cat":[221],"product_tag":[],"class_list":{"0":"post-26187","1":"product","2":"type-product","3":"status-publish","4":"has-post-thumbnail","6":"product_cat-akkumulyatornye-dreli","7":"pa_asukoht-mustamae","8":"pa_seisukord-ispolzovano","10":"first","11":"outofstock","12":"taxable","13":"shipping-taxable","14":"purchasable","15":"product-type-simple"},"_links":{"self":[{"href":"https:\/\/a-pant.ee\/ru\/wp-json\/wp\/v2\/product\/26187","targetHints":{"allow":["GET"]}}],"collection":[{"href":"https:\/\/a-pant.ee\/ru\/wp-json\/wp\/v2\/product"}],"about":[{"href":"https:\/\/a-pant.ee\/ru\/wp-json\/wp\/v2\/types\/product"}],"replies":[{"embeddable":true,"href":"https:\/\/a-pant.ee\/ru\/wp-json\/wp\/v2\/comments?post=26187"}],"wp:featuredmedia":[{"embeddable":true,"href":"https:\/\/a-pant.ee\/ru\/wp-json\/wp\/v2\/media\/26188"}],"wp:attachment":[{"href":"https:\/\/a-pant.ee\/ru\/wp-json\/wp\/v2\/media?parent=26187"}],"wp:term":[{"taxonomy":"product_brand","embeddable":true,"href":"https:\/\/a-pant.ee\/ru\/wp-json\/wp\/v2\/product_brand?post=26187"},{"taxonomy":"product_cat","embeddable":true,"href":"https:\/\/a-pant.ee\/ru\/wp-json\/wp\/v2\/product_cat?post=26187"},{"taxonomy":"product_tag","embeddable":true,"href":"https:\/\/a-pant.ee\/ru\/wp-json\/wp\/v2\/product_tag?post=26187"}],"curies":[{"name":"wp","href":"https:\/\/api.w.org\/{rel}","templated":true}]}}