{"id":26181,"date":"2026-02-04T02:40:06","date_gmt":"2026-02-03T23:40:06","guid":{"rendered":"https:\/\/a-pant.ee\/product\/sabelnaya-pila-makita-bjr181-akb-5-0ah\/"},"modified":"2026-02-22T12:35:28","modified_gmt":"2026-02-22T09:35:28","slug":"sabelnaya-pila-makita-bjr181-akb-50ach","status":"publish","type":"product","link":"https:\/\/a-pant.ee\/ru\/product\/sabelnaya-pila-makita-bjr181-akb-50ach\/","title":{"rendered":"\u0421\u0430\u0431\u0435\u043b\u044c\u043d\u0430\u044f \u043f\u0438\u043b\u0430 Makita BJR181 + \u0410\u041a\u0411 5,0\u0410\u0427"},"content":{"rendered":"\n<p> Tigersaag Makita BJR181 + AKU 5,0AH, <\/p><p> Esi kinnitus puudub, aga t\u00f6\u00f6korras! <\/p><p> KIRJELDUS <\/p><p> T\u00f6\u00f6riista t\u00fc\u00fcp: Akutikksaag <\/p><p> Pinge: 18 V <\/p><p> Aku t\u00fc\u00fcp: Li-Ion <\/p><p> Saeketta pikkus: 28 mm <\/p><p> T\u00f5mbesagedus: 0-2 900 t\u00f5mmet\/min <\/p><p> Maksimaalne l\u00f5ikes\u00fcgavus: <\/p><p> Puit: kuni 255 mm <\/p><p> Terastorud: kuni 130 mm <\/p><p> Padruni t\u00fc\u00fcp: Kiirkinnitus <\/p><p> Kaal: 3,7 kg (koos akuga) <\/p><p> Omadused: Reguleeritav t\u00f5mbe kiirus, ergonoomiline k\u00e4epide, mis on kaetud libisemisvastase kattega, kiire tera vahetuss\u00fcsteem, \u00fclekoormuskaitse. <\/p>\n","protected":false},"excerpt":{"rendered":"<p>Tigersaag Makita BJR181 + AKU 5,0AH, Esi kinnitus puudub, aga t\u00f6\u00f6korras! KIRJELDUS T\u00f6\u00f6riista t\u00fc\u00fcp: Akutikksaag Pinge: 18 V Aku t\u00fc\u00fcp: Li-Ion Saeketta pikkus: 28 mm T\u00f5mbesagedus: 0-2 900 t\u00f5mmet\/min Maksimaalne l\u00f5ikes\u00fcgavus: Puit: kuni 255 mm Terastorud: kuni 130 mm Padruni t\u00fc\u00fcp: Kiirkinnitus Kaal: 3,7 kg (koos akuga) Omadused: Reguleeritav t\u00f5mbe kiirus, ergonoomiline k\u00e4epide, mis on [&hellip;]<\/p>\n","protected":false},"featured_media":26182,"comment_status":"closed","ping_status":"open","template":"","meta":{"inline_featured_image":false},"product_brand":[],"product_cat":[243],"product_tag":[],"class_list":{"0":"post-26181","1":"product","2":"type-product","3":"status-publish","4":"has-post-thumbnail","6":"product_cat-sabelnye-pily","7":"pa_asukoht-mustamae","8":"pa_seisukord-ispolzovano","10":"first","11":"instock","12":"taxable","13":"shipping-taxable","14":"purchasable","15":"product-type-simple"},"_links":{"self":[{"href":"https:\/\/a-pant.ee\/ru\/wp-json\/wp\/v2\/product\/26181","targetHints":{"allow":["GET"]}}],"collection":[{"href":"https:\/\/a-pant.ee\/ru\/wp-json\/wp\/v2\/product"}],"about":[{"href":"https:\/\/a-pant.ee\/ru\/wp-json\/wp\/v2\/types\/product"}],"replies":[{"embeddable":true,"href":"https:\/\/a-pant.ee\/ru\/wp-json\/wp\/v2\/comments?post=26181"}],"wp:featuredmedia":[{"embeddable":true,"href":"https:\/\/a-pant.ee\/ru\/wp-json\/wp\/v2\/media\/26182"}],"wp:attachment":[{"href":"https:\/\/a-pant.ee\/ru\/wp-json\/wp\/v2\/media?parent=26181"}],"wp:term":[{"taxonomy":"product_brand","embeddable":true,"href":"https:\/\/a-pant.ee\/ru\/wp-json\/wp\/v2\/product_brand?post=26181"},{"taxonomy":"product_cat","embeddable":true,"href":"https:\/\/a-pant.ee\/ru\/wp-json\/wp\/v2\/product_cat?post=26181"},{"taxonomy":"product_tag","embeddable":true,"href":"https:\/\/a-pant.ee\/ru\/wp-json\/wp\/v2\/product_tag?post=26181"}],"curies":[{"name":"wp","href":"https:\/\/api.w.org\/{rel}","templated":true}]}}