{"id":26174,"date":"2026-02-04T02:40:06","date_gmt":"2026-02-03T23:40:06","guid":{"rendered":"https:\/\/a-pant.ee\/product\/akudrel-hitachi-ds-18djl\/"},"modified":"2026-02-22T12:35:28","modified_gmt":"2026-02-22T09:35:28","slug":"akudrel-hitachi-ds-18djl-akb-20ach-zaryadka","status":"publish","type":"product","link":"https:\/\/a-pant.ee\/ru\/product\/akudrel-hitachi-ds-18djl-akb-20ach-zaryadka\/","title":{"rendered":"\u0410\u043a\u0443\u0434\u0440\u0435\u043b\u044c Hitachi DS 18DJL + \u0410\u041a\u0411 2,0\u0410\u0427 + \u0417\u0430\u0440\u044f\u0434\u043a\u0430"},"content":{"rendered":"\n<p> Akutrell Hitachi DS 18DJL + AKU 2,0AH + Laadija\u00a0, heas seisu- ja t\u00f6\u00f6korras! <\/p><p> KIRJELDUS <\/p><p> T\u00f6\u00f6riista t\u00fc\u00fcp: Akutrell-kruvikeeraja <\/p><p> Pinge: 18 V <\/p><p> Aku t\u00fc\u00fcp: Li-Ion <\/p><p> Maksimaalne p\u00f6\u00f6rdemoment: 53 Nm <\/p><p> P\u00f6\u00f6rlemiskiirus: <\/p><p> Esimene kiirus: 0-400 p\/min <\/p><p> Teine kiirus: 0-1 500 p\/min <\/p><p> Maksimaalne puurimisdiameeter: <\/p><p> Puit: kuni 38 mm <\/p><p> Metall: kuni 13 mm <\/p><p> P\u00f6\u00f6rdemomendi astmed: 22 + 1 (puurimisre\u017eiim) <\/p><p> Padruni t\u00fc\u00fcp: Kiirkinnitus, 13 mm <\/p><p> Kaal: 1,7 kg (koos akuga) <\/p><p> Omadused: Kompaktne ja kerge disain, LED-t\u00f6\u00f6ala valgustus, mootori pidur, kahekordne k\u00e4igukast. <\/p>\n","protected":false},"excerpt":{"rendered":"<p>Akutrell Hitachi DS 18DJL + AKU 2,0AH + Laadija\u00a0, heas seisu- ja t\u00f6\u00f6korras! KIRJELDUS T\u00f6\u00f6riista t\u00fc\u00fcp: Akutrell-kruvikeeraja Pinge: 18 V Aku t\u00fc\u00fcp: Li-Ion Maksimaalne p\u00f6\u00f6rdemoment: 53 Nm P\u00f6\u00f6rlemiskiirus: Esimene kiirus: 0-400 p\/min Teine kiirus: 0-1 500 p\/min Maksimaalne puurimisdiameeter: Puit: kuni 38 mm Metall: kuni 13 mm P\u00f6\u00f6rdemomendi astmed: 22 + 1 (puurimisre\u017eiim) Padruni t\u00fc\u00fcp: [&hellip;]<\/p>\n","protected":false},"featured_media":26175,"comment_status":"closed","ping_status":"open","template":"","meta":{"inline_featured_image":false},"product_brand":[],"product_cat":[221],"product_tag":[],"class_list":{"0":"post-26174","1":"product","2":"type-product","3":"status-publish","4":"has-post-thumbnail","6":"product_cat-akkumulyatornye-dreli","7":"pa_asukoht-mustamae","8":"pa_seisukord-ispolzovano","10":"first","11":"instock","12":"taxable","13":"shipping-taxable","14":"purchasable","15":"product-type-simple"},"_links":{"self":[{"href":"https:\/\/a-pant.ee\/ru\/wp-json\/wp\/v2\/product\/26174","targetHints":{"allow":["GET"]}}],"collection":[{"href":"https:\/\/a-pant.ee\/ru\/wp-json\/wp\/v2\/product"}],"about":[{"href":"https:\/\/a-pant.ee\/ru\/wp-json\/wp\/v2\/types\/product"}],"replies":[{"embeddable":true,"href":"https:\/\/a-pant.ee\/ru\/wp-json\/wp\/v2\/comments?post=26174"}],"wp:featuredmedia":[{"embeddable":true,"href":"https:\/\/a-pant.ee\/ru\/wp-json\/wp\/v2\/media\/26175"}],"wp:attachment":[{"href":"https:\/\/a-pant.ee\/ru\/wp-json\/wp\/v2\/media?parent=26174"}],"wp:term":[{"taxonomy":"product_brand","embeddable":true,"href":"https:\/\/a-pant.ee\/ru\/wp-json\/wp\/v2\/product_brand?post=26174"},{"taxonomy":"product_cat","embeddable":true,"href":"https:\/\/a-pant.ee\/ru\/wp-json\/wp\/v2\/product_cat?post=26174"},{"taxonomy":"product_tag","embeddable":true,"href":"https:\/\/a-pant.ee\/ru\/wp-json\/wp\/v2\/product_tag?post=26174"}],"curies":[{"name":"wp","href":"https:\/\/api.w.org\/{rel}","templated":true}]}}