{"id":26150,"date":"2026-02-04T02:40:06","date_gmt":"2026-02-03T23:40:06","guid":{"rendered":"https:\/\/a-pant.ee\/product\/svarochnyj-poluaavtomat-telwin-turbo-bimax-152\/"},"modified":"2026-02-22T12:35:27","modified_gmt":"2026-02-22T09:35:27","slug":"svarochnyj-poluavtomat-telwin-turbo-bimax-152","status":"publish","type":"product","link":"https:\/\/a-pant.ee\/ru\/product\/svarochnyj-poluavtomat-telwin-turbo-bimax-152\/","title":{"rendered":"\u0421\u0432\u0430\u0440\u043e\u0447\u043d\u044b\u0439 \u041f\u043e\u043b\u0443\u0430\u0432\u0442\u043e\u043c\u0430\u0442 Telwin Turbo Bimax 152"},"content":{"rendered":"\n<p> Keevitus Telwin Turbo Bimax 152, heas seisu- ja t\u00f6\u00f6korras! <\/p><p> KIRJELDUS <\/p><p> Toide: 230V\/50Hz. <br \/> Kaitse: 16A. <br \/> V\u00f5imsus. 3,7kW (60% 1,4kW). <br \/> T\u00fchijooksupinge: 31V. <br \/> Keevitusvoolu tugevus: 30-145A (+-10%). <br \/> Keevitusvool 60%: 55A. <br \/> Traadi l\u00e4bim\u00f5\u00f5t: teras 0,6-0,8mm, alumiinium 0,8-1mm roostevaba teras 0,8mm, t\u00e4idistraat 0,8-1,2 mm. <br \/> Isolatsiooniklass: H. <br \/> Niiskuskindlus: IP21. <br \/> M\u00f5\u00f5dud: 730x370x475mm.Kaal: 23kg. <\/p>\n","protected":false},"excerpt":{"rendered":"<p>Keevitus Telwin Turbo Bimax 152, heas seisu- ja t\u00f6\u00f6korras! KIRJELDUS Toide: 230V\/50Hz. Kaitse: 16A. V\u00f5imsus. 3,7kW (60% 1,4kW). T\u00fchijooksupinge: 31V. Keevitusvoolu tugevus: 30-145A (+-10%). Keevitusvool 60%: 55A. Traadi l\u00e4bim\u00f5\u00f5t: teras 0,6-0,8mm, alumiinium 0,8-1mm roostevaba teras 0,8mm, t\u00e4idistraat 0,8-1,2 mm. Isolatsiooniklass: H. Niiskuskindlus: IP21. M\u00f5\u00f5dud: 730x370x475mm.Kaal: 23kg.<\/p>\n","protected":false},"featured_media":26151,"comment_status":"closed","ping_status":"closed","template":"","meta":{"inline_featured_image":false},"product_brand":[],"product_cat":[228],"product_tag":[],"class_list":{"0":"post-26150","1":"product","2":"type-product","3":"status-publish","4":"has-post-thumbnail","6":"product_cat-svarochnye-apparaty","7":"product_shipping_class-oversize","8":"pa_asukoht-mustamae","9":"pa_seisukord-ispolzovano","11":"first","12":"instock","13":"taxable","14":"shipping-taxable","15":"purchasable","16":"product-type-simple"},"_links":{"self":[{"href":"https:\/\/a-pant.ee\/ru\/wp-json\/wp\/v2\/product\/26150","targetHints":{"allow":["GET"]}}],"collection":[{"href":"https:\/\/a-pant.ee\/ru\/wp-json\/wp\/v2\/product"}],"about":[{"href":"https:\/\/a-pant.ee\/ru\/wp-json\/wp\/v2\/types\/product"}],"replies":[{"embeddable":true,"href":"https:\/\/a-pant.ee\/ru\/wp-json\/wp\/v2\/comments?post=26150"}],"wp:featuredmedia":[{"embeddable":true,"href":"https:\/\/a-pant.ee\/ru\/wp-json\/wp\/v2\/media\/26151"}],"wp:attachment":[{"href":"https:\/\/a-pant.ee\/ru\/wp-json\/wp\/v2\/media?parent=26150"}],"wp:term":[{"taxonomy":"product_brand","embeddable":true,"href":"https:\/\/a-pant.ee\/ru\/wp-json\/wp\/v2\/product_brand?post=26150"},{"taxonomy":"product_cat","embeddable":true,"href":"https:\/\/a-pant.ee\/ru\/wp-json\/wp\/v2\/product_cat?post=26150"},{"taxonomy":"product_tag","embeddable":true,"href":"https:\/\/a-pant.ee\/ru\/wp-json\/wp\/v2\/product_tag?post=26150"}],"curies":[{"name":"wp","href":"https:\/\/api.w.org\/{rel}","templated":true}]}}