{"id":26140,"date":"2026-02-04T02:40:06","date_gmt":"2026-02-03T23:40:06","guid":{"rendered":"https:\/\/a-pant.ee\/product\/shpaklevocnaya-mashina-vagner-sdh-dmj-700d-2\/"},"modified":"2026-02-22T12:35:27","modified_gmt":"2026-02-22T09:35:27","slug":"shpaklevochnaya-mashina-vagner-sdh-dmj-700d-2","status":"publish","type":"product","link":"https:\/\/a-pant.ee\/ru\/product\/shpaklevochnaya-mashina-vagner-sdh-dmj-700d-2\/","title":{"rendered":"\u0428\u043f\u0430\u043a\u043b\u0435\u0432\u043e\u0447\u043d\u0430\u044f \u043c\u0430\u0448\u0438\u043d\u0430 Vagner SDH DMJ-700D-2"},"content":{"rendered":"\n<p> XIAOMI MI 10T LITE 128GB M2007J17G + KARP + LAADIJA, heas seisu- ja t\u00f6\u00f6korras! <\/p><p> KIRJELDUS <\/p><p> Toote t\u00fc\u00fcp <br \/> Pinna lihvimiseks <br \/> Kaal <br \/> 2,4 kg <br \/> Pikkus <br \/> 340 mm <br \/> V\u00f5imsus <br \/> 710 W <br \/> Pinge <br \/> 240 V <br \/> Aluse l\u00e4bim\u00f5\u00f5t <br \/> 180 mm <br \/> T\u00fchik\u00e4ik <br \/> 1500-3000. <br \/> Reguleeritav p\u00f6\u00f6rlemiskiirus <br \/> Ei <br \/> Teleskoopk\u00e4epide <br \/> Ei <br \/> Vooliku pikkus <br \/> 4 m. <\/p>\n","protected":false},"excerpt":{"rendered":"<p>XIAOMI MI 10T LITE 128GB M2007J17G + KARP + LAADIJA, heas seisu- ja t\u00f6\u00f6korras! KIRJELDUS Toote t\u00fc\u00fcp Pinna lihvimiseks Kaal 2,4 kg Pikkus 340 mm V\u00f5imsus 710 W Pinge 240 V Aluse l\u00e4bim\u00f5\u00f5t 180 mm T\u00fchik\u00e4ik 1500-3000. Reguleeritav p\u00f6\u00f6rlemiskiirus Ei Teleskoopk\u00e4epide Ei Vooliku pikkus 4 m.<\/p>\n","protected":false},"featured_media":26141,"comment_status":"closed","ping_status":"open","template":"","meta":{"inline_featured_image":false},"product_brand":[],"product_cat":[233],"product_tag":[],"class_list":{"0":"post-26140","1":"product","2":"type-product","3":"status-publish","4":"has-post-thumbnail","6":"product_cat-shlifovalnyj-instrument","7":"pa_asukoht-mustamae","8":"pa_seisukord-ispolzovano","10":"first","11":"instock","12":"taxable","13":"shipping-taxable","14":"purchasable","15":"product-type-simple"},"_links":{"self":[{"href":"https:\/\/a-pant.ee\/ru\/wp-json\/wp\/v2\/product\/26140","targetHints":{"allow":["GET"]}}],"collection":[{"href":"https:\/\/a-pant.ee\/ru\/wp-json\/wp\/v2\/product"}],"about":[{"href":"https:\/\/a-pant.ee\/ru\/wp-json\/wp\/v2\/types\/product"}],"replies":[{"embeddable":true,"href":"https:\/\/a-pant.ee\/ru\/wp-json\/wp\/v2\/comments?post=26140"}],"wp:featuredmedia":[{"embeddable":true,"href":"https:\/\/a-pant.ee\/ru\/wp-json\/wp\/v2\/media\/26141"}],"wp:attachment":[{"href":"https:\/\/a-pant.ee\/ru\/wp-json\/wp\/v2\/media?parent=26140"}],"wp:term":[{"taxonomy":"product_brand","embeddable":true,"href":"https:\/\/a-pant.ee\/ru\/wp-json\/wp\/v2\/product_brand?post=26140"},{"taxonomy":"product_cat","embeddable":true,"href":"https:\/\/a-pant.ee\/ru\/wp-json\/wp\/v2\/product_cat?post=26140"},{"taxonomy":"product_tag","embeddable":true,"href":"https:\/\/a-pant.ee\/ru\/wp-json\/wp\/v2\/product_tag?post=26140"}],"curies":[{"name":"wp","href":"https:\/\/api.w.org\/{rel}","templated":true}]}}