{"id":26134,"date":"2026-02-04T02:40:06","date_gmt":"2026-02-03T23:40:06","guid":{"rendered":"https:\/\/a-pant.ee\/product\/smart-chasy-xiaomi-watch-s1-active\/"},"modified":"2026-02-22T12:35:27","modified_gmt":"2026-02-22T09:35:27","slug":"smart-chasy-xiaomi-watch-s1-active","status":"publish","type":"product","link":"https:\/\/a-pant.ee\/ru\/product\/smart-chasy-xiaomi-watch-s1-active\/","title":{"rendered":"\u0421\u043c\u0430\u0440\u0442-\u0447\u0430\u0441\u044b Xiaomi Watch S1 Active"},"content":{"rendered":"\n<p> Nutikellad Xiaomi Watch S1 Active\u00a0, heas seisu- ja t\u00f6\u00f6korras! <\/p><p> KIRJELDUS <\/p><p> Ekraan: 1.43 tolli, AMOLED, 466&#215;466 pikslit <\/p><p> Protsessor: Ei ole t\u00e4psustatud <\/p><p> Operatsioonis\u00fcsteem: Spetsiifiline OS <\/p><p> \u00dchilduvus: Android 6.0 ja uuem, iOS 10.0 ja uuem <\/p><p> Juhtmevabad \u00fchendused: Bluetooth 5.2, NFC, GPS, GLONASS, Beidou, Galileo <\/p><p> Korpuse materjalid: Pol\u00fcmeer, metallist raam <\/p><p> Veekindlus: 5 ATM (kuni 50 meetrit) <\/p><p> Aku: 470 mAh, kuni 12 p\u00e4eva t\u00f6\u00f6aega tavare\u017eiimis <\/p><p> Funktsioonid: <\/p><p> S\u00fcdame l\u00f6\u00f6gisageduse j\u00e4lgimine <\/p><p> Vere hapnikutaseme j\u00e4lgimine (SpO2) <\/p><p> Une ja stressi j\u00e4lgimine <\/p><p> 117 spordire\u017eiimi <\/p><p> Muusika ja teadete juhtimine <\/p><p> Toetus kontaktivabadele maksetele (NFC) <\/p><p> Kaal: 36.3 g (ilma rihmata) <\/p>\n","protected":false},"excerpt":{"rendered":"<p>Nutikellad Xiaomi Watch S1 Active\u00a0, heas seisu- ja t\u00f6\u00f6korras! KIRJELDUS Ekraan: 1.43 tolli, AMOLED, 466&#215;466 pikslit Protsessor: Ei ole t\u00e4psustatud Operatsioonis\u00fcsteem: Spetsiifiline OS \u00dchilduvus: Android 6.0 ja uuem, iOS 10.0 ja uuem Juhtmevabad \u00fchendused: Bluetooth 5.2, NFC, GPS, GLONASS, Beidou, Galileo Korpuse materjalid: Pol\u00fcmeer, metallist raam Veekindlus: 5 ATM (kuni 50 meetrit) Aku: 470 mAh, [&hellip;]<\/p>\n","protected":false},"featured_media":26135,"comment_status":"closed","ping_status":"open","template":"","meta":{"inline_featured_image":false},"product_brand":[],"product_cat":[176],"product_tag":[],"class_list":{"0":"post-26134","1":"product","2":"type-product","3":"status-publish","4":"has-post-thumbnail","6":"product_cat-smart-chasy","7":"pa_asukoht-mustamae","8":"pa_seisukord-ispolzovano","10":"first","11":"instock","12":"taxable","13":"shipping-taxable","14":"purchasable","15":"product-type-simple"},"_links":{"self":[{"href":"https:\/\/a-pant.ee\/ru\/wp-json\/wp\/v2\/product\/26134","targetHints":{"allow":["GET"]}}],"collection":[{"href":"https:\/\/a-pant.ee\/ru\/wp-json\/wp\/v2\/product"}],"about":[{"href":"https:\/\/a-pant.ee\/ru\/wp-json\/wp\/v2\/types\/product"}],"replies":[{"embeddable":true,"href":"https:\/\/a-pant.ee\/ru\/wp-json\/wp\/v2\/comments?post=26134"}],"wp:featuredmedia":[{"embeddable":true,"href":"https:\/\/a-pant.ee\/ru\/wp-json\/wp\/v2\/media\/26135"}],"wp:attachment":[{"href":"https:\/\/a-pant.ee\/ru\/wp-json\/wp\/v2\/media?parent=26134"}],"wp:term":[{"taxonomy":"product_brand","embeddable":true,"href":"https:\/\/a-pant.ee\/ru\/wp-json\/wp\/v2\/product_brand?post=26134"},{"taxonomy":"product_cat","embeddable":true,"href":"https:\/\/a-pant.ee\/ru\/wp-json\/wp\/v2\/product_cat?post=26134"},{"taxonomy":"product_tag","embeddable":true,"href":"https:\/\/a-pant.ee\/ru\/wp-json\/wp\/v2\/product_tag?post=26134"}],"curies":[{"name":"wp","href":"https:\/\/api.w.org\/{rel}","templated":true}]}}