{"id":26127,"date":"2026-02-04T02:40:06","date_gmt":"2026-02-03T23:40:06","guid":{"rendered":"https:\/\/a-pant.ee\/product\/zhenskie-naruchnye-chasy-tissot-1853-l951\/"},"modified":"2026-02-22T12:35:27","modified_gmt":"2026-02-22T09:35:27","slug":"zhenskie-naruchnye-chasy-tissot-1853-l951","status":"publish","type":"product","link":"https:\/\/a-pant.ee\/ru\/product\/zhenskie-naruchnye-chasy-tissot-1853-l951\/","title":{"rendered":"\u0416\u0435\u043d\u0441\u043a\u0438\u0435 \u041d\u0430\u0440\u0443\u0447\u043d\u044b\u0435 \u0427\u0430\u0441\u044b Tissot 1853 L951"},"content":{"rendered":"\n<p><b> Naiste K\u00e4ekell Tissot 1853 L951 <\/b> , heas seisu- ja t\u00f6\u00f6korras! <\/p><p> KIRJELDUS <\/p>\n","protected":false},"excerpt":{"rendered":"<p>Naiste K\u00e4ekell Tissot 1853 L951 , heas seisu- ja t\u00f6\u00f6korras! KIRJELDUS<\/p>\n","protected":false},"featured_media":26128,"comment_status":"closed","ping_status":"open","template":"","meta":{"inline_featured_image":false},"product_brand":[],"product_cat":[212],"product_tag":[],"class_list":{"0":"post-26127","1":"product","2":"type-product","3":"status-publish","4":"has-post-thumbnail","6":"product_cat-zhenskie-chasy","7":"pa_asukoht-lasnamae","8":"pa_seisukord-ispolzovano","10":"first","11":"instock","12":"taxable","13":"shipping-taxable","14":"purchasable","15":"product-type-simple"},"_links":{"self":[{"href":"https:\/\/a-pant.ee\/ru\/wp-json\/wp\/v2\/product\/26127","targetHints":{"allow":["GET"]}}],"collection":[{"href":"https:\/\/a-pant.ee\/ru\/wp-json\/wp\/v2\/product"}],"about":[{"href":"https:\/\/a-pant.ee\/ru\/wp-json\/wp\/v2\/types\/product"}],"replies":[{"embeddable":true,"href":"https:\/\/a-pant.ee\/ru\/wp-json\/wp\/v2\/comments?post=26127"}],"wp:featuredmedia":[{"embeddable":true,"href":"https:\/\/a-pant.ee\/ru\/wp-json\/wp\/v2\/media\/26128"}],"wp:attachment":[{"href":"https:\/\/a-pant.ee\/ru\/wp-json\/wp\/v2\/media?parent=26127"}],"wp:term":[{"taxonomy":"product_brand","embeddable":true,"href":"https:\/\/a-pant.ee\/ru\/wp-json\/wp\/v2\/product_brand?post=26127"},{"taxonomy":"product_cat","embeddable":true,"href":"https:\/\/a-pant.ee\/ru\/wp-json\/wp\/v2\/product_cat?post=26127"},{"taxonomy":"product_tag","embeddable":true,"href":"https:\/\/a-pant.ee\/ru\/wp-json\/wp\/v2\/product_tag?post=26127"}],"curies":[{"name":"wp","href":"https:\/\/api.w.org\/{rel}","templated":true}]}}