{"id":26117,"date":"2026-02-04T02:40:06","date_gmt":"2026-02-03T23:40:06","guid":{"rendered":"https:\/\/a-pant.ee\/product\/noutbuk-dell-precision-5520-laadija\/"},"modified":"2026-02-22T12:35:27","modified_gmt":"2026-02-22T09:35:27","slug":"noutbuk-dell-precision-5520-laadija","status":"publish","type":"product","link":"https:\/\/a-pant.ee\/ru\/product\/noutbuk-dell-precision-5520-laadija\/","title":{"rendered":"\u041d\u043e\u0443\u0442\u0431\u0443\u043a Dell Precision 5520 + Laadija"},"content":{"rendered":"\n<p><b> S\u00fclearvuti Dell Precision 5520 + Laadija <\/b> , heas seisu- ja t\u00f6\u00f6korras! <\/p><p> KIRJELDUS <\/p><p> Protsessor: Intel(R) Core(TM) i7-6820HQ CPU @ 2,70GHz(8 CPUs) <\/p><p> Operatiiv m\u00e4lu: 8,0GB <\/p><p> Videokaart: Intel (R) HD Graphics 530 (4149MB) <\/p><p> Videokaart: NVIDIA Quadro M1200 (8077MB) <\/p><p> K\u00f5vakettas: SSD TS256GMTS952T 256Gb <\/p><p> Windows : 10 Pro 64bit <\/p><p> Display : 15,6 tolli <\/p>\n","protected":false},"excerpt":{"rendered":"<p>S\u00fclearvuti Dell Precision 5520 + Laadija , heas seisu- ja t\u00f6\u00f6korras! KIRJELDUS Protsessor: Intel(R) Core(TM) i7-6820HQ CPU @ 2,70GHz(8 CPUs) Operatiiv m\u00e4lu: 8,0GB Videokaart: Intel (R) HD Graphics 530 (4149MB) Videokaart: NVIDIA Quadro M1200 (8077MB) K\u00f5vakettas: SSD TS256GMTS952T 256Gb Windows : 10 Pro 64bit Display : 15,6 tolli<\/p>\n","protected":false},"featured_media":26118,"comment_status":"closed","ping_status":"open","template":"","meta":{"inline_featured_image":false},"product_brand":[],"product_cat":[179],"product_tag":[],"class_list":{"0":"post-26117","1":"product","2":"type-product","3":"status-publish","4":"has-post-thumbnail","6":"product_cat-noutbuki","7":"pa_asukoht-lasnamae","8":"pa_seisukord-ispolzovano","10":"first","11":"instock","12":"taxable","13":"shipping-taxable","14":"purchasable","15":"product-type-simple"},"_links":{"self":[{"href":"https:\/\/a-pant.ee\/ru\/wp-json\/wp\/v2\/product\/26117","targetHints":{"allow":["GET"]}}],"collection":[{"href":"https:\/\/a-pant.ee\/ru\/wp-json\/wp\/v2\/product"}],"about":[{"href":"https:\/\/a-pant.ee\/ru\/wp-json\/wp\/v2\/types\/product"}],"replies":[{"embeddable":true,"href":"https:\/\/a-pant.ee\/ru\/wp-json\/wp\/v2\/comments?post=26117"}],"wp:featuredmedia":[{"embeddable":true,"href":"https:\/\/a-pant.ee\/ru\/wp-json\/wp\/v2\/media\/26118"}],"wp:attachment":[{"href":"https:\/\/a-pant.ee\/ru\/wp-json\/wp\/v2\/media?parent=26117"}],"wp:term":[{"taxonomy":"product_brand","embeddable":true,"href":"https:\/\/a-pant.ee\/ru\/wp-json\/wp\/v2\/product_brand?post=26117"},{"taxonomy":"product_cat","embeddable":true,"href":"https:\/\/a-pant.ee\/ru\/wp-json\/wp\/v2\/product_cat?post=26117"},{"taxonomy":"product_tag","embeddable":true,"href":"https:\/\/a-pant.ee\/ru\/wp-json\/wp\/v2\/product_tag?post=26117"}],"curies":[{"name":"wp","href":"https:\/\/api.w.org\/{rel}","templated":true}]}}