{"id":26110,"date":"2026-02-04T02:40:06","date_gmt":"2026-02-03T23:40:06","guid":{"rendered":"https:\/\/a-pant.ee\/product\/proektor-stairville-led-ip-bar-320-8-rgb-dmx-ip65\/"},"modified":"2026-02-22T12:35:27","modified_gmt":"2026-02-22T09:35:27","slug":"prozhektor-stairville-led-ip-bar-320-8-rgb-dmx-ip65","status":"publish","type":"product","link":"https:\/\/a-pant.ee\/ru\/product\/prozhektor-stairville-led-ip-bar-320-8-rgb-dmx-ip65\/","title":{"rendered":"\u041f\u0440\u043e\u0436\u0435\u043a\u0442\u043e\u0440 Stairville LED IP Bar 320\/8 RGB DMX IP65"},"content":{"rendered":"\n<p> LED vagusti Stairville LED IP Bar 320\/8 RGB DMX IP65, heas seisu- ja t\u00f6\u00f6korras! <\/p><p> OLEMAS 3 TK! <\/p><p> KIRJELDUS <\/p><p> RGB v\u00e4rvide segamise ja 240 LED-iga. <br \/> Suurep\u00e4rane v\u00e4rvide segamine isegi l\u00fchikestel distantsidel <br \/> Vastupidav ja ilmastikukindel korpus, eriti karmides tuuri- ja festivalikeskkondades. <br \/> T\u00e4nu arvukatele juhtimisv\u00f5imalustele sobib see ideaalselt p\u00fcsivateks siseruumides paigaldamiseks. <br \/> Sobiv infrapuna kaugjuhtimispult: Art 354223 (ei kuulu komplekti). <br \/> Valgusallikas: 240 LED-i \u00d8 10 mm (96 punast, 72 rohelist, 72 sinist) <br \/> Kiire nurk: 30\u00b0 <br \/> Valgusvoog: 803 luksi 2 m kaugusel. <br \/> DMX 512 (6 re\u017eiimi, 2, 3, 4, 7, 14 v\u00f5i 26 kanalit) <br \/> Automaatre\u017eiim erinevate programmidega <br \/> \u00dclem\/alluv re\u017eiim <br \/> Digitaalekraan 3 nupuga k\u00f5igi funktsioonide seadistamiseks. <br \/> DMX- ja toite\u00fchendused: 3-kontaktiline v\u00e4lispistik (nt art. 259057 v\u00f5i art. 259058 toite jaoks ja art. 259059 v\u00f5i art. 259060 DMX jaoks, ei kuulu komplekti) <br \/> Toide: AC 100-240V, 50\/60Hz. <br \/> Max voolutarve: 26 W <br \/> Kaitseklass: IP 65 (sobib v\u00e4listingimustes kasutamiseks). <br \/> M\u00f5\u00f5dud: 1112 x 110 x 145 mm. <br \/> Kaal: 4,6 kg <\/p>\n","protected":false},"excerpt":{"rendered":"<p>LED vagusti Stairville LED IP Bar 320\/8 RGB DMX IP65, heas seisu- ja t\u00f6\u00f6korras! OLEMAS 3 TK! KIRJELDUS RGB v\u00e4rvide segamise ja 240 LED-iga. Suurep\u00e4rane v\u00e4rvide segamine isegi l\u00fchikestel distantsidel Vastupidav ja ilmastikukindel korpus, eriti karmides tuuri- ja festivalikeskkondades. T\u00e4nu arvukatele juhtimisv\u00f5imalustele sobib see ideaalselt p\u00fcsivateks siseruumides paigaldamiseks. Sobiv infrapuna kaugjuhtimispult: Art 354223 (ei kuulu [&hellip;]<\/p>\n","protected":false},"featured_media":26111,"comment_status":"closed","ping_status":"closed","template":"","meta":{"inline_featured_image":false},"product_brand":[],"product_cat":[160],"product_tag":[],"class_list":{"0":"post-26110","1":"product","2":"type-product","3":"status-publish","4":"has-post-thumbnail","6":"product_cat-dj-tehnika","7":"product_shipping_class-oversize","8":"pa_asukoht-mustamae","9":"pa_seisukord-ispolzovano","11":"first","12":"instock","13":"taxable","14":"shipping-taxable","15":"purchasable","16":"product-type-simple"},"_links":{"self":[{"href":"https:\/\/a-pant.ee\/ru\/wp-json\/wp\/v2\/product\/26110","targetHints":{"allow":["GET"]}}],"collection":[{"href":"https:\/\/a-pant.ee\/ru\/wp-json\/wp\/v2\/product"}],"about":[{"href":"https:\/\/a-pant.ee\/ru\/wp-json\/wp\/v2\/types\/product"}],"replies":[{"embeddable":true,"href":"https:\/\/a-pant.ee\/ru\/wp-json\/wp\/v2\/comments?post=26110"}],"wp:featuredmedia":[{"embeddable":true,"href":"https:\/\/a-pant.ee\/ru\/wp-json\/wp\/v2\/media\/26111"}],"wp:attachment":[{"href":"https:\/\/a-pant.ee\/ru\/wp-json\/wp\/v2\/media?parent=26110"}],"wp:term":[{"taxonomy":"product_brand","embeddable":true,"href":"https:\/\/a-pant.ee\/ru\/wp-json\/wp\/v2\/product_brand?post=26110"},{"taxonomy":"product_cat","embeddable":true,"href":"https:\/\/a-pant.ee\/ru\/wp-json\/wp\/v2\/product_cat?post=26110"},{"taxonomy":"product_tag","embeddable":true,"href":"https:\/\/a-pant.ee\/ru\/wp-json\/wp\/v2\/product_tag?post=26110"}],"curies":[{"name":"wp","href":"https:\/\/api.w.org\/{rel}","templated":true}]}}