{"id":26101,"date":"2026-02-04T02:35:26","date_gmt":"2026-02-03T23:35:26","guid":{"rendered":"https:\/\/a-pant.ee\/product\/lampa-dlya-osveshcheniya-stsena-pult\/"},"modified":"2026-02-22T12:35:33","modified_gmt":"2026-02-22T09:35:33","slug":"lampa-dlya-osveshheniya-sczeny-provod-pult","status":"publish","type":"product","link":"https:\/\/a-pant.ee\/ru\/product\/lampa-dlya-osveshheniya-sczeny-provod-pult\/","title":{"rendered":"\u041b\u0430\u043c\u043f\u0430 \u0434\u043b\u044f \u043e\u0441\u0432\u0435\u0449\u0435\u043d\u0438\u044f \u0441\u0446\u0435\u043d\u044b + \u041f\u0440\u043e\u0432\u043e\u0434 + \u041f\u0443\u043b\u044c\u0442"},"content":{"rendered":"\n<p> Lavavalgusti + Juhe + Pult, heas seisu- ja t\u00f6\u00f6korras! <\/p><p> KIRJELDUS <\/p><p> Muudab v\u00e4rve <\/p>\n","protected":false},"excerpt":{"rendered":"<p>Lavavalgusti + Juhe + Pult, heas seisu- ja t\u00f6\u00f6korras! KIRJELDUS Muudab v\u00e4rve<\/p>\n","protected":false},"featured_media":26102,"comment_status":"closed","ping_status":"open","template":"","meta":{"inline_featured_image":false},"product_brand":[],"product_cat":[160],"product_tag":[],"class_list":{"0":"post-26101","1":"product","2":"type-product","3":"status-publish","4":"has-post-thumbnail","6":"product_cat-dj-tehnika","7":"pa_asukoht-mustamae","8":"pa_seisukord-ispolzovano","10":"first","11":"instock","12":"taxable","13":"shipping-taxable","14":"purchasable","15":"product-type-simple"},"_links":{"self":[{"href":"https:\/\/a-pant.ee\/ru\/wp-json\/wp\/v2\/product\/26101","targetHints":{"allow":["GET"]}}],"collection":[{"href":"https:\/\/a-pant.ee\/ru\/wp-json\/wp\/v2\/product"}],"about":[{"href":"https:\/\/a-pant.ee\/ru\/wp-json\/wp\/v2\/types\/product"}],"replies":[{"embeddable":true,"href":"https:\/\/a-pant.ee\/ru\/wp-json\/wp\/v2\/comments?post=26101"}],"wp:featuredmedia":[{"embeddable":true,"href":"https:\/\/a-pant.ee\/ru\/wp-json\/wp\/v2\/media\/26102"}],"wp:attachment":[{"href":"https:\/\/a-pant.ee\/ru\/wp-json\/wp\/v2\/media?parent=26101"}],"wp:term":[{"taxonomy":"product_brand","embeddable":true,"href":"https:\/\/a-pant.ee\/ru\/wp-json\/wp\/v2\/product_brand?post=26101"},{"taxonomy":"product_cat","embeddable":true,"href":"https:\/\/a-pant.ee\/ru\/wp-json\/wp\/v2\/product_cat?post=26101"},{"taxonomy":"product_tag","embeddable":true,"href":"https:\/\/a-pant.ee\/ru\/wp-json\/wp\/v2\/product_tag?post=26101"}],"curies":[{"name":"wp","href":"https:\/\/api.w.org\/{rel}","templated":true}]}}