{"id":26095,"date":"2026-02-04T02:35:26","date_gmt":"2026-02-03T23:35:26","guid":{"rendered":"https:\/\/a-pant.ee\/product\/monitor-samsung-u28e590d-adapter\/"},"modified":"2026-02-22T12:35:32","modified_gmt":"2026-02-22T09:35:32","slug":"monitor-samsung-u28e590d-adapter","status":"publish","type":"product","link":"https:\/\/a-pant.ee\/ru\/product\/monitor-samsung-u28e590d-adapter\/","title":{"rendered":"\u041c\u043e\u043d\u0438\u0442\u043e\u0440 Samsung U28E590D + \u0410\u0434\u0430\u043f\u0442\u0435\u0440"},"content":{"rendered":"\n<p> Monitor Samsung U28E590D + Adapter, heas seisu- ja t\u00f6\u00f6korras! <\/p><p> KIRJELDUS <\/p><p> Diagonaal <br \/> 28&#8243; <br \/> Max luba <br \/> 3840&#215;2160 <br \/> Kuvasuhe <br \/> 16:9 <br \/> Ekraanimaatriksi t\u00fc\u00fcp <br \/> IPS <br \/> Max kaadrisagedus <br \/> 60 Hz <\/p>\n","protected":false},"excerpt":{"rendered":"<p>Monitor Samsung U28E590D + Adapter, heas seisu- ja t\u00f6\u00f6korras! KIRJELDUS Diagonaal 28&#8243; Max luba 3840&#215;2160 Kuvasuhe 16:9 Ekraanimaatriksi t\u00fc\u00fcp IPS Max kaadrisagedus 60 Hz<\/p>\n","protected":false},"featured_media":26096,"comment_status":"closed","ping_status":"closed","template":"","meta":{"inline_featured_image":false},"product_brand":[],"product_cat":[173],"product_tag":[],"class_list":{"0":"post-26095","1":"product","2":"type-product","3":"status-publish","4":"has-post-thumbnail","6":"product_cat-monitory","7":"product_shipping_class-oversize","8":"pa_asukoht-lasnamae","9":"pa_seisukord-ispolzovano","11":"first","12":"instock","13":"taxable","14":"shipping-taxable","15":"purchasable","16":"product-type-simple"},"_links":{"self":[{"href":"https:\/\/a-pant.ee\/ru\/wp-json\/wp\/v2\/product\/26095","targetHints":{"allow":["GET"]}}],"collection":[{"href":"https:\/\/a-pant.ee\/ru\/wp-json\/wp\/v2\/product"}],"about":[{"href":"https:\/\/a-pant.ee\/ru\/wp-json\/wp\/v2\/types\/product"}],"replies":[{"embeddable":true,"href":"https:\/\/a-pant.ee\/ru\/wp-json\/wp\/v2\/comments?post=26095"}],"wp:featuredmedia":[{"embeddable":true,"href":"https:\/\/a-pant.ee\/ru\/wp-json\/wp\/v2\/media\/26096"}],"wp:attachment":[{"href":"https:\/\/a-pant.ee\/ru\/wp-json\/wp\/v2\/media?parent=26095"}],"wp:term":[{"taxonomy":"product_brand","embeddable":true,"href":"https:\/\/a-pant.ee\/ru\/wp-json\/wp\/v2\/product_brand?post=26095"},{"taxonomy":"product_cat","embeddable":true,"href":"https:\/\/a-pant.ee\/ru\/wp-json\/wp\/v2\/product_cat?post=26095"},{"taxonomy":"product_tag","embeddable":true,"href":"https:\/\/a-pant.ee\/ru\/wp-json\/wp\/v2\/product_tag?post=26095"}],"curies":[{"name":"wp","href":"https:\/\/api.w.org\/{rel}","templated":true}]}}