{"id":26070,"date":"2026-02-04T02:35:26","date_gmt":"2026-02-03T23:35:26","guid":{"rendered":"https:\/\/a-pant.ee\/product\/noutbuk-lenovo-ideapad-1-81uv\/"},"modified":"2026-02-22T12:35:32","modified_gmt":"2026-02-22T09:35:32","slug":"noutbuk-lenovo-ideapad-1-81uv-zaryadka-chek","status":"publish","type":"product","link":"https:\/\/a-pant.ee\/ru\/product\/noutbuk-lenovo-ideapad-1-81uv-zaryadka-chek\/","title":{"rendered":"\u041d\u043e\u0443\u0442\u0431\u0443\u043a Lenovo Ideapad 1 81UV + \u0437\u0430\u0440\u044f\u0434\u043a\u0430 + \u0447\u0435\u043a"},"content":{"rendered":"\n<p> S\u00fclearvuti Lenovo Ideapad 1 81UV + laadija + tsekk (nagu uus), heas seisu- ja t\u00f6\u00f6korras! <\/p><p> KIRJELDUS <\/p><p> Protsessor: Intel(R) Pentium(R) Silver N5030 CPU @ 1,10GHz(4 CPUs) <\/p><p> Operatiiv m\u00e4lu: 4,0GB (4096 MB) <\/p><p> Videokaart: Intel (R) UHD Graphics 605 (2469MB) <\/p><p> K\u00f5vakettas: UMIS RPJTJ128MEE1MWX 128Gb <\/p><p> Windows: 11 Home 64bit <\/p>\n","protected":false},"excerpt":{"rendered":"<p>S\u00fclearvuti Lenovo Ideapad 1 81UV + laadija + tsekk (nagu uus), heas seisu- ja t\u00f6\u00f6korras! KIRJELDUS Protsessor: Intel(R) Pentium(R) Silver N5030 CPU @ 1,10GHz(4 CPUs) Operatiiv m\u00e4lu: 4,0GB (4096 MB) Videokaart: Intel (R) UHD Graphics 605 (2469MB) K\u00f5vakettas: UMIS RPJTJ128MEE1MWX 128Gb Windows: 11 Home 64bit<\/p>\n","protected":false},"featured_media":26071,"comment_status":"closed","ping_status":"open","template":"","meta":{"inline_featured_image":false},"product_brand":[],"product_cat":[179],"product_tag":[],"class_list":{"0":"post-26070","1":"product","2":"type-product","3":"status-publish","4":"has-post-thumbnail","6":"product_cat-noutbuki","7":"pa_asukoht-lasnamae","8":"pa_seisukord-ispolzovano","10":"first","11":"instock","12":"taxable","13":"shipping-taxable","14":"purchasable","15":"product-type-simple"},"_links":{"self":[{"href":"https:\/\/a-pant.ee\/ru\/wp-json\/wp\/v2\/product\/26070","targetHints":{"allow":["GET"]}}],"collection":[{"href":"https:\/\/a-pant.ee\/ru\/wp-json\/wp\/v2\/product"}],"about":[{"href":"https:\/\/a-pant.ee\/ru\/wp-json\/wp\/v2\/types\/product"}],"replies":[{"embeddable":true,"href":"https:\/\/a-pant.ee\/ru\/wp-json\/wp\/v2\/comments?post=26070"}],"wp:featuredmedia":[{"embeddable":true,"href":"https:\/\/a-pant.ee\/ru\/wp-json\/wp\/v2\/media\/26071"}],"wp:attachment":[{"href":"https:\/\/a-pant.ee\/ru\/wp-json\/wp\/v2\/media?parent=26070"}],"wp:term":[{"taxonomy":"product_brand","embeddable":true,"href":"https:\/\/a-pant.ee\/ru\/wp-json\/wp\/v2\/product_brand?post=26070"},{"taxonomy":"product_cat","embeddable":true,"href":"https:\/\/a-pant.ee\/ru\/wp-json\/wp\/v2\/product_cat?post=26070"},{"taxonomy":"product_tag","embeddable":true,"href":"https:\/\/a-pant.ee\/ru\/wp-json\/wp\/v2\/product_tag?post=26070"}],"curies":[{"name":"wp","href":"https:\/\/api.w.org\/{rel}","templated":true}]}}