{"id":26064,"date":"2026-02-04T02:35:26","date_gmt":"2026-02-03T23:35:26","guid":{"rendered":"https:\/\/a-pant.ee\/product\/naushniki-freebuds-lipstick-korobka\/"},"modified":"2026-02-22T12:35:31","modified_gmt":"2026-02-22T09:35:31","slug":"naushniki-freebuds-lipstick-korobka","status":"publish","type":"product","link":"https:\/\/a-pant.ee\/ru\/product\/naushniki-freebuds-lipstick-korobka\/","title":{"rendered":"\u041d\u0430\u0443\u0448\u043d\u0438\u043a\u0438 Freebuds Lipstick + \u041a\u043e\u0440\u043e\u0431\u043a\u0430"},"content":{"rendered":"\n<p> K\u00f5rvaklappid Huawei Freebuds Lipstick + Karp\u00a0, heas seisu- ja t\u00f6\u00f6korras! <\/p><p> KIRJELDUS <\/p><p> K\u00f5rvaklappide t\u00fc\u00fcp: K\u00f5rvasisesed juhtmevabad. <\/p><p> \u00dchendus: Bluetooth 5.2. <\/p><p> Kaal: \u00dcks k\u00f5rvaklapp &#8212; 4,1 g, laadimiskarp &#8212; 84,5 g. <\/p><p> T\u00f6\u00f6aeg: Kuni 4 tundi \u00fche laadimisega, kuni 22 tundi koos laadimiskarbiga. <\/p><p> Laadimine: USB-C, juhtmevaba laadimine. <\/p><p> Aktiivne m\u00fcrasummutus: Jah. <\/p><p> Juhtimine: Puutetundlik juhtimine klappidel. <\/p><p> Mikrofon: Jah, sisseehitatud mikrofonid k\u00f5nede ja m\u00fcrasummutuse jaoks. <\/p><p> \u00dchilduvus: Android, iOS. <\/p><p> Omadused: Kvaliteetne heli tugeva bassiga, stiilne ja ainulaadne huulepulga kujuline disain <\/p>\n","protected":false},"excerpt":{"rendered":"<p>K\u00f5rvaklappid Huawei Freebuds Lipstick + Karp\u00a0, heas seisu- ja t\u00f6\u00f6korras! KIRJELDUS K\u00f5rvaklappide t\u00fc\u00fcp: K\u00f5rvasisesed juhtmevabad. \u00dchendus: Bluetooth 5.2. Kaal: \u00dcks k\u00f5rvaklapp &#8212; 4,1 g, laadimiskarp &#8212; 84,5 g. T\u00f6\u00f6aeg: Kuni 4 tundi \u00fche laadimisega, kuni 22 tundi koos laadimiskarbiga. Laadimine: USB-C, juhtmevaba laadimine. Aktiivne m\u00fcrasummutus: Jah. Juhtimine: Puutetundlik juhtimine klappidel. Mikrofon: Jah, sisseehitatud mikrofonid k\u00f5nede [&hellip;]<\/p>\n","protected":false},"featured_media":26065,"comment_status":"closed","ping_status":"open","template":"","meta":{"inline_featured_image":false},"product_brand":[],"product_cat":[168],"product_tag":[],"class_list":{"0":"post-26064","1":"product","2":"type-product","3":"status-publish","4":"has-post-thumbnail","6":"product_cat-naushniki","7":"pa_asukoht-mustamae","8":"pa_seisukord-ispolzovano","10":"first","11":"instock","12":"taxable","13":"shipping-taxable","14":"purchasable","15":"product-type-simple"},"_links":{"self":[{"href":"https:\/\/a-pant.ee\/ru\/wp-json\/wp\/v2\/product\/26064","targetHints":{"allow":["GET"]}}],"collection":[{"href":"https:\/\/a-pant.ee\/ru\/wp-json\/wp\/v2\/product"}],"about":[{"href":"https:\/\/a-pant.ee\/ru\/wp-json\/wp\/v2\/types\/product"}],"replies":[{"embeddable":true,"href":"https:\/\/a-pant.ee\/ru\/wp-json\/wp\/v2\/comments?post=26064"}],"wp:featuredmedia":[{"embeddable":true,"href":"https:\/\/a-pant.ee\/ru\/wp-json\/wp\/v2\/media\/26065"}],"wp:attachment":[{"href":"https:\/\/a-pant.ee\/ru\/wp-json\/wp\/v2\/media?parent=26064"}],"wp:term":[{"taxonomy":"product_brand","embeddable":true,"href":"https:\/\/a-pant.ee\/ru\/wp-json\/wp\/v2\/product_brand?post=26064"},{"taxonomy":"product_cat","embeddable":true,"href":"https:\/\/a-pant.ee\/ru\/wp-json\/wp\/v2\/product_cat?post=26064"},{"taxonomy":"product_tag","embeddable":true,"href":"https:\/\/a-pant.ee\/ru\/wp-json\/wp\/v2\/product_tag?post=26064"}],"curies":[{"name":"wp","href":"https:\/\/api.w.org\/{rel}","templated":true}]}}