{"id":26057,"date":"2026-02-04T02:35:26","date_gmt":"2026-02-03T23:35:26","guid":{"rendered":"https:\/\/a-pant.ee\/product\/avtomobilnyy-buster-fast500\/"},"modified":"2026-02-22T12:35:31","modified_gmt":"2026-02-22T09:35:31","slug":"avtomobilnyj-buster-fast500-korobka-prinadlezhnosti","status":"publish","type":"product","link":"https:\/\/a-pant.ee\/ru\/product\/avtomobilnyj-buster-fast500-korobka-prinadlezhnosti\/","title":{"rendered":"\u0410\u0432\u0442\u043e\u043c\u043e\u0431\u0438\u043b\u044c\u043d\u044b\u0439 \u0431\u0443\u0441\u0442\u0435\u0440 FAST500 + \u041a\u043e\u0440\u043e\u0431\u043a\u0430 + \u043f\u0440\u0438\u043d\u0430\u0434\u043b\u0435\u0436\u043d\u043e\u0441\u0442\u0438"},"content":{"rendered":"\n<p> Auto Boost FAST500 + Karp + Lisatarvikud, heas seisu- ja t\u00f6\u00f6korras! <\/p><p> KIRJELDUS <\/p><p> Mudel: Deca Fast 500 <\/p><p> Seadme t\u00fc\u00fcp: Auto booter (k\u00e4ivitus- ja laadimisseade) <\/p><p> Aku maht: 12 000 mAh (44,4 Wh) <\/p><p> Maksimaalne k\u00e4ivitusvool: 500 A <\/p><p> Nimivool: 250 A <\/p><p> \u00dchilduvus: Sobib bensiinimootoritega kuni 3,0 l ja diiselmootoritega kuni 2,0 l s\u00f5idukitele <\/p><p> Liidesed: 2 USB-porti (mobiilseadmete laadimiseks), 12 V v\u00e4ljund <\/p><p> Lisafunktsioonid: Sisseehitatud taskulamp, LED-ekraan laetuse taseme kuvamiseks <\/p><p> M\u00f5\u00f5tmed ja kaal: <\/p><p> Kaal: Umbes 700 g <\/p><p> M\u00f5\u00f5tmed: Ligikaudu 170 x 80 x 30 mm <\/p>\n","protected":false},"excerpt":{"rendered":"<p>Auto Boost FAST500 + Karp + Lisatarvikud, heas seisu- ja t\u00f6\u00f6korras! KIRJELDUS Mudel: Deca Fast 500 Seadme t\u00fc\u00fcp: Auto booter (k\u00e4ivitus- ja laadimisseade) Aku maht: 12 000 mAh (44,4 Wh) Maksimaalne k\u00e4ivitusvool: 500 A Nimivool: 250 A \u00dchilduvus: Sobib bensiinimootoritega kuni 3,0 l ja diiselmootoritega kuni 2,0 l s\u00f5idukitele Liidesed: 2 USB-porti (mobiilseadmete laadimiseks), 12 [&hellip;]<\/p>\n","protected":false},"featured_media":26058,"comment_status":"closed","ping_status":"open","template":"","meta":{"inline_featured_image":false},"product_brand":[],"product_cat":[158],"product_tag":[],"class_list":{"0":"post-26057","1":"product","2":"type-product","3":"status-publish","4":"has-post-thumbnail","6":"product_cat-vse-dlya-avtomobilya","7":"pa_asukoht-mustamae","8":"pa_seisukord-ispolzovano","10":"first","11":"instock","12":"taxable","13":"shipping-taxable","14":"purchasable","15":"product-type-simple"},"_links":{"self":[{"href":"https:\/\/a-pant.ee\/ru\/wp-json\/wp\/v2\/product\/26057","targetHints":{"allow":["GET"]}}],"collection":[{"href":"https:\/\/a-pant.ee\/ru\/wp-json\/wp\/v2\/product"}],"about":[{"href":"https:\/\/a-pant.ee\/ru\/wp-json\/wp\/v2\/types\/product"}],"replies":[{"embeddable":true,"href":"https:\/\/a-pant.ee\/ru\/wp-json\/wp\/v2\/comments?post=26057"}],"wp:featuredmedia":[{"embeddable":true,"href":"https:\/\/a-pant.ee\/ru\/wp-json\/wp\/v2\/media\/26058"}],"wp:attachment":[{"href":"https:\/\/a-pant.ee\/ru\/wp-json\/wp\/v2\/media?parent=26057"}],"wp:term":[{"taxonomy":"product_brand","embeddable":true,"href":"https:\/\/a-pant.ee\/ru\/wp-json\/wp\/v2\/product_brand?post=26057"},{"taxonomy":"product_cat","embeddable":true,"href":"https:\/\/a-pant.ee\/ru\/wp-json\/wp\/v2\/product_cat?post=26057"},{"taxonomy":"product_tag","embeddable":true,"href":"https:\/\/a-pant.ee\/ru\/wp-json\/wp\/v2\/product_tag?post=26057"}],"curies":[{"name":"wp","href":"https:\/\/api.w.org\/{rel}","templated":true}]}}