{"id":26051,"date":"2026-02-04T02:35:26","date_gmt":"2026-02-03T23:35:26","guid":{"rendered":"https:\/\/a-pant.ee\/product\/trimmer-hecht-142-bts\/"},"modified":"2026-02-22T12:35:31","modified_gmt":"2026-02-22T09:35:31","slug":"trimmer-hecht-142-bts","status":"publish","type":"product","link":"https:\/\/a-pant.ee\/ru\/product\/trimmer-hecht-142-bts\/","title":{"rendered":"\u0422\u0440\u0438\u043c\u043c\u0435\u0440 Hecht 142 BTS"},"content":{"rendered":"\n<p> Murutrimmer Hecht 142 BTS\u00a0, heas seisu- ja t\u00f6\u00f6korras! <\/p><p> KIRJELDUS <\/p><p> T\u00f6\u00f6riista t\u00fc\u00fcp: Bensiintrimmer <\/p><p> Mootori v\u00f5imsus: 1.5 kW (2 hj) <\/p><p> Mootori t\u00fc\u00fcp: Kahetaktiline <\/p><p> Mootori maht: 42.7 cm\u00b3 <\/p><p> K\u00fctuse t\u00fc\u00fcp: Bensiin <\/p><p> K\u00fctusepaagi maht: 1.2 l <\/p><p> L\u00f5ikelaius: 25.5 cm (nuga), 43 cm (tamiil) <\/p><p> Tamiili l\u00e4bim\u00f5\u00f5t: 2.4 mm <\/p><p> L\u00f5ikeelement: Tamiil v\u00f5i metallist nuga <\/p><p> Kaal: 7.9 kg <\/p><p> Funktsioonid ja omadused: <\/p><p> Mugav juhtraud (jalgrattat\u00fc\u00fcpi): Jah <\/p><p> Vibratsioonivastane s\u00fcsteem: Jah <\/p><p> Kanderihm t\u00f6\u00f6 mugavuse suurendamiseks: Jah <\/p><p> Kerge mootori k\u00e4ivitus: Jah <\/p><p> Reguleeritav varre pikkus: Jah <\/p><p> Lihtne hooldus: Jah <\/p>\n","protected":false},"excerpt":{"rendered":"<p>Murutrimmer Hecht 142 BTS\u00a0, heas seisu- ja t\u00f6\u00f6korras! KIRJELDUS T\u00f6\u00f6riista t\u00fc\u00fcp: Bensiintrimmer Mootori v\u00f5imsus: 1.5 kW (2 hj) Mootori t\u00fc\u00fcp: Kahetaktiline Mootori maht: 42.7 cm\u00b3 K\u00fctuse t\u00fc\u00fcp: Bensiin K\u00fctusepaagi maht: 1.2 l L\u00f5ikelaius: 25.5 cm (nuga), 43 cm (tamiil) Tamiili l\u00e4bim\u00f5\u00f5t: 2.4 mm L\u00f5ikeelement: Tamiil v\u00f5i metallist nuga Kaal: 7.9 kg Funktsioonid ja omadused: Mugav [&hellip;]<\/p>\n","protected":false},"featured_media":26052,"comment_status":"closed","ping_status":"closed","template":"","meta":{"inline_featured_image":false},"product_brand":[],"product_cat":[220],"product_tag":[],"class_list":{"0":"post-26051","1":"product","2":"type-product","3":"status-publish","4":"has-post-thumbnail","6":"product_cat-sadovye-instrumenty","7":"product_shipping_class-oversize","8":"pa_asukoht-mustamae","9":"pa_seisukord-ispolzovano","11":"first","12":"instock","13":"taxable","14":"shipping-taxable","15":"purchasable","16":"product-type-simple"},"_links":{"self":[{"href":"https:\/\/a-pant.ee\/ru\/wp-json\/wp\/v2\/product\/26051","targetHints":{"allow":["GET"]}}],"collection":[{"href":"https:\/\/a-pant.ee\/ru\/wp-json\/wp\/v2\/product"}],"about":[{"href":"https:\/\/a-pant.ee\/ru\/wp-json\/wp\/v2\/types\/product"}],"replies":[{"embeddable":true,"href":"https:\/\/a-pant.ee\/ru\/wp-json\/wp\/v2\/comments?post=26051"}],"wp:featuredmedia":[{"embeddable":true,"href":"https:\/\/a-pant.ee\/ru\/wp-json\/wp\/v2\/media\/26052"}],"wp:attachment":[{"href":"https:\/\/a-pant.ee\/ru\/wp-json\/wp\/v2\/media?parent=26051"}],"wp:term":[{"taxonomy":"product_brand","embeddable":true,"href":"https:\/\/a-pant.ee\/ru\/wp-json\/wp\/v2\/product_brand?post=26051"},{"taxonomy":"product_cat","embeddable":true,"href":"https:\/\/a-pant.ee\/ru\/wp-json\/wp\/v2\/product_cat?post=26051"},{"taxonomy":"product_tag","embeddable":true,"href":"https:\/\/a-pant.ee\/ru\/wp-json\/wp\/v2\/product_tag?post=26051"}],"curies":[{"name":"wp","href":"https:\/\/api.w.org\/{rel}","templated":true}]}}