{"id":26045,"date":"2026-02-04T02:35:26","date_gmt":"2026-02-03T23:35:26","guid":{"rendered":"https:\/\/a-pant.ee\/product\/nastolnaya-pila-jasper-j1x-kz-190\/"},"modified":"2026-02-22T12:35:31","modified_gmt":"2026-02-22T09:35:31","slug":"nastolnaya-pila-jasper-j1x-kz-190","status":"publish","type":"product","link":"https:\/\/a-pant.ee\/ru\/product\/nastolnaya-pila-jasper-j1x-kz-190\/","title":{"rendered":"\u041d\u0430\u0441\u0442\u043e\u043b\u044c\u043d\u0430\u044f \u043f\u0438\u043b\u0430 Jasper J1X-KZ-190"},"content":{"rendered":"\n<p> Lauasaag Jasper J1X-KZ-190\u00a0, heas seisu- ja t\u00f6\u00f6korras! <\/p><p> KIRJELDUS <\/p><p> V\u00e4rv Kollane\/Must <\/p><p> Kaubam\u00e4rk Jasper <\/p><p> K\u00f5rgus (mm) 595 <\/p><p> Pikkus (mm) 735 <\/p><p> V\u00f5imsus (W) 850 <\/p><p> Laius (mm) 593 <\/p><p> Saelehe keskpunkti l\u00e4bim\u00f5\u00f5t (mm) 30 <\/p><p> Saelehe l\u00e4bim\u00f5\u00f5t (mm) 190 <\/p><p> Mudel J1X-KZ-190 <\/p><p> Seadme kaal (kg) 5,5 <\/p><p> P\u00f6\u00f6rlemiskiirus t\u00fchik\u00e4igul (p\u00f6\u00f6ret\/min) 5000 <\/p><p> Saagimiss\u00fcgavus 45-kraadise nurga all (mm) 25 <\/p><p> Saagimiss\u00fcgavus 90-kraadise nurga all (mm) 45 <\/p><p> Saagimisnurk (kraadi) 45-0-45 <\/p>\n","protected":false},"excerpt":{"rendered":"<p>Lauasaag Jasper J1X-KZ-190\u00a0, heas seisu- ja t\u00f6\u00f6korras! KIRJELDUS V\u00e4rv Kollane\/Must Kaubam\u00e4rk Jasper K\u00f5rgus (mm) 595 Pikkus (mm) 735 V\u00f5imsus (W) 850 Laius (mm) 593 Saelehe keskpunkti l\u00e4bim\u00f5\u00f5t (mm) 30 Saelehe l\u00e4bim\u00f5\u00f5t (mm) 190 Mudel J1X-KZ-190 Seadme kaal (kg) 5,5 P\u00f6\u00f6rlemiskiirus t\u00fchik\u00e4igul (p\u00f6\u00f6ret\/min) 5000 Saagimiss\u00fcgavus 45-kraadise nurga all (mm) 25 Saagimiss\u00fcgavus 90-kraadise nurga all (mm) 45 [&hellip;]<\/p>\n","protected":false},"featured_media":26046,"comment_status":"closed","ping_status":"open","template":"","meta":{"inline_featured_image":false},"product_brand":[],"product_cat":[230],"product_tag":[],"class_list":{"0":"post-26045","1":"product","2":"type-product","3":"status-publish","4":"has-post-thumbnail","6":"product_cat-czirkulyarnye-pily","7":"pa_asukoht-lasnamae","8":"pa_seisukord-ispolzovano","10":"first","11":"instock","12":"taxable","13":"shipping-taxable","14":"purchasable","15":"product-type-simple"},"_links":{"self":[{"href":"https:\/\/a-pant.ee\/ru\/wp-json\/wp\/v2\/product\/26045","targetHints":{"allow":["GET"]}}],"collection":[{"href":"https:\/\/a-pant.ee\/ru\/wp-json\/wp\/v2\/product"}],"about":[{"href":"https:\/\/a-pant.ee\/ru\/wp-json\/wp\/v2\/types\/product"}],"replies":[{"embeddable":true,"href":"https:\/\/a-pant.ee\/ru\/wp-json\/wp\/v2\/comments?post=26045"}],"wp:featuredmedia":[{"embeddable":true,"href":"https:\/\/a-pant.ee\/ru\/wp-json\/wp\/v2\/media\/26046"}],"wp:attachment":[{"href":"https:\/\/a-pant.ee\/ru\/wp-json\/wp\/v2\/media?parent=26045"}],"wp:term":[{"taxonomy":"product_brand","embeddable":true,"href":"https:\/\/a-pant.ee\/ru\/wp-json\/wp\/v2\/product_brand?post=26045"},{"taxonomy":"product_cat","embeddable":true,"href":"https:\/\/a-pant.ee\/ru\/wp-json\/wp\/v2\/product_cat?post=26045"},{"taxonomy":"product_tag","embeddable":true,"href":"https:\/\/a-pant.ee\/ru\/wp-json\/wp\/v2\/product_tag?post=26045"}],"curies":[{"name":"wp","href":"https:\/\/api.w.org\/{rel}","templated":true}]}}