{"id":26039,"date":"2026-02-04T02:35:26","date_gmt":"2026-02-03T23:35:26","guid":{"rendered":"https:\/\/a-pant.ee\/product\/metallodetektor-nokta-pulsedive-pointer\/"},"modified":"2026-02-22T12:35:31","modified_gmt":"2026-02-22T09:35:31","slug":"metallodetektor-nokta-pulsedive-pointer","status":"publish","type":"product","link":"https:\/\/a-pant.ee\/ru\/product\/metallodetektor-nokta-pulsedive-pointer\/","title":{"rendered":"\u041c\u0435\u0442\u0430\u043b\u043b\u043e\u0434\u0435\u0442\u0435\u043a\u0442\u043e\u0440 Nokta pulsedive pointer"},"content":{"rendered":"\n<p> Metalliotsija Nokta pulsedive pointer, heas seisu- ja t\u00f6\u00f6korras! <\/p><p> KIRJELDUS <\/p><p> T\u00fc\u00fcp: Veealune pinpointer-metallidetektor <\/p><p> Tehnoloogia: Pulse Induction (PI) <\/p><p> T\u00f6\u00f6sagedus: 3 kHz <\/p><p> Veekindlus: Kuni 60 meetrit (IP68) <\/p><p> Pikkus: 28 cm <\/p><p> Kaal: 286 g (koos akuga) <\/p><p> Toide: Sisseehitatud liitium-pol\u00fcmeeraku (500 mAh) <\/p><p> T\u00f6\u00f6aeg: Kuni 10 tundi (s\u00f5ltuvalt kasutustingimustest) <\/p><p> Laadimine: USB laadimine (t\u00e4ielik laadimisaeg umbes 2 tundi) <\/p><p> Indikatsioon: Heliline, vibratsiooni ja valgusindikaator <\/p><p> Tundlikkus: Reguleeritav (3 taset) <\/p><p> T\u00f6\u00f6re\u017eiimid: <\/p><p> Ainult heli <\/p><p> Ainult vibratsioon <\/p><p> Heli ja vibratsioon <\/p><p> Funktsioonid: <\/p><p> LED taskulamp <\/p><p> Sissel\u00fclitamise viivitus (valeandurite v\u00e4ltimiseks) <\/p><p> Funktsioon &#171;Unustatud v\u00e4lja l\u00fclitada&#187; (automaatne v\u00e4ljal\u00fclitus) <\/p>\n","protected":false},"excerpt":{"rendered":"<p>Metalliotsija Nokta pulsedive pointer, heas seisu- ja t\u00f6\u00f6korras! KIRJELDUS T\u00fc\u00fcp: Veealune pinpointer-metallidetektor Tehnoloogia: Pulse Induction (PI) T\u00f6\u00f6sagedus: 3 kHz Veekindlus: Kuni 60 meetrit (IP68) Pikkus: 28 cm Kaal: 286 g (koos akuga) Toide: Sisseehitatud liitium-pol\u00fcmeeraku (500 mAh) T\u00f6\u00f6aeg: Kuni 10 tundi (s\u00f5ltuvalt kasutustingimustest) Laadimine: USB laadimine (t\u00e4ielik laadimisaeg umbes 2 tundi) Indikatsioon: Heliline, vibratsiooni ja [&hellip;]<\/p>\n","protected":false},"featured_media":26040,"comment_status":"closed","ping_status":"open","template":"","meta":{"inline_featured_image":false},"product_brand":[],"product_cat":[162],"product_tag":[],"class_list":{"0":"post-26039","1":"product","2":"type-product","3":"status-publish","4":"has-post-thumbnail","6":"product_cat-elektronika-drugoe","7":"pa_asukoht-mustamae","8":"pa_seisukord-ispolzovano","10":"first","11":"instock","12":"taxable","13":"shipping-taxable","14":"purchasable","15":"product-type-simple"},"_links":{"self":[{"href":"https:\/\/a-pant.ee\/ru\/wp-json\/wp\/v2\/product\/26039","targetHints":{"allow":["GET"]}}],"collection":[{"href":"https:\/\/a-pant.ee\/ru\/wp-json\/wp\/v2\/product"}],"about":[{"href":"https:\/\/a-pant.ee\/ru\/wp-json\/wp\/v2\/types\/product"}],"replies":[{"embeddable":true,"href":"https:\/\/a-pant.ee\/ru\/wp-json\/wp\/v2\/comments?post=26039"}],"wp:featuredmedia":[{"embeddable":true,"href":"https:\/\/a-pant.ee\/ru\/wp-json\/wp\/v2\/media\/26040"}],"wp:attachment":[{"href":"https:\/\/a-pant.ee\/ru\/wp-json\/wp\/v2\/media?parent=26039"}],"wp:term":[{"taxonomy":"product_brand","embeddable":true,"href":"https:\/\/a-pant.ee\/ru\/wp-json\/wp\/v2\/product_brand?post=26039"},{"taxonomy":"product_cat","embeddable":true,"href":"https:\/\/a-pant.ee\/ru\/wp-json\/wp\/v2\/product_cat?post=26039"},{"taxonomy":"product_tag","embeddable":true,"href":"https:\/\/a-pant.ee\/ru\/wp-json\/wp\/v2\/product_tag?post=26039"}],"curies":[{"name":"wp","href":"https:\/\/api.w.org\/{rel}","templated":true}]}}