{"id":26033,"date":"2026-02-04T02:35:26","date_gmt":"2026-02-03T23:35:26","guid":{"rendered":"https:\/\/a-pant.ee\/product\/noutbuk-fujitsu-lifebook-uh552\/"},"modified":"2026-02-22T12:35:31","modified_gmt":"2026-02-22T09:35:31","slug":"noutbuk-fujitsu-lifebook-uh552","status":"publish","type":"product","link":"https:\/\/a-pant.ee\/ru\/product\/noutbuk-fujitsu-lifebook-uh552\/","title":{"rendered":"\u041d\u043e\u0443\u0442\u0431\u0443\u043a Fujitsu Lifebook UH552"},"content":{"rendered":"\n<p> S\u00fclearvuti Fujitsu Lifebook UH552, <\/p><p> Viigane klaviatuur, t\u00f6\u00f6tab osaline. Veel osad t\u00f6\u00f6tavad h\u00e4sti ! <\/p><p> KIRJELDUS <\/p><p> Protsessor: Intel Core i5-3317U, 1.7 GHz (kuni 2.6 GHz Turbo Boostiga) <\/p><p> Operatiivm\u00e4lu: 4 GB DDR3 <\/p><p> Andmekandja: 128 GB SSD (Intel) <\/p><p> Ekraan: 13,3 tolli, HD, 1366&#215;768 pikslit, peegeldusvastase kattega <\/p><p> Graafika: Intel HD Graphics 4000 <\/p><p> Operatsioonis\u00fcsteem: Windows (versioon s\u00f5ltub tarnest) <\/p><p> Juhtmevabad \u00fchendused: Wi-Fi 802.11 b\/g\/n, Bluetooth 4.0 <\/p><p> Pordid ja pistikud: <\/p><p> 2 x USB 3.0 <\/p><p> 1 x USB 2.0 <\/p><p> HDMI <\/p><p> Ethernet (RJ-45) <\/p><p> Kombineeritud heli\u00fchendus (k\u00f5rvaklapid\/mikrofon) <\/p><p> SD-m\u00e4lukaardi pesa <\/p><p> Kaamera: Sisseehitatud HD veebikaamera <\/p><p> Heli: Sisseehitatud k\u00f5larid ja mikrofon <\/p><p> Aku: 4-elemendiline, kuni 6 tundi t\u00f6\u00f6aega (s\u00f5ltuvalt kasutusest) <\/p><p> M\u00f5\u00f5tmed: 324 x 234 x 18 mm <\/p><p> Kaal: 1,6 kg <\/p><p> Lisafunktsioonid: <\/p><p> Taustvalgustusega klaviatuur <\/p><p> Multisensoorne puuteplaat <\/p><p> Andmekaitse (s\u00f5rmej\u00e4ljesensor, TPM) <\/p>\n","protected":false},"excerpt":{"rendered":"<p>S\u00fclearvuti Fujitsu Lifebook UH552, Viigane klaviatuur, t\u00f6\u00f6tab osaline. Veel osad t\u00f6\u00f6tavad h\u00e4sti ! KIRJELDUS Protsessor: Intel Core i5-3317U, 1.7 GHz (kuni 2.6 GHz Turbo Boostiga) Operatiivm\u00e4lu: 4 GB DDR3 Andmekandja: 128 GB SSD (Intel) Ekraan: 13,3 tolli, HD, 1366&#215;768 pikslit, peegeldusvastase kattega Graafika: Intel HD Graphics 4000 Operatsioonis\u00fcsteem: Windows (versioon s\u00f5ltub tarnest) Juhtmevabad \u00fchendused: Wi-Fi [&hellip;]<\/p>\n","protected":false},"featured_media":26034,"comment_status":"closed","ping_status":"closed","template":"","meta":{"inline_featured_image":false},"product_brand":[],"product_cat":[179],"product_tag":[],"class_list":{"0":"post-26033","1":"product","2":"type-product","3":"status-publish","4":"has-post-thumbnail","6":"product_cat-noutbuki","7":"pa_asukoht-mustamae","8":"pa_seisukord-ispolzovano","10":"first","11":"instock","12":"sale","13":"taxable","14":"shipping-taxable","15":"purchasable","16":"product-type-simple"},"_links":{"self":[{"href":"https:\/\/a-pant.ee\/ru\/wp-json\/wp\/v2\/product\/26033","targetHints":{"allow":["GET"]}}],"collection":[{"href":"https:\/\/a-pant.ee\/ru\/wp-json\/wp\/v2\/product"}],"about":[{"href":"https:\/\/a-pant.ee\/ru\/wp-json\/wp\/v2\/types\/product"}],"replies":[{"embeddable":true,"href":"https:\/\/a-pant.ee\/ru\/wp-json\/wp\/v2\/comments?post=26033"}],"wp:featuredmedia":[{"embeddable":true,"href":"https:\/\/a-pant.ee\/ru\/wp-json\/wp\/v2\/media\/26034"}],"wp:attachment":[{"href":"https:\/\/a-pant.ee\/ru\/wp-json\/wp\/v2\/media?parent=26033"}],"wp:term":[{"taxonomy":"product_brand","embeddable":true,"href":"https:\/\/a-pant.ee\/ru\/wp-json\/wp\/v2\/product_brand?post=26033"},{"taxonomy":"product_cat","embeddable":true,"href":"https:\/\/a-pant.ee\/ru\/wp-json\/wp\/v2\/product_cat?post=26033"},{"taxonomy":"product_tag","embeddable":true,"href":"https:\/\/a-pant.ee\/ru\/wp-json\/wp\/v2\/product_tag?post=26033"}],"curies":[{"name":"wp","href":"https:\/\/api.w.org\/{rel}","templated":true}]}}