{"id":26016,"date":"2026-02-04T02:35:26","date_gmt":"2026-02-03T23:35:26","guid":{"rendered":"https:\/\/a-pant.ee\/product\/scooter-velt-x8-pro-smart\/"},"modified":"2026-02-22T12:35:30","modified_gmt":"2026-02-22T09:35:30","slug":"samokat-velt-x8-pro-smart-scooter-zaryadka","status":"publish","type":"product","link":"https:\/\/a-pant.ee\/ru\/product\/samokat-velt-x8-pro-smart-scooter-zaryadka\/","title":{"rendered":"\u0421\u0430\u043c\u043e\u043a\u0430\u0442 Velt X8 pro Smart Scooter + \u0417\u0430\u0440\u044f\u0434\u043a\u0430"},"content":{"rendered":"\n<p> T\u00f5ukerattas Velt X8 pro Smart Scooter + Laadija\u00a0, heas seisu- ja t\u00f6\u00f6korras! <\/p><p> KIRJELDUS <\/p><p> Seadme t\u00fc\u00fcp: Elektriline t\u00f5ukeratas <\/p><p> Maksimaalne kiirus: kuni 25 km\/h <\/p><p> Maksimaalne kandev\u00f5ime: kuni 120 kg <\/p><p> S\u00f5iduulatus \u00fche laadimisega: kuni 45 km <\/p><p> Mootori v\u00f5imsus: 350 W <\/p><p> Aku t\u00fc\u00fcp: Liitium-ioon aku <\/p><p> Aku mahtuvus: 10.4 Ah <\/p><p> Konstruktsioon: <\/p><p> Raami materjal: Alumiiniumsulam <\/p><p> Rataste suurus: 8.5 tolli (pneumaatilised) <\/p><p> Piduris\u00fcsteem: Kettpidur ja elektrooniline pidur <\/p><p> Lisafunktsioonid: <\/p><p> Esituled: Esi LED tuli ja tagumine gabariidituli <\/p><p> Kokkupandav mehhanism: Jah <\/p><p> Ekraan: LCD-ekraan, mis n\u00e4itab kiirust, aku taset ja s\u00f5idure\u017eiimi <\/p><p> S\u00f5idure\u017eiimid: Eco, standard, sport <\/p><p> M\u00f5\u00f5tmed ja kaal: <\/p><p> M\u00f5\u00f5tmed lahtiselt: 108 x 43 x 114 cm <\/p><p> M\u00f5\u00f5tmed kokkuvoldituna: 108 x 43 x 49 cm <\/p><p> Kaal: 15 kg <\/p><p> Laadimisaeg: <\/p><p> T\u00e4islaadimise aeg: 5-6 tundi <\/p>\n","protected":false},"excerpt":{"rendered":"<p>T\u00f5ukerattas Velt X8 pro Smart Scooter + Laadija\u00a0, heas seisu- ja t\u00f6\u00f6korras! KIRJELDUS Seadme t\u00fc\u00fcp: Elektriline t\u00f5ukeratas Maksimaalne kiirus: kuni 25 km\/h Maksimaalne kandev\u00f5ime: kuni 120 kg S\u00f5iduulatus \u00fche laadimisega: kuni 45 km Mootori v\u00f5imsus: 350 W Aku t\u00fc\u00fcp: Liitium-ioon aku Aku mahtuvus: 10.4 Ah Konstruktsioon: Raami materjal: Alumiiniumsulam Rataste suurus: 8.5 tolli (pneumaatilised) Piduris\u00fcsteem: [&hellip;]<\/p>\n","protected":false},"featured_media":26017,"comment_status":"closed","ping_status":"open","template":"","meta":{"inline_featured_image":false},"product_brand":[],"product_cat":[215],"product_tag":[],"class_list":{"0":"post-26016","1":"product","2":"type-product","3":"status-publish","4":"has-post-thumbnail","6":"product_cat-elektricheskie-samokaty","7":"product_shipping_class-oversize","8":"pa_asukoht-mustamae","9":"pa_seisukord-ispolzovano","11":"first","12":"instock","13":"taxable","14":"shipping-taxable","15":"purchasable","16":"product-type-simple"},"_links":{"self":[{"href":"https:\/\/a-pant.ee\/ru\/wp-json\/wp\/v2\/product\/26016","targetHints":{"allow":["GET"]}}],"collection":[{"href":"https:\/\/a-pant.ee\/ru\/wp-json\/wp\/v2\/product"}],"about":[{"href":"https:\/\/a-pant.ee\/ru\/wp-json\/wp\/v2\/types\/product"}],"replies":[{"embeddable":true,"href":"https:\/\/a-pant.ee\/ru\/wp-json\/wp\/v2\/comments?post=26016"}],"wp:featuredmedia":[{"embeddable":true,"href":"https:\/\/a-pant.ee\/ru\/wp-json\/wp\/v2\/media\/26017"}],"wp:attachment":[{"href":"https:\/\/a-pant.ee\/ru\/wp-json\/wp\/v2\/media?parent=26016"}],"wp:term":[{"taxonomy":"product_brand","embeddable":true,"href":"https:\/\/a-pant.ee\/ru\/wp-json\/wp\/v2\/product_brand?post=26016"},{"taxonomy":"product_cat","embeddable":true,"href":"https:\/\/a-pant.ee\/ru\/wp-json\/wp\/v2\/product_cat?post=26016"},{"taxonomy":"product_tag","embeddable":true,"href":"https:\/\/a-pant.ee\/ru\/wp-json\/wp\/v2\/product_tag?post=26016"}],"curies":[{"name":"wp","href":"https:\/\/api.w.org\/{rel}","templated":true}]}}