{"id":26010,"date":"2026-02-04T02:35:26","date_gmt":"2026-02-03T23:35:26","guid":{"rendered":"https:\/\/a-pant.ee\/product\/akkumulyatornyy-udarnyy-shurupovert-makita-dtd153\/"},"modified":"2026-02-22T12:35:30","modified_gmt":"2026-02-22T09:35:30","slug":"akkumulyatornyj-udarnyj-shurupovert-makita-dtd153-5ah","status":"publish","type":"product","link":"https:\/\/a-pant.ee\/ru\/product\/akkumulyatornyj-udarnyj-shurupovert-makita-dtd153-5ah\/","title":{"rendered":"\u0410\u043a\u043a\u0443\u043c\u0443\u043b\u044f\u0442\u043e\u0440\u043d\u044b\u0439 \u0443\u0434\u0430\u0440\u043d\u044b\u0439 \u0448\u0443\u0440\u0443\u043f\u043e\u0432\u0435\u0440\u0442 Makita DTD153 + 5ah"},"content":{"rendered":"\n<p> Akutrell Makita DTD153 + 5ah\u00a0, heas seisu- ja t\u00f6\u00f6korras! <\/p><p> KIRJELDUS <\/p><p><br \/> \u00dcldised omadused <br \/> Br\u00e4nd <br \/> Makita <br \/> T\u00f6\u00f6riista t\u00fc\u00fcp <br \/> l\u00f6\u00f6kkruvikeeraja <br \/> Padruni t\u00fc\u00fcp <br \/> l\u00f6\u00f6kide all <br \/> T\u00f6\u00f6kiiruste arv <br \/> 1 <br \/> Toitumine <br \/> akust <br \/> Padruni l\u00e4bim\u00f5\u00f5t <br \/> 6,35 mm <br \/> Max l\u00f6\u00f6kide arv minutis <br \/> 3600 l\u00f6\u00f6ki\/min <br \/> Max t\u00fchik\u00e4igu kiirus <br \/> 3400 p\u00f6\u00f6ret minutis <br \/> Maksimaalne p\u00f6\u00f6rdemoment <br \/> 170 Nm <br \/> Max puuri l\u00e4bim\u00f5\u00f5t (puit) <br \/> 36 mm <br \/> Max kruvi l\u00e4bim\u00f5\u00f5t <br \/> 16 mm <br \/> Omadused ja funktsioonid <br \/> Funktsioonid <br \/> \u00fclekoormuskaitse, tagasik\u00e4ik, kiiruse reguleerimine, mootoripidur, impulssre\u017eiim, taustvalgustus, puurimine, haamerpuurimine <br \/> T\u00e4iendavad t\u00f6\u00f6re\u017eiimid <br \/> puurimine, haamerpuurimine, kruvimine, haamerkruvimine <br \/> Pulssre\u017eiim <br \/> Seal on <br \/> Disaini omadused <br \/> Kohtvalgusti, kummeeritud k\u00e4epide, tolmumahuti, spindlilukk, harjadeta, kummikattega k\u00e4epidemed, mootoripidur <\/p>\n","protected":false},"excerpt":{"rendered":"<p>Akutrell Makita DTD153 + 5ah\u00a0, heas seisu- ja t\u00f6\u00f6korras! KIRJELDUS \u00dcldised omadused Br\u00e4nd Makita T\u00f6\u00f6riista t\u00fc\u00fcp l\u00f6\u00f6kkruvikeeraja Padruni t\u00fc\u00fcp l\u00f6\u00f6kide all T\u00f6\u00f6kiiruste arv 1 Toitumine akust Padruni l\u00e4bim\u00f5\u00f5t 6,35 mm Max l\u00f6\u00f6kide arv minutis 3600 l\u00f6\u00f6ki\/min Max t\u00fchik\u00e4igu kiirus 3400 p\u00f6\u00f6ret minutis Maksimaalne p\u00f6\u00f6rdemoment 170 Nm Max puuri l\u00e4bim\u00f5\u00f5t (puit) 36 mm Max kruvi l\u00e4bim\u00f5\u00f5t [&hellip;]<\/p>\n","protected":false},"featured_media":26011,"comment_status":"closed","ping_status":"closed","template":"","meta":{"inline_featured_image":false},"product_brand":[],"product_cat":[221],"product_tag":[],"class_list":{"0":"post-26010","1":"product","2":"type-product","3":"status-publish","4":"has-post-thumbnail","6":"product_cat-akkumulyatornye-dreli","7":"pa_asukoht-mustamae","8":"pa_seisukord-ispolzovano","10":"first","11":"outofstock","12":"taxable","13":"shipping-taxable","14":"purchasable","15":"product-type-simple"},"_links":{"self":[{"href":"https:\/\/a-pant.ee\/ru\/wp-json\/wp\/v2\/product\/26010","targetHints":{"allow":["GET"]}}],"collection":[{"href":"https:\/\/a-pant.ee\/ru\/wp-json\/wp\/v2\/product"}],"about":[{"href":"https:\/\/a-pant.ee\/ru\/wp-json\/wp\/v2\/types\/product"}],"replies":[{"embeddable":true,"href":"https:\/\/a-pant.ee\/ru\/wp-json\/wp\/v2\/comments?post=26010"}],"wp:featuredmedia":[{"embeddable":true,"href":"https:\/\/a-pant.ee\/ru\/wp-json\/wp\/v2\/media\/26011"}],"wp:attachment":[{"href":"https:\/\/a-pant.ee\/ru\/wp-json\/wp\/v2\/media?parent=26010"}],"wp:term":[{"taxonomy":"product_brand","embeddable":true,"href":"https:\/\/a-pant.ee\/ru\/wp-json\/wp\/v2\/product_brand?post=26010"},{"taxonomy":"product_cat","embeddable":true,"href":"https:\/\/a-pant.ee\/ru\/wp-json\/wp\/v2\/product_cat?post=26010"},{"taxonomy":"product_tag","embeddable":true,"href":"https:\/\/a-pant.ee\/ru\/wp-json\/wp\/v2\/product_tag?post=26010"}],"curies":[{"name":"wp","href":"https:\/\/api.w.org\/{rel}","templated":true}]}}