{"id":26005,"date":"2026-02-04T02:35:26","date_gmt":"2026-02-03T23:35:26","guid":{"rendered":"https:\/\/a-pant.ee\/product\/front-alnye-kolonki-razer-nommo-v1\/"},"modified":"2026-02-22T12:35:30","modified_gmt":"2026-02-22T09:35:30","slug":"frontalnye-kolonki-razer-nommo-v1","status":"publish","type":"product","link":"https:\/\/a-pant.ee\/ru\/product\/frontalnye-kolonki-razer-nommo-v1\/","title":{"rendered":"\u0424\u0440\u043e\u043d\u0442\u0430\u043b\u044c\u043d\u044b\u0435 \u043a\u043e\u043b\u043e\u043d\u043a\u0438 Razer Nommo V1"},"content":{"rendered":"\n<p> Arvuti k\u00f5larid 2.0 Razer Nommo V1\u00a0, heas seisu- ja t\u00f6\u00f6korras! <\/p><p> KIRJELDUS <\/p><p> Peamised seaded <br \/> Br\u00e4nd <br \/> Razer <br \/> Toote v\u00e4rv <br \/> must <br \/> Kogus kaasas <br \/> 2 veergu <br \/> Paigaldusmeetodi t\u00fc\u00fcp <br \/> p\u00f5rand, riiul <br \/> K\u00f5lari t\u00fc\u00fcp <br \/> eesmised k\u00f5larid <br \/> Eesm\u00e4rk <br \/> arvuti <br \/> Ehitust\u00fc\u00fcp <br \/> aktiivne <br \/> Akustiline disain <br \/> avatud t\u00fc\u00fcp <br \/> Ruumiline helis\u00fcsteem <br \/> DTS-HD, Dolby Pro Logic <br \/> Omadused <br \/> Eesmiste k\u00f5lariribade arv <br \/> 1 <br \/> Komplekti nimiv\u00f5imsus <br \/> 7 W <br \/> Minimaalne sagedus <br \/> 50 Hz <br \/> Maksimaalne sagedus <br \/> 20000 Hz <br \/> Kaasas esik\u00f5lari toide <br \/> 2 W <br \/> \u00dchendus <br \/> \u00dchendused ja liidesed <br \/> k\u00f5rvaklappide v\u00e4ljund <br \/> M\u00e4ngija kaasas <br \/> taasesitus m\u00e4lukaardilt <\/p>\n","protected":false},"excerpt":{"rendered":"<p>Arvuti k\u00f5larid 2.0 Razer Nommo V1\u00a0, heas seisu- ja t\u00f6\u00f6korras! KIRJELDUS Peamised seaded Br\u00e4nd Razer Toote v\u00e4rv must Kogus kaasas 2 veergu Paigaldusmeetodi t\u00fc\u00fcp p\u00f5rand, riiul K\u00f5lari t\u00fc\u00fcp eesmised k\u00f5larid Eesm\u00e4rk arvuti Ehitust\u00fc\u00fcp aktiivne Akustiline disain avatud t\u00fc\u00fcp Ruumiline helis\u00fcsteem DTS-HD, Dolby Pro Logic Omadused Eesmiste k\u00f5lariribade arv 1 Komplekti nimiv\u00f5imsus 7 W Minimaalne sagedus [&hellip;]<\/p>\n","protected":false},"featured_media":26006,"comment_status":"closed","ping_status":"open","template":"","meta":{"inline_featured_image":false},"product_brand":[],"product_cat":[167],"product_tag":[],"class_list":{"0":"post-26005","1":"product","2":"type-product","3":"status-publish","4":"has-post-thumbnail","6":"product_cat-kolonki","7":"pa_asukoht-mustamae","8":"pa_seisukord-ispolzovano","10":"first","11":"instock","12":"taxable","13":"shipping-taxable","14":"purchasable","15":"product-type-simple"},"_links":{"self":[{"href":"https:\/\/a-pant.ee\/ru\/wp-json\/wp\/v2\/product\/26005","targetHints":{"allow":["GET"]}}],"collection":[{"href":"https:\/\/a-pant.ee\/ru\/wp-json\/wp\/v2\/product"}],"about":[{"href":"https:\/\/a-pant.ee\/ru\/wp-json\/wp\/v2\/types\/product"}],"replies":[{"embeddable":true,"href":"https:\/\/a-pant.ee\/ru\/wp-json\/wp\/v2\/comments?post=26005"}],"wp:featuredmedia":[{"embeddable":true,"href":"https:\/\/a-pant.ee\/ru\/wp-json\/wp\/v2\/media\/26006"}],"wp:attachment":[{"href":"https:\/\/a-pant.ee\/ru\/wp-json\/wp\/v2\/media?parent=26005"}],"wp:term":[{"taxonomy":"product_brand","embeddable":true,"href":"https:\/\/a-pant.ee\/ru\/wp-json\/wp\/v2\/product_brand?post=26005"},{"taxonomy":"product_cat","embeddable":true,"href":"https:\/\/a-pant.ee\/ru\/wp-json\/wp\/v2\/product_cat?post=26005"},{"taxonomy":"product_tag","embeddable":true,"href":"https:\/\/a-pant.ee\/ru\/wp-json\/wp\/v2\/product_tag?post=26005"}],"curies":[{"name":"wp","href":"https:\/\/api.w.org\/{rel}","templated":true}]}}