{"id":25998,"date":"2026-02-04T02:35:26","date_gmt":"2026-02-03T23:35:26","guid":{"rendered":"https:\/\/a-pant.ee\/product\/telefon-redmi-note-12-4g-4-2-1258gb\/"},"modified":"2026-02-22T12:35:30","modified_gmt":"2026-02-22T09:35:30","slug":"telefon-redmi-note-12-4g-4-2-1258gb","status":"publish","type":"product","link":"https:\/\/a-pant.ee\/ru\/product\/telefon-redmi-note-12-4g-4-2-1258gb\/","title":{"rendered":"\u0422\u0435\u043b\u0435\u0444\u043e\u043d Redmi Note 12 4G 4+2\/1258gb"},"content":{"rendered":"\n<p> Telefon Redmi Note 12 4G 4+2\/1258gb\u00a0, heas seisu- ja t\u00f6\u00f6korras! <\/p><p> KIRJELDUS <\/p><p> \u00dcldised omadused <br \/> Br\u00e4nd <br \/> Xiaomi <br \/> Toote v\u00e4rv <br \/> Ice Blue, Onyx Grey, Sunrise Gold, piparm\u00fcndiroheline <br \/> OS-i versioon m\u00fc\u00fcgi alguses <br \/> Android 13 <br \/> Kesta t\u00fc\u00fcp <br \/> klassikaline <br \/> Korpuse materjal <br \/> plastist <br \/> Kaitseaste <br \/> IP52, IP53, IP54 <br \/> Kaal <br \/> 186 g <br \/> M\u00f5\u00f5dud (LxKxS) <br \/> 76,2&#215;165,9&#215;7,8 mm <br \/> Ekraan <br \/> Ekraan <br \/> 6,67 tolli (2400 x 1080), 2K QHD, AMOLED <br \/> Ekraani funktsioonid <br \/> D\u00fcnaamiline saar, s\u00e4lkekraan, kumer ekraan\/juga, puuteekraan, kriimustuskindel klaas, v\u00e4rviline ekraan <br \/> Piksleid tolli kohta (PPI) <br \/> 395 <br \/> Ekraani v\u00e4rskendussagedus <br \/> 120 Hz <br \/> Multimeedia v\u00f5imalused <br \/> Kaamera funktsioonid <br \/> autofookus, v\u00e4lguta, optiline stabilisaator, p\u00f5hikaamera, tagav\u00e4lk, eesmine v\u00e4lklamp, esikaamera <br \/> P\u00f5hikaamerate (tagumine) arv <br \/> 3 <br \/> P\u00f5hikaamera eraldusv\u00f5ime <br \/> 50 MP <br \/> Kaamera peamised tehnilised andmed <br \/> f\/1,8 <br \/> P\u00f5hikaamera 2 tehnilised andmed <br \/> \u00fclilainurk, 8 MP, f\/2.2 <br \/> P\u00f5hikaamera 3 tehnilised andmed <br \/> makro, 2 MP, f\/2.4 <br \/> Max video eraldusv\u00f5ime <br \/> 1920&#215;1080 <br \/> Videosalvestus (p\u00f5hikaamera) <br \/> Pildiefektid <br \/> Esikaamera eraldusv\u00f5ime <br \/> 13 MP <br \/> K\u00f5rvaklappide v\u00e4ljund <br \/> minipesa 3,5 mm <br \/> \u00dchendus <br \/> Suhtlusstandard <br \/> 2G, 3G, 4G LTE, 5G <br \/> Wi-Fi standard <br \/> 802.11ac <br \/> Bluetoothi \u200b\u200bstandard <br \/> 5.0 <br \/> Geopositsioneerimine <br \/> A-GPS, BeiDou, GPS, Galileo, NavIC, QZSS, WPS, iBeacon, GLONASS <br \/> M\u00e4lu ja protsessor <br \/> Sisseehitatud m\u00e4lu <br \/> 128 GB, <br \/> RAM <br \/> 8 GB <br \/> M\u00e4lukaardi pesa <br \/> Seal on <br \/> Toitumine <br \/> Aku mahutavus <br \/> 5000 mAh <br \/> Video taasesituse aeg <br \/> kell 21 <br \/> Ooteaeg <br \/> 31 tundi <br \/> Laadimisaeg <br \/> 1:11 <br \/> Laadimispistiku t\u00fc\u00fcp <br \/> USB-C <br \/> Laadimisfunktsioonid <br \/> kiire laadimine <br \/> Kiire laadimise t\u00fc\u00fcp <br \/> Mi Turbo laadimine <br \/> Aku <br \/> mitte eemaldatav <\/p>\n","protected":false},"excerpt":{"rendered":"<p>Telefon Redmi Note 12 4G 4+2\/1258gb\u00a0, heas seisu- ja t\u00f6\u00f6korras! KIRJELDUS \u00dcldised omadused Br\u00e4nd Xiaomi Toote v\u00e4rv Ice Blue, Onyx Grey, Sunrise Gold, piparm\u00fcndiroheline OS-i versioon m\u00fc\u00fcgi alguses Android 13 Kesta t\u00fc\u00fcp klassikaline Korpuse materjal plastist Kaitseaste IP52, IP53, IP54 Kaal 186 g M\u00f5\u00f5dud (LxKxS) 76,2&#215;165,9&#215;7,8 mm Ekraan Ekraan 6,67 tolli (2400 x 1080), 2K [&hellip;]<\/p>\n","protected":false},"featured_media":25999,"comment_status":"closed","ping_status":"closed","template":"","meta":{"inline_featured_image":false},"product_brand":[],"product_cat":[171],"product_tag":[],"class_list":{"0":"post-25998","1":"product","2":"type-product","3":"status-publish","4":"has-post-thumbnail","6":"product_cat-mobilnye-telefony","7":"pa_asukoht-mustamae","8":"pa_seisukord-ispolzovano","10":"first","11":"outofstock","12":"taxable","13":"shipping-taxable","14":"purchasable","15":"product-type-simple"},"_links":{"self":[{"href":"https:\/\/a-pant.ee\/ru\/wp-json\/wp\/v2\/product\/25998","targetHints":{"allow":["GET"]}}],"collection":[{"href":"https:\/\/a-pant.ee\/ru\/wp-json\/wp\/v2\/product"}],"about":[{"href":"https:\/\/a-pant.ee\/ru\/wp-json\/wp\/v2\/types\/product"}],"replies":[{"embeddable":true,"href":"https:\/\/a-pant.ee\/ru\/wp-json\/wp\/v2\/comments?post=25998"}],"wp:featuredmedia":[{"embeddable":true,"href":"https:\/\/a-pant.ee\/ru\/wp-json\/wp\/v2\/media\/25999"}],"wp:attachment":[{"href":"https:\/\/a-pant.ee\/ru\/wp-json\/wp\/v2\/media?parent=25998"}],"wp:term":[{"taxonomy":"product_brand","embeddable":true,"href":"https:\/\/a-pant.ee\/ru\/wp-json\/wp\/v2\/product_brand?post=25998"},{"taxonomy":"product_cat","embeddable":true,"href":"https:\/\/a-pant.ee\/ru\/wp-json\/wp\/v2\/product_cat?post=25998"},{"taxonomy":"product_tag","embeddable":true,"href":"https:\/\/a-pant.ee\/ru\/wp-json\/wp\/v2\/product_tag?post=25998"}],"curies":[{"name":"wp","href":"https:\/\/api.w.org\/{rel}","templated":true}]}}