{"id":25991,"date":"2026-02-04T02:29:32","date_gmt":"2026-02-03T23:29:32","guid":{"rendered":"https:\/\/a-pant.ee\/product\/drel-akkumulyatornaya-dewalt-dcd-796\/"},"modified":"2026-02-22T12:35:35","modified_gmt":"2026-02-22T09:35:35","slug":"drel-akkumulyatornaya-dewalt-dcd-796-2tk-5ah-zaryadka","status":"publish","type":"product","link":"https:\/\/a-pant.ee\/ru\/product\/drel-akkumulyatornaya-dewalt-dcd-796-2tk-5ah-zaryadka\/","title":{"rendered":"\u0414\u0440\u0435\u043b\u044c \u0430\u043a\u043a\u0443\u043c\u0443\u043b\u044f\u0442\u043e\u0440\u043d\u0430\u044f DEWALT DCD 796 + 2\u0442\u043a 5\u0430\u0445 + \u0437\u0430\u0440\u044f\u0434\u043a\u0430"},"content":{"rendered":"\n<p> Aku-trell DEWALT DCD 796 + 2tk 5ah + laadija + kohver\u00a0, heas seisu- ja t\u00f6\u00f6korras! <\/p><p> KIRJELDUS <\/p><p> \u00dcldised omadused <br \/> Br\u00e4nd <br \/> DEWALT <br \/> T\u00f6\u00f6riista t\u00fc\u00fcp <br \/> kruvikeeraja <br \/> Padruni t\u00fc\u00fcp <br \/> kiirvabastus <br \/> Toitumine <br \/> akust <br \/> Padruni l\u00e4bim\u00f5\u00f5t <br \/> 13 mm <br \/> Omadused ja funktsioonid <br \/> Disaini omadused <br \/> Korpus kaasas <br \/> Aku <br \/> Aku pinge <br \/> 18 V <br \/> Omadused ja m\u00f5\u00f5tmed <br \/> Toote v\u00e4rv <br \/> must <\/p>\n","protected":false},"excerpt":{"rendered":"<p>Aku-trell DEWALT DCD 796 + 2tk 5ah + laadija + kohver\u00a0, heas seisu- ja t\u00f6\u00f6korras! KIRJELDUS \u00dcldised omadused Br\u00e4nd DEWALT T\u00f6\u00f6riista t\u00fc\u00fcp kruvikeeraja Padruni t\u00fc\u00fcp kiirvabastus Toitumine akust Padruni l\u00e4bim\u00f5\u00f5t 13 mm Omadused ja funktsioonid Disaini omadused Korpus kaasas Aku Aku pinge 18 V Omadused ja m\u00f5\u00f5tmed Toote v\u00e4rv must<\/p>\n","protected":false},"featured_media":25992,"comment_status":"closed","ping_status":"open","template":"","meta":{"inline_featured_image":false},"product_brand":[],"product_cat":[221],"product_tag":[],"class_list":{"0":"post-25991","1":"product","2":"type-product","3":"status-publish","4":"has-post-thumbnail","6":"product_cat-akkumulyatornye-dreli","7":"pa_asukoht-mustamae","8":"pa_seisukord-ispolzovano","10":"first","11":"instock","12":"taxable","13":"shipping-taxable","14":"purchasable","15":"product-type-simple"},"_links":{"self":[{"href":"https:\/\/a-pant.ee\/ru\/wp-json\/wp\/v2\/product\/25991","targetHints":{"allow":["GET"]}}],"collection":[{"href":"https:\/\/a-pant.ee\/ru\/wp-json\/wp\/v2\/product"}],"about":[{"href":"https:\/\/a-pant.ee\/ru\/wp-json\/wp\/v2\/types\/product"}],"replies":[{"embeddable":true,"href":"https:\/\/a-pant.ee\/ru\/wp-json\/wp\/v2\/comments?post=25991"}],"wp:featuredmedia":[{"embeddable":true,"href":"https:\/\/a-pant.ee\/ru\/wp-json\/wp\/v2\/media\/25992"}],"wp:attachment":[{"href":"https:\/\/a-pant.ee\/ru\/wp-json\/wp\/v2\/media?parent=25991"}],"wp:term":[{"taxonomy":"product_brand","embeddable":true,"href":"https:\/\/a-pant.ee\/ru\/wp-json\/wp\/v2\/product_brand?post=25991"},{"taxonomy":"product_cat","embeddable":true,"href":"https:\/\/a-pant.ee\/ru\/wp-json\/wp\/v2\/product_cat?post=25991"},{"taxonomy":"product_tag","embeddable":true,"href":"https:\/\/a-pant.ee\/ru\/wp-json\/wp\/v2\/product_tag?post=25991"}],"curies":[{"name":"wp","href":"https:\/\/api.w.org\/{rel}","templated":true}]}}