{"id":25982,"date":"2026-02-04T02:29:32","date_gmt":"2026-02-03T23:29:32","guid":{"rendered":"https:\/\/a-pant.ee\/product\/igrovaya-pristavka-xbox-one-s-1tb\/"},"modified":"2026-02-22T12:35:35","modified_gmt":"2026-02-22T09:35:35","slug":"igrovaya-konsol-xbox-one-s-1tb-dzhojstik-kabelya","status":"publish","type":"product","link":"https:\/\/a-pant.ee\/ru\/product\/igrovaya-konsol-xbox-one-s-1tb-dzhojstik-kabelya\/","title":{"rendered":"\u0418\u0433\u0440\u043e\u0432\u0430\u044f \u043a\u043e\u043d\u0441\u043e\u043b\u044c Xbox One S 1TB + \u0434\u0436\u043e\u0439\u0441\u0442\u0438\u043a + \u043a\u0430\u0431\u0435\u043b\u044f"},"content":{"rendered":"\n<p> M\u00e4ngukonsool Xbox One S 1TB + Pult + Juhe, heas seisu- ja t\u00f6\u00f6korras! <\/p><p> KIRJELDUS <\/p><p> Sisseehitatud m\u00e4lumaht <br \/> 1000 GB <br \/> Digiboksi t\u00fc\u00fcp <br \/> Statsionaarne <br \/> Maksimaalne eraldusv\u00f5ime <br \/> 4K UHD <br \/> Protsessori t\u00fc\u00fcp <br \/> AMD 8-tuumaline <br \/> CPU sagedus <br \/> 1750 MHz <br \/> S\u00fcsteemi j\u00f5udlus ujukomaarvutustes <br \/> 1,4 teraflop <br \/> RAM-i maht <br \/> 8192 MB <br \/> RAM t\u00fc\u00fcp <br \/> DDR3 <br \/> GPU <br \/> Integreeritud AMD Radeon GPU <br \/> Videom\u00e4lu kella kiirus <br \/> 914 MHz <br \/> Sisseehitatud m\u00e4lu t\u00fc\u00fcp <br \/> HDD <br \/> V\u00e4lise meedia tugi <br \/> BD (Blu-ray plaat), CD, DVD <br \/> M\u00e4ngu meedia t\u00fc\u00fcp <br \/> BD (Blu-ray plaat) <br \/> Juhtmeta \u00fchendus <br \/> Bluetooth, Wi-Fi <br \/> Wi-Fi standard <br \/> 802.11ac <br \/> Wi-Fi sagedusvahemik <br \/> 2,4 GHz, 5 GHz <br \/> Liidesed <br \/> HDMI v\u00e4ljund, optiline heliv\u00e4ljund <br \/> HDMI versioon <br \/> 2.0 <\/p>\n","protected":false},"excerpt":{"rendered":"<p>M\u00e4ngukonsool Xbox One S 1TB + Pult + Juhe, heas seisu- ja t\u00f6\u00f6korras! KIRJELDUS Sisseehitatud m\u00e4lumaht 1000 GB Digiboksi t\u00fc\u00fcp Statsionaarne Maksimaalne eraldusv\u00f5ime 4K UHD Protsessori t\u00fc\u00fcp AMD 8-tuumaline CPU sagedus 1750 MHz S\u00fcsteemi j\u00f5udlus ujukomaarvutustes 1,4 teraflop RAM-i maht 8192 MB RAM t\u00fc\u00fcp DDR3 GPU Integreeritud AMD Radeon GPU Videom\u00e4lu kella kiirus 914 MHz [&hellip;]<\/p>\n","protected":false},"featured_media":25983,"comment_status":"closed","ping_status":"open","template":"","meta":{"inline_featured_image":false},"product_brand":[],"product_cat":[174],"product_tag":[],"class_list":{"0":"post-25982","1":"product","2":"type-product","3":"status-publish","4":"has-post-thumbnail","6":"product_cat-igrovye-konsoli","7":"pa_asukoht-mustamae","8":"pa_seisukord-ispolzovano","10":"first","11":"instock","12":"taxable","13":"shipping-taxable","14":"purchasable","15":"product-type-simple"},"_links":{"self":[{"href":"https:\/\/a-pant.ee\/ru\/wp-json\/wp\/v2\/product\/25982","targetHints":{"allow":["GET"]}}],"collection":[{"href":"https:\/\/a-pant.ee\/ru\/wp-json\/wp\/v2\/product"}],"about":[{"href":"https:\/\/a-pant.ee\/ru\/wp-json\/wp\/v2\/types\/product"}],"replies":[{"embeddable":true,"href":"https:\/\/a-pant.ee\/ru\/wp-json\/wp\/v2\/comments?post=25982"}],"wp:featuredmedia":[{"embeddable":true,"href":"https:\/\/a-pant.ee\/ru\/wp-json\/wp\/v2\/media\/25983"}],"wp:attachment":[{"href":"https:\/\/a-pant.ee\/ru\/wp-json\/wp\/v2\/media?parent=25982"}],"wp:term":[{"taxonomy":"product_brand","embeddable":true,"href":"https:\/\/a-pant.ee\/ru\/wp-json\/wp\/v2\/product_brand?post=25982"},{"taxonomy":"product_cat","embeddable":true,"href":"https:\/\/a-pant.ee\/ru\/wp-json\/wp\/v2\/product_cat?post=25982"},{"taxonomy":"product_tag","embeddable":true,"href":"https:\/\/a-pant.ee\/ru\/wp-json\/wp\/v2\/product_tag?post=25982"}],"curies":[{"name":"wp","href":"https:\/\/api.w.org\/{rel}","templated":true}]}}