{"id":25962,"date":"2026-02-04T02:29:32","date_gmt":"2026-02-03T23:29:32","guid":{"rendered":"https:\/\/a-pant.ee\/product\/bolgarka-metabo-w850-125\/"},"modified":"2026-02-22T12:35:35","modified_gmt":"2026-02-22T09:35:35","slug":"bolgarka-metabo-w850-125","status":"publish","type":"product","link":"https:\/\/a-pant.ee\/ru\/product\/bolgarka-metabo-w850-125\/","title":{"rendered":"\u0411\u043e\u043b\u0433\u0430\u0440\u043a\u0430 Metabo w850-125"},"content":{"rendered":"\n<p> M\u00fc\u00fcakse\u00a0Relakas Metabo w850-125,\u00a0heas seisu- ja t\u00f6\u00f6korras! <\/p><p> KIRJELDUS <\/p><p> V\u00f5imsus: 850 W <\/p><p> V\u00e4ljundv\u00f5imsus: 520 W <\/p><p> T\u00fchik\u00e4igu p\u00f6\u00f6rlemiskiirus: 11 500 p\/min <\/p><p> Ketta l\u00e4bim\u00f5\u00f5t: 125 mm <\/p><p> Kinnitusava l\u00e4bim\u00f5\u00f5t: 22,23 mm <\/p><p> Spindli keere: M14 <\/p><p> Funktsioonid ja omadused: <\/p><p> \u00dclekoormuskaitse: jah <\/p><p> Taask\u00e4ivituse kaitse: jah <\/p><p> Spindli lukustus ketta vahetamiseks <\/p>\n","protected":false},"excerpt":{"rendered":"<p>M\u00fc\u00fcakse\u00a0Relakas Metabo w850-125,\u00a0heas seisu- ja t\u00f6\u00f6korras! KIRJELDUS V\u00f5imsus: 850 W V\u00e4ljundv\u00f5imsus: 520 W T\u00fchik\u00e4igu p\u00f6\u00f6rlemiskiirus: 11 500 p\/min Ketta l\u00e4bim\u00f5\u00f5t: 125 mm Kinnitusava l\u00e4bim\u00f5\u00f5t: 22,23 mm Spindli keere: M14 Funktsioonid ja omadused: \u00dclekoormuskaitse: jah Taask\u00e4ivituse kaitse: jah Spindli lukustus ketta vahetamiseks<\/p>\n","protected":false},"featured_media":25963,"comment_status":"closed","ping_status":"open","template":"","meta":{"inline_featured_image":false},"product_brand":[],"product_cat":[235],"product_tag":[],"class_list":{"0":"post-25962","1":"product","2":"type-product","3":"status-publish","4":"has-post-thumbnail","6":"product_cat-bolgarki","7":"pa_asukoht-mustamae","8":"pa_seisukord-ispolzovano","10":"first","11":"instock","12":"taxable","13":"shipping-taxable","14":"purchasable","15":"product-type-simple"},"_links":{"self":[{"href":"https:\/\/a-pant.ee\/ru\/wp-json\/wp\/v2\/product\/25962","targetHints":{"allow":["GET"]}}],"collection":[{"href":"https:\/\/a-pant.ee\/ru\/wp-json\/wp\/v2\/product"}],"about":[{"href":"https:\/\/a-pant.ee\/ru\/wp-json\/wp\/v2\/types\/product"}],"replies":[{"embeddable":true,"href":"https:\/\/a-pant.ee\/ru\/wp-json\/wp\/v2\/comments?post=25962"}],"wp:featuredmedia":[{"embeddable":true,"href":"https:\/\/a-pant.ee\/ru\/wp-json\/wp\/v2\/media\/25963"}],"wp:attachment":[{"href":"https:\/\/a-pant.ee\/ru\/wp-json\/wp\/v2\/media?parent=25962"}],"wp:term":[{"taxonomy":"product_brand","embeddable":true,"href":"https:\/\/a-pant.ee\/ru\/wp-json\/wp\/v2\/product_brand?post=25962"},{"taxonomy":"product_cat","embeddable":true,"href":"https:\/\/a-pant.ee\/ru\/wp-json\/wp\/v2\/product_cat?post=25962"},{"taxonomy":"product_tag","embeddable":true,"href":"https:\/\/a-pant.ee\/ru\/wp-json\/wp\/v2\/product_tag?post=25962"}],"curies":[{"name":"wp","href":"https:\/\/api.w.org\/{rel}","templated":true}]}}