{"id":25929,"date":"2026-02-04T02:29:32","date_gmt":"2026-02-03T23:29:32","guid":{"rendered":"https:\/\/a-pant.ee\/product\/perforator-akkumulyatornyy-makita-hr140d-12v\/"},"modified":"2026-02-22T12:35:34","modified_gmt":"2026-02-22T09:35:34","slug":"perforator-akkumulyatornyj-makita-hr140d-12v","status":"publish","type":"product","link":"https:\/\/a-pant.ee\/ru\/product\/perforator-akkumulyatornyj-makita-hr140d-12v\/","title":{"rendered":"\u041f\u0435\u0440\u0444\u043e\u0440\u0430\u0442\u043e\u0440 \u0430\u043a\u043a\u0443\u043c\u0443\u043b\u044f\u0442\u043e\u0440\u043d\u044b\u0439 Makita HR140D 12v"},"content":{"rendered":"\n<p> Akupuurvasar Makita HR140D + kohver + 2tk aku 4ah\/12v + laadija\u00a0, heas seisu- ja t\u00f6\u00f6korras! <\/p><p> KIRJELDUS <\/p><p> Kaubam\u00e4rk: Makita &#8212; Mudel: HR140DSME1 &#8212; Aku t\u00fc\u00fcp: Li-Ion &#8212; J\u00e4\u00e4dvustage: SDS-plus &#8212; Akum. aku &#8212; pinge: 10,8 V &#8212; Akum. aku &#8212; mahutavus: 4 Ah &#8212; L\u00f6\u00f6gij\u00f5ud: 1,00 J &#8212; &#8212; Tootja kood: HR140DSME1 &#8212; Maksimaalne augus: 13,00 mm &#8212; Sisseehitatud helendus: jah &#8212; Tagak\u00fcljel reguleeritav: ei &#8212; Tagurpidi: jah &#8212; Kurtene: ei &#8212; P\u00fcsiv elektroonika: ei &#8212; Kiirus ilma kaubata: 0-850 p\/min. &#8212; Tabamuse t\u00e4psus: 0-4900 min-1 &#8212; Kuumus: 2,60 kg &#8212; Vibratsioonivastane s\u00fcsteem: ei &#8212; Maksimaalne metallis: 10 mm &#8212; Maksimaalne \u00fche stomaani kohta: 10 mm &#8212; Maksimaalne augu l\u00e4bim\u00f5\u00f5t: 13 mm &#8212; Maksimaalne betoonis: 14 mm &#8212; Vaade liitiumioonakule &#8212; SDS-i p\u00fc\u00fcdmise t\u00fc\u00fcp &#8212; Plus <\/p>\n","protected":false},"excerpt":{"rendered":"<p>Akupuurvasar Makita HR140D + kohver + 2tk aku 4ah\/12v + laadija\u00a0, heas seisu- ja t\u00f6\u00f6korras! KIRJELDUS Kaubam\u00e4rk: Makita &#8212; Mudel: HR140DSME1 &#8212; Aku t\u00fc\u00fcp: Li-Ion &#8212; J\u00e4\u00e4dvustage: SDS-plus &#8212; Akum. aku &#8212; pinge: 10,8 V &#8212; Akum. aku &#8212; mahutavus: 4 Ah &#8212; L\u00f6\u00f6gij\u00f5ud: 1,00 J &#8212; &#8212; Tootja kood: HR140DSME1 &#8212; Maksimaalne augus: 13,00 [&hellip;]<\/p>\n","protected":false},"featured_media":25930,"comment_status":"closed","ping_status":"open","template":"","meta":{"inline_featured_image":false},"product_brand":[],"product_cat":[239],"product_tag":[],"class_list":{"0":"post-25929","1":"product","2":"type-product","3":"status-publish","4":"has-post-thumbnail","6":"product_cat-perforatory-i-dreli","7":"pa_asukoht-mustamae","8":"pa_seisukord-ispolzovano","10":"first","11":"instock","12":"taxable","13":"shipping-taxable","14":"purchasable","15":"product-type-simple"},"_links":{"self":[{"href":"https:\/\/a-pant.ee\/ru\/wp-json\/wp\/v2\/product\/25929","targetHints":{"allow":["GET"]}}],"collection":[{"href":"https:\/\/a-pant.ee\/ru\/wp-json\/wp\/v2\/product"}],"about":[{"href":"https:\/\/a-pant.ee\/ru\/wp-json\/wp\/v2\/types\/product"}],"replies":[{"embeddable":true,"href":"https:\/\/a-pant.ee\/ru\/wp-json\/wp\/v2\/comments?post=25929"}],"wp:featuredmedia":[{"embeddable":true,"href":"https:\/\/a-pant.ee\/ru\/wp-json\/wp\/v2\/media\/25930"}],"wp:attachment":[{"href":"https:\/\/a-pant.ee\/ru\/wp-json\/wp\/v2\/media?parent=25929"}],"wp:term":[{"taxonomy":"product_brand","embeddable":true,"href":"https:\/\/a-pant.ee\/ru\/wp-json\/wp\/v2\/product_brand?post=25929"},{"taxonomy":"product_cat","embeddable":true,"href":"https:\/\/a-pant.ee\/ru\/wp-json\/wp\/v2\/product_cat?post=25929"},{"taxonomy":"product_tag","embeddable":true,"href":"https:\/\/a-pant.ee\/ru\/wp-json\/wp\/v2\/product_tag?post=25929"}],"curies":[{"name":"wp","href":"https:\/\/api.w.org\/{rel}","templated":true}]}}