{"id":25896,"date":"2026-02-04T02:29:32","date_gmt":"2026-02-03T23:29:32","guid":{"rendered":"https:\/\/a-pant.ee\/product\/studijnyj-monitor-stagg-hd5a-0\/"},"modified":"2026-02-22T12:35:33","modified_gmt":"2026-02-22T09:35:33","slug":"studijnyj-monitor-stagg-hd5a-0","status":"publish","type":"product","link":"https:\/\/a-pant.ee\/ru\/product\/studijnyj-monitor-stagg-hd5a-0\/","title":{"rendered":"\u0421\u0442\u0443\u0434\u0438\u0439\u043d\u044b\u0439 \u043c\u043e\u043d\u0438\u0442\u043e\u0440 STAGG HD5A-0"},"content":{"rendered":"\n<p> Studio monitor STAGG HD5A ACTIVE\u00a0heas-t\u00f6\u00f6korras! <\/p><p><br \/> Toote v\u00e4rv <br \/> must <br \/> Kogus kaasas <br \/> 1 veerg <br \/> Paigaldusmeetodi t\u00fc\u00fcp <br \/> p\u00f5rand, riiul <br \/> K\u00f5lari t\u00fc\u00fcp <br \/> Aktiivne, Stuudioakustika, Stuudiomonitor <br \/> Eesm\u00e4rk <br \/> eesmine k\u00f5lar <br \/> Ehitust\u00fc\u00fcp <br \/> aktiivne <br \/> Akustiline disain <br \/> suletud t\u00fc\u00fcpi <br \/> Ise\u00e4rasused <br \/> digitaalne crossover <br \/> Ruumiline helis\u00fcsteem <br \/> DTS, DTS-HD, Dolby Pro Logic, Dolby Pro Logic II <br \/> Omadused <br \/> Esik\u00f5lari ribade arv <br \/> 2 <br \/> K\u00f5larite maksimaalne v\u00f5imsus <br \/> 90 W <br \/> Minimaalne sagedus <br \/> 65 Hz <br \/> Maksimaalne sagedus <br \/> 30 000 Hz <br \/> Crossover sagedus <br \/> 2.7 <br \/> Tundlikkus <br \/> 109 dB <br \/> \u00dchendus <br \/> Juhtmega \u00fchenduse meetod <br \/> tavaline <br \/> \u00dchendused ja liidesed <br \/> tasakaalustatud sisend <br \/> M\u00e4ngija kaasas <br \/> taasesitus m\u00e4lukaardilt <br \/> Disain ja m\u00f5\u00f5tmed <br \/> Laius <br \/> 225 mm <br \/> K\u00f5rgus <br \/> 185 mm <br \/> S\u00fcgavus <br \/> 310 mm <br \/> Kaal <br \/> 5,5 kg <\/p>\n","protected":false},"excerpt":{"rendered":"<p>Studio monitor STAGG HD5A ACTIVE\u00a0heas-t\u00f6\u00f6korras! Toote v\u00e4rv must Kogus kaasas 1 veerg Paigaldusmeetodi t\u00fc\u00fcp p\u00f5rand, riiul K\u00f5lari t\u00fc\u00fcp Aktiivne, Stuudioakustika, Stuudiomonitor Eesm\u00e4rk eesmine k\u00f5lar Ehitust\u00fc\u00fcp aktiivne Akustiline disain suletud t\u00fc\u00fcpi Ise\u00e4rasused digitaalne crossover Ruumiline helis\u00fcsteem DTS, DTS-HD, Dolby Pro Logic, Dolby Pro Logic II Omadused Esik\u00f5lari ribade arv 2 K\u00f5larite maksimaalne v\u00f5imsus 90 W Minimaalne [&hellip;]<\/p>\n","protected":false},"featured_media":25897,"comment_status":"closed","ping_status":"closed","template":"","meta":{"inline_featured_image":false},"product_brand":[],"product_cat":[167],"product_tag":[],"class_list":{"0":"post-25896","1":"product","2":"type-product","3":"status-publish","4":"has-post-thumbnail","6":"product_cat-kolonki","7":"product_shipping_class-oversize","8":"pa_asukoht-mustamae","9":"pa_seisukord-ispolzovano","11":"first","12":"instock","13":"taxable","14":"shipping-taxable","15":"purchasable","16":"product-type-simple"},"_links":{"self":[{"href":"https:\/\/a-pant.ee\/ru\/wp-json\/wp\/v2\/product\/25896","targetHints":{"allow":["GET"]}}],"collection":[{"href":"https:\/\/a-pant.ee\/ru\/wp-json\/wp\/v2\/product"}],"about":[{"href":"https:\/\/a-pant.ee\/ru\/wp-json\/wp\/v2\/types\/product"}],"replies":[{"embeddable":true,"href":"https:\/\/a-pant.ee\/ru\/wp-json\/wp\/v2\/comments?post=25896"}],"wp:featuredmedia":[{"embeddable":true,"href":"https:\/\/a-pant.ee\/ru\/wp-json\/wp\/v2\/media\/25897"}],"wp:attachment":[{"href":"https:\/\/a-pant.ee\/ru\/wp-json\/wp\/v2\/media?parent=25896"}],"wp:term":[{"taxonomy":"product_brand","embeddable":true,"href":"https:\/\/a-pant.ee\/ru\/wp-json\/wp\/v2\/product_brand?post=25896"},{"taxonomy":"product_cat","embeddable":true,"href":"https:\/\/a-pant.ee\/ru\/wp-json\/wp\/v2\/product_cat?post=25896"},{"taxonomy":"product_tag","embeddable":true,"href":"https:\/\/a-pant.ee\/ru\/wp-json\/wp\/v2\/product_tag?post=25896"}],"curies":[{"name":"wp","href":"https:\/\/api.w.org\/{rel}","templated":true}]}}