{"id":25889,"date":"2026-02-04T02:29:32","date_gmt":"2026-02-03T23:29:32","guid":{"rendered":"https:\/\/a-pant.ee\/product\/naushniki-kingston-hyperx-cloud-flight\/"},"modified":"2026-02-22T12:35:33","modified_gmt":"2026-02-22T09:35:33","slug":"naushniki-dlya-igroka-kingston-hyperx-cloud-flight","status":"publish","type":"product","link":"https:\/\/a-pant.ee\/ru\/product\/naushniki-dlya-igroka-kingston-hyperx-cloud-flight\/","title":{"rendered":"\u041d\u0430\u0443\u0448\u043d\u0438\u043a\u0438 \u0434\u043b\u044f \u0438\u0433\u0440\u043e\u043a\u0430 Kingston HyperX Cloud Flight"},"content":{"rendered":"\n<p> M\u00e4nguri K\u00f5rvaklappid Kingston HyperX Cloud Flight\u00a0, heas seisu- ja t\u00f6\u00f6korras! <\/p><p> KIRJELDUS <\/p><p> Seadme t\u00fc\u00fcp: Juhtmevabad m\u00e4ngurik\u00f5rvaklapid <\/p><p> \u00dchenduvus: 2.4 GHz juhtmevaba \u00fchendus <\/p><p> Juhtmevaba \u00fchenduse ulatus: Kuni 20 meetrit <\/p><p> Sagedusala: 20 Hz \u2013 20 kHz <\/p><p> Takistus: 32 oomi <\/p><p> Tundlikkus: 106 dB SPL\/mW juures 1 kHz <\/p><p> Draiverite l\u00e4bim\u00f5\u00f5t: 50 mm, neod\u00fc\u00fcmi magnetitega <\/p><p> Mikrofon: <\/p><p> T\u00fc\u00fcp: Eemaldatav, m\u00fcrasummutusega <\/p><p> Sagedusala: 100 Hz \u2013 7 kHz <\/p><p> Tundlikkus: -45 dBV (0 dB = 1 V\/Pa, 1 kHz) <\/p><p> Aku t\u00f6\u00f6aeg: Kuni 30 tundi (ilma taustvalgustuseta) <\/p><p> Laadimise t\u00fc\u00fcp: Micro-USB kaudu <\/p><p> Kaal: 315 g (koos mikrofoniga) <\/p><p> Lisafunktsioonid: <\/p><p> K\u00f5rvaklappide LED-taustvalgustus <\/p><p> Helitugevuse regulaator ja mikrofoni v\u00e4ljal\u00fclitamise nupp k\u00f5rvaklappidel <\/p><p> \u00dchilduvus arvuti, PS4 ja PS5-ga <\/p>\n","protected":false},"excerpt":{"rendered":"<p>M\u00e4nguri K\u00f5rvaklappid Kingston HyperX Cloud Flight\u00a0, heas seisu- ja t\u00f6\u00f6korras! KIRJELDUS Seadme t\u00fc\u00fcp: Juhtmevabad m\u00e4ngurik\u00f5rvaklapid \u00dchenduvus: 2.4 GHz juhtmevaba \u00fchendus Juhtmevaba \u00fchenduse ulatus: Kuni 20 meetrit Sagedusala: 20 Hz \u2013 20 kHz Takistus: 32 oomi Tundlikkus: 106 dB SPL\/mW juures 1 kHz Draiverite l\u00e4bim\u00f5\u00f5t: 50 mm, neod\u00fc\u00fcmi magnetitega Mikrofon: T\u00fc\u00fcp: Eemaldatav, m\u00fcrasummutusega Sagedusala: 100 Hz [&hellip;]<\/p>\n","protected":false},"featured_media":25890,"comment_status":"closed","ping_status":"open","template":"","meta":{"inline_featured_image":false},"product_brand":[],"product_cat":[168],"product_tag":[],"class_list":{"0":"post-25889","1":"product","2":"type-product","3":"status-publish","4":"has-post-thumbnail","6":"product_cat-naushniki","7":"pa_asukoht-mustamae","8":"pa_seisukord-ispolzovano","10":"first","11":"instock","12":"taxable","13":"shipping-taxable","14":"purchasable","15":"product-type-simple"},"_links":{"self":[{"href":"https:\/\/a-pant.ee\/ru\/wp-json\/wp\/v2\/product\/25889","targetHints":{"allow":["GET"]}}],"collection":[{"href":"https:\/\/a-pant.ee\/ru\/wp-json\/wp\/v2\/product"}],"about":[{"href":"https:\/\/a-pant.ee\/ru\/wp-json\/wp\/v2\/types\/product"}],"replies":[{"embeddable":true,"href":"https:\/\/a-pant.ee\/ru\/wp-json\/wp\/v2\/comments?post=25889"}],"wp:featuredmedia":[{"embeddable":true,"href":"https:\/\/a-pant.ee\/ru\/wp-json\/wp\/v2\/media\/25890"}],"wp:attachment":[{"href":"https:\/\/a-pant.ee\/ru\/wp-json\/wp\/v2\/media?parent=25889"}],"wp:term":[{"taxonomy":"product_brand","embeddable":true,"href":"https:\/\/a-pant.ee\/ru\/wp-json\/wp\/v2\/product_brand?post=25889"},{"taxonomy":"product_cat","embeddable":true,"href":"https:\/\/a-pant.ee\/ru\/wp-json\/wp\/v2\/product_cat?post=25889"},{"taxonomy":"product_tag","embeddable":true,"href":"https:\/\/a-pant.ee\/ru\/wp-json\/wp\/v2\/product_tag?post=25889"}],"curies":[{"name":"wp","href":"https:\/\/api.w.org\/{rel}","templated":true}]}}