{"id":25882,"date":"2026-02-04T02:29:32","date_gmt":"2026-02-03T23:29:32","guid":{"rendered":"https:\/\/a-pant.ee\/product\/acer-swift-1-sf114-33\/"},"modified":"2026-02-22T12:35:33","modified_gmt":"2026-02-22T09:35:33","slug":"noutbuk-acer-swift-1-sf114-33-zaryadka","status":"publish","type":"product","link":"https:\/\/a-pant.ee\/ru\/product\/noutbuk-acer-swift-1-sf114-33-zaryadka\/","title":{"rendered":"\u041d\u043e\u0443\u0442\u0431\u0443\u043a Acer Swift 1 SF114-33 + \u0437\u0430\u0440\u044f\u0434\u043a\u0430"},"content":{"rendered":"\n<p> Sulearvuti Acer Swift 1 SF114-33 + laadija\u00a0, heas seisu- ja t\u00f6\u00f6korras! <\/p><p> KIRJELDUS <\/p><p> Protsessor (CPU) : Intel(R) Celeron(TM) N4500 @ 1.10GHz (2 CPUs), * 1.1gHz <\/p><p> Operatiiv m\u00e4lu : 4 GB <\/p><p> Videokaart (CPU): Intel UHD Graphics 128MB <\/p><p> Operatsioonis\u00fcsteem: Windows 11 Home <\/p>\n","protected":false},"excerpt":{"rendered":"<p>Sulearvuti Acer Swift 1 SF114-33 + laadija\u00a0, heas seisu- ja t\u00f6\u00f6korras! KIRJELDUS Protsessor (CPU) : Intel(R) Celeron(TM) N4500 @ 1.10GHz (2 CPUs), * 1.1gHz Operatiiv m\u00e4lu : 4 GB Videokaart (CPU): Intel UHD Graphics 128MB Operatsioonis\u00fcsteem: Windows 11 Home<\/p>\n","protected":false},"featured_media":25883,"comment_status":"closed","ping_status":"closed","template":"","meta":{"inline_featured_image":false},"product_brand":[],"product_cat":[179],"product_tag":[],"class_list":{"0":"post-25882","1":"product","2":"type-product","3":"status-publish","4":"has-post-thumbnail","6":"product_cat-noutbuki","7":"pa_asukoht-mustamae","8":"pa_seisukord-ispolzovano","10":"first","11":"instock","12":"sale","13":"taxable","14":"shipping-taxable","15":"purchasable","16":"product-type-simple"},"_links":{"self":[{"href":"https:\/\/a-pant.ee\/ru\/wp-json\/wp\/v2\/product\/25882","targetHints":{"allow":["GET"]}}],"collection":[{"href":"https:\/\/a-pant.ee\/ru\/wp-json\/wp\/v2\/product"}],"about":[{"href":"https:\/\/a-pant.ee\/ru\/wp-json\/wp\/v2\/types\/product"}],"replies":[{"embeddable":true,"href":"https:\/\/a-pant.ee\/ru\/wp-json\/wp\/v2\/comments?post=25882"}],"wp:featuredmedia":[{"embeddable":true,"href":"https:\/\/a-pant.ee\/ru\/wp-json\/wp\/v2\/media\/25883"}],"wp:attachment":[{"href":"https:\/\/a-pant.ee\/ru\/wp-json\/wp\/v2\/media?parent=25882"}],"wp:term":[{"taxonomy":"product_brand","embeddable":true,"href":"https:\/\/a-pant.ee\/ru\/wp-json\/wp\/v2\/product_brand?post=25882"},{"taxonomy":"product_cat","embeddable":true,"href":"https:\/\/a-pant.ee\/ru\/wp-json\/wp\/v2\/product_cat?post=25882"},{"taxonomy":"product_tag","embeddable":true,"href":"https:\/\/a-pant.ee\/ru\/wp-json\/wp\/v2\/product_tag?post=25882"}],"curies":[{"name":"wp","href":"https:\/\/api.w.org\/{rel}","templated":true}]}}