{"id":25873,"date":"2026-02-04T02:29:32","date_gmt":"2026-02-03T23:29:32","guid":{"rendered":"https:\/\/a-pant.ee\/product\/fotoapparat-canon-eos-400d-obektiv-18-55mm-sumka\/"},"modified":"2026-02-22T12:35:33","modified_gmt":"2026-02-22T09:35:33","slug":"fotoapparat-canon-eos-400d-obektiv-18-55mm-sumka","status":"publish","type":"product","link":"https:\/\/a-pant.ee\/ru\/product\/fotoapparat-canon-eos-400d-obektiv-18-55mm-sumka\/","title":{"rendered":"\u0424\u043e\u0442\u043e\u0430\u043f\u043f\u0430\u0440\u0430\u0442 Canon EOS 400D + \u041e\u0431\u044a\u0435\u043a\u0442\u0438\u0432 18-55\u043c\u043c + \u0421\u0443\u043c\u043a\u0430"},"content":{"rendered":"\n<p> Peegelkaamera Canon EOS 400D + Objektiv 18-55mm + Kott\u00a0, heas seisu- ja t\u00f6\u00f6korras! <\/p><p> KIRJELDUS <\/p><p> 10 MP &#8212; APS-C CMOS-sensor <br \/> ISO 100\u20131600 <br \/> 2,50&#8243; fikseeritud t\u00fc\u00fcpi ekraan <br \/> Optiline (pentapeegli) pildiotsija <br \/> 3,0 kaadrit sekundis sariv\u00f5te <br \/> 556 g. 127 x 94 x 65 mm <\/p>\n","protected":false},"excerpt":{"rendered":"<p>Peegelkaamera Canon EOS 400D + Objektiv 18-55mm + Kott\u00a0, heas seisu- ja t\u00f6\u00f6korras! KIRJELDUS 10 MP &#8212; APS-C CMOS-sensor ISO 100\u20131600 2,50&#8243; fikseeritud t\u00fc\u00fcpi ekraan Optiline (pentapeegli) pildiotsija 3,0 kaadrit sekundis sariv\u00f5te 556 g. 127 x 94 x 65 mm<\/p>\n","protected":false},"featured_media":25874,"comment_status":"closed","ping_status":"open","template":"","meta":{"inline_featured_image":false},"product_brand":[],"product_cat":[163],"product_tag":[],"class_list":{"0":"post-25873","1":"product","2":"type-product","3":"status-publish","4":"has-post-thumbnail","6":"product_cat-fototehnika","7":"pa_asukoht-lasnamae","8":"pa_seisukord-ispolzovano","10":"first","11":"instock","12":"taxable","13":"shipping-taxable","14":"purchasable","15":"product-type-simple"},"_links":{"self":[{"href":"https:\/\/a-pant.ee\/ru\/wp-json\/wp\/v2\/product\/25873","targetHints":{"allow":["GET"]}}],"collection":[{"href":"https:\/\/a-pant.ee\/ru\/wp-json\/wp\/v2\/product"}],"about":[{"href":"https:\/\/a-pant.ee\/ru\/wp-json\/wp\/v2\/types\/product"}],"replies":[{"embeddable":true,"href":"https:\/\/a-pant.ee\/ru\/wp-json\/wp\/v2\/comments?post=25873"}],"wp:featuredmedia":[{"embeddable":true,"href":"https:\/\/a-pant.ee\/ru\/wp-json\/wp\/v2\/media\/25874"}],"wp:attachment":[{"href":"https:\/\/a-pant.ee\/ru\/wp-json\/wp\/v2\/media?parent=25873"}],"wp:term":[{"taxonomy":"product_brand","embeddable":true,"href":"https:\/\/a-pant.ee\/ru\/wp-json\/wp\/v2\/product_brand?post=25873"},{"taxonomy":"product_cat","embeddable":true,"href":"https:\/\/a-pant.ee\/ru\/wp-json\/wp\/v2\/product_cat?post=25873"},{"taxonomy":"product_tag","embeddable":true,"href":"https:\/\/a-pant.ee\/ru\/wp-json\/wp\/v2\/product_tag?post=25873"}],"curies":[{"name":"wp","href":"https:\/\/api.w.org\/{rel}","templated":true}]}}