{"id":25852,"date":"2026-02-04T02:27:17","date_gmt":"2026-02-03T23:27:17","guid":{"rendered":"https:\/\/a-pant.ee\/product\/akkumulyatornaya-drel-shurupovert-makita-ddf485\/"},"modified":"2026-02-22T12:36:34","modified_gmt":"2026-02-22T09:36:34","slug":"akkumulyatornaya-drel-makita-ddf485-akb-50ach","status":"publish","type":"product","link":"https:\/\/a-pant.ee\/ru\/product\/akkumulyatornaya-drel-makita-ddf485-akb-50ach\/","title":{"rendered":"\u0410\u043a\u043a\u0443\u043c\u0443\u043b\u044f\u0442\u043e\u0440\u043d\u0430\u044f \u0434\u0440\u0435\u043b\u044c Makita DDF485 + \u0410\u041a\u0411 5,0\u0410\u0427"},"content":{"rendered":"\n<p> Akutrell Makita DDF485 + Aku 5.0Ah, heas seisu- ja t\u00f6\u00f6korras! <\/p><p> KIRJELDUS <\/p><p> V\u00f5imsus <br \/> 18 V <br \/> T\u00f6\u00f6kiiruste arv <br \/> 2 <br \/> Toitumine <br \/> Akust <br \/> Padruni l\u00e4bim\u00f5\u00f5t <br \/> 1,5 \u2013 13 mm <br \/> Max t\u00fchik\u00e4igu kiirus <br \/> 1900 p\u00f6\u00f6ret minutis <br \/> Maksimaalne p\u00f6\u00f6rdemoment <br \/> 50 Nm <br \/> Max puuri l\u00e4bim\u00f5\u00f5t (puit) <br \/> 38 mm <br \/> Max puuri l\u00e4bim\u00f5\u00f5t (metall) <br \/> 13 mm <br \/> Kaasas olevate akute arv <br \/> \u00dcks 5,0 Ah aku <br \/> Harjadeta mootor <br \/> Jah <br \/> Lisainformatsioon <br \/> Max kiirus esimesel kiirusel, rpm &#8212; 1900 <\/p>\n","protected":false},"excerpt":{"rendered":"<p>Akutrell Makita DDF485 + Aku 5.0Ah, heas seisu- ja t\u00f6\u00f6korras! KIRJELDUS V\u00f5imsus 18 V T\u00f6\u00f6kiiruste arv 2 Toitumine Akust Padruni l\u00e4bim\u00f5\u00f5t 1,5 \u2013 13 mm Max t\u00fchik\u00e4igu kiirus 1900 p\u00f6\u00f6ret minutis Maksimaalne p\u00f6\u00f6rdemoment 50 Nm Max puuri l\u00e4bim\u00f5\u00f5t (puit) 38 mm Max puuri l\u00e4bim\u00f5\u00f5t (metall) 13 mm Kaasas olevate akute arv \u00dcks 5,0 Ah aku [&hellip;]<\/p>\n","protected":false},"featured_media":25853,"comment_status":"closed","ping_status":"open","template":"","meta":{"inline_featured_image":false},"product_brand":[],"product_cat":[221],"product_tag":[],"class_list":{"0":"post-25852","1":"product","2":"type-product","3":"status-publish","4":"has-post-thumbnail","6":"product_cat-akkumulyatornye-dreli","7":"pa_asukoht-mustamae","8":"pa_seisukord-ispolzovano","10":"first","11":"instock","12":"taxable","13":"shipping-taxable","14":"purchasable","15":"product-type-simple"},"_links":{"self":[{"href":"https:\/\/a-pant.ee\/ru\/wp-json\/wp\/v2\/product\/25852","targetHints":{"allow":["GET"]}}],"collection":[{"href":"https:\/\/a-pant.ee\/ru\/wp-json\/wp\/v2\/product"}],"about":[{"href":"https:\/\/a-pant.ee\/ru\/wp-json\/wp\/v2\/types\/product"}],"replies":[{"embeddable":true,"href":"https:\/\/a-pant.ee\/ru\/wp-json\/wp\/v2\/comments?post=25852"}],"wp:featuredmedia":[{"embeddable":true,"href":"https:\/\/a-pant.ee\/ru\/wp-json\/wp\/v2\/media\/25853"}],"wp:attachment":[{"href":"https:\/\/a-pant.ee\/ru\/wp-json\/wp\/v2\/media?parent=25852"}],"wp:term":[{"taxonomy":"product_brand","embeddable":true,"href":"https:\/\/a-pant.ee\/ru\/wp-json\/wp\/v2\/product_brand?post=25852"},{"taxonomy":"product_cat","embeddable":true,"href":"https:\/\/a-pant.ee\/ru\/wp-json\/wp\/v2\/product_cat?post=25852"},{"taxonomy":"product_tag","embeddable":true,"href":"https:\/\/a-pant.ee\/ru\/wp-json\/wp\/v2\/product_tag?post=25852"}],"curies":[{"name":"wp","href":"https:\/\/api.w.org\/{rel}","templated":true}]}}