{"id":25822,"date":"2026-02-04T02:27:17","date_gmt":"2026-02-03T23:27:17","guid":{"rendered":"https:\/\/a-pant.ee\/product\/elektrosamokat-hx-x9-plus\/"},"modified":"2026-02-22T12:36:33","modified_gmt":"2026-02-22T09:36:33","slug":"samokat-hx-x9-plus-chek-zaryadka","status":"publish","type":"product","link":"https:\/\/a-pant.ee\/ru\/product\/samokat-hx-x9-plus-chek-zaryadka\/","title":{"rendered":"\u0421\u0430\u043c\u043e\u043a\u0430\u0442 HX X9 PLUS \u0427\u0435\u043a, \u0437\u0430\u0440\u044f\u0434\u043a\u0430"},"content":{"rendered":"\n<p> M\u00fc\u00fcakse\u00a0T\u00f5ukerattas HX X9 PLUS Ostutsek, Laadija, heas seisu- ja t\u00f6\u00f6korras! <\/p><p> Ketas Pidurid ei t\u00f6\u00f6ta, sest vajavad hooldust. Kehtib toode garantii ! <\/p><p> KIRJELDUS <\/p><p> Seadme t\u00fc\u00fcp: Elektriline t\u00f5ukeratas <\/p><p> Mootori v\u00f5imsus: 500 W <\/p><p> Maksimaalne kiirus: kuni 25 km\/h <\/p><p> Maksimaalne s\u00f5iduulatus: kuni 55 km <\/p><p> Aku maht: 12.5 Ah <\/p><p> Laadimisaeg: umbes 6-7 tundi <\/p><p> Maksimaalne kandev\u00f5ime: 120 kg <\/p><p> Pidurite t\u00fc\u00fcp: Ketaspidur (taga), elektriline pidur (ees) <\/p><p> Ratta l\u00e4bim\u00f5\u00f5t: 10 tolli <\/p><p> Rattat\u00fc\u00fcp: Pneumaatilised <\/p><p> Veekindlus ja tolmukindlus: IP54 <\/p><p> Kaal: 23 kg <\/p><p> Lisafunktsioonid: Kokkupandav konstruktsioon, LED-ekraan, nutitelefoni rakenduse tugi <\/p>\n","protected":false},"excerpt":{"rendered":"<p>M\u00fc\u00fcakse\u00a0T\u00f5ukerattas HX X9 PLUS Ostutsek, Laadija, heas seisu- ja t\u00f6\u00f6korras! Ketas Pidurid ei t\u00f6\u00f6ta, sest vajavad hooldust. Kehtib toode garantii ! KIRJELDUS Seadme t\u00fc\u00fcp: Elektriline t\u00f5ukeratas Mootori v\u00f5imsus: 500 W Maksimaalne kiirus: kuni 25 km\/h Maksimaalne s\u00f5iduulatus: kuni 55 km Aku maht: 12.5 Ah Laadimisaeg: umbes 6-7 tundi Maksimaalne kandev\u00f5ime: 120 kg Pidurite t\u00fc\u00fcp: Ketaspidur [&hellip;]<\/p>\n","protected":false},"featured_media":25823,"comment_status":"closed","ping_status":"open","template":"","meta":{"inline_featured_image":false},"product_brand":[],"product_cat":[215],"product_tag":[],"class_list":{"0":"post-25822","1":"product","2":"type-product","3":"status-publish","4":"has-post-thumbnail","6":"product_cat-elektricheskie-samokaty","7":"product_shipping_class-oversize","8":"pa_asukoht-mustamae","9":"pa_seisukord-ispolzovano","11":"first","12":"instock","13":"taxable","14":"shipping-taxable","15":"purchasable","16":"product-type-simple"},"_links":{"self":[{"href":"https:\/\/a-pant.ee\/ru\/wp-json\/wp\/v2\/product\/25822","targetHints":{"allow":["GET"]}}],"collection":[{"href":"https:\/\/a-pant.ee\/ru\/wp-json\/wp\/v2\/product"}],"about":[{"href":"https:\/\/a-pant.ee\/ru\/wp-json\/wp\/v2\/types\/product"}],"replies":[{"embeddable":true,"href":"https:\/\/a-pant.ee\/ru\/wp-json\/wp\/v2\/comments?post=25822"}],"wp:featuredmedia":[{"embeddable":true,"href":"https:\/\/a-pant.ee\/ru\/wp-json\/wp\/v2\/media\/25823"}],"wp:attachment":[{"href":"https:\/\/a-pant.ee\/ru\/wp-json\/wp\/v2\/media?parent=25822"}],"wp:term":[{"taxonomy":"product_brand","embeddable":true,"href":"https:\/\/a-pant.ee\/ru\/wp-json\/wp\/v2\/product_brand?post=25822"},{"taxonomy":"product_cat","embeddable":true,"href":"https:\/\/a-pant.ee\/ru\/wp-json\/wp\/v2\/product_cat?post=25822"},{"taxonomy":"product_tag","embeddable":true,"href":"https:\/\/a-pant.ee\/ru\/wp-json\/wp\/v2\/product_tag?post=25822"}],"curies":[{"name":"wp","href":"https:\/\/api.w.org\/{rel}","templated":true}]}}