{"id":25754,"date":"2026-02-04T02:23:02","date_gmt":"2026-02-03T23:23:02","guid":{"rendered":"https:\/\/a-pant.ee\/product\/kustorez-makita-uh5261\/"},"modified":"2026-02-22T12:36:37","modified_gmt":"2026-02-22T09:36:37","slug":"kustorez-makita-uh5261","status":"publish","type":"product","link":"https:\/\/a-pant.ee\/ru\/product\/kustorez-makita-uh5261\/","title":{"rendered":"\u041a\u0443\u0441\u0442\u043e\u0440\u0435\u0437 Makita UH5261"},"content":{"rendered":"\n<p> V\u00f5sal\u00f5ikur Makita UH5261, heas seisu- ja t\u00f6\u00f6korras! <\/p><p> KIRJELDUS <\/p><p> Mudel: Makita UH5261 <br \/> T\u00fc\u00fcp: Elektriline hekil\u00f5ikur <br \/> V\u00f5imsus: 400 W <br \/> Tera pikkus: 520 mm (20-1\/2 tolli) <br \/> L\u00f6\u00f6gisagedus: 3200 l\u00f6\u00f6ki minutis <br \/> Maksimaalne l\u00f5ike l\u00e4bim\u00f5\u00f5t: 15 mm <br \/> Helir\u00f5hu tase: 82 dB(A) <br \/> Heliv\u00f5imsuse tase: 93 dB(A) <br \/> Vibratsiooni tase: 6.7 m\/s\u00b2 <br \/> M\u00f5\u00f5tmed (P x L x K): 921 x 194 x 194 mm <br \/> Netokaal: 3 kg <br \/> Toitekaabli pikkus: 0.3 m <br \/> Lisafunktsioonid: Elektriline pidur, kahe k\u00e4ega k\u00e4ivitamine, kaabli purunemiskaitse, tera kinnituspolti lahti hoidmata mutter. <\/p>\n","protected":false},"excerpt":{"rendered":"<p>V\u00f5sal\u00f5ikur Makita UH5261, heas seisu- ja t\u00f6\u00f6korras! KIRJELDUS Mudel: Makita UH5261 T\u00fc\u00fcp: Elektriline hekil\u00f5ikur V\u00f5imsus: 400 W Tera pikkus: 520 mm (20-1\/2 tolli) L\u00f6\u00f6gisagedus: 3200 l\u00f6\u00f6ki minutis Maksimaalne l\u00f5ike l\u00e4bim\u00f5\u00f5t: 15 mm Helir\u00f5hu tase: 82 dB(A) Heliv\u00f5imsuse tase: 93 dB(A) Vibratsiooni tase: 6.7 m\/s\u00b2 M\u00f5\u00f5tmed (P x L x K): 921 x 194 x 194 [&hellip;]<\/p>\n","protected":false},"featured_media":25755,"comment_status":"closed","ping_status":"open","template":"","meta":{"inline_featured_image":false},"product_brand":[],"product_cat":[220],"product_tag":[],"class_list":{"0":"post-25754","1":"product","2":"type-product","3":"status-publish","4":"has-post-thumbnail","6":"product_cat-sadovye-instrumenty","7":"pa_asukoht-mustamae","8":"pa_seisukord-ispolzovano","10":"first","11":"instock","12":"taxable","13":"shipping-taxable","14":"purchasable","15":"product-type-simple"},"_links":{"self":[{"href":"https:\/\/a-pant.ee\/ru\/wp-json\/wp\/v2\/product\/25754","targetHints":{"allow":["GET"]}}],"collection":[{"href":"https:\/\/a-pant.ee\/ru\/wp-json\/wp\/v2\/product"}],"about":[{"href":"https:\/\/a-pant.ee\/ru\/wp-json\/wp\/v2\/types\/product"}],"replies":[{"embeddable":true,"href":"https:\/\/a-pant.ee\/ru\/wp-json\/wp\/v2\/comments?post=25754"}],"wp:featuredmedia":[{"embeddable":true,"href":"https:\/\/a-pant.ee\/ru\/wp-json\/wp\/v2\/media\/25755"}],"wp:attachment":[{"href":"https:\/\/a-pant.ee\/ru\/wp-json\/wp\/v2\/media?parent=25754"}],"wp:term":[{"taxonomy":"product_brand","embeddable":true,"href":"https:\/\/a-pant.ee\/ru\/wp-json\/wp\/v2\/product_brand?post=25754"},{"taxonomy":"product_cat","embeddable":true,"href":"https:\/\/a-pant.ee\/ru\/wp-json\/wp\/v2\/product_cat?post=25754"},{"taxonomy":"product_tag","embeddable":true,"href":"https:\/\/a-pant.ee\/ru\/wp-json\/wp\/v2\/product_tag?post=25754"}],"curies":[{"name":"wp","href":"https:\/\/api.w.org\/{rel}","templated":true}]}}