{"id":25748,"date":"2026-02-04T02:23:02","date_gmt":"2026-02-03T23:23:02","guid":{"rendered":"https:\/\/a-pant.ee\/product\/trimmer-stihl-fs-38\/"},"modified":"2026-02-22T12:36:37","modified_gmt":"2026-02-22T09:36:37","slug":"trimmer-dlya-travy-stihl-fs-38","status":"publish","type":"product","link":"https:\/\/a-pant.ee\/ru\/product\/trimmer-dlya-travy-stihl-fs-38\/","title":{"rendered":"\u0422\u0440\u0438\u043c\u043c\u0435\u0440 \u0434\u043b\u044f \u0442\u0440\u0430\u0432\u044b Stihl FS 38"},"content":{"rendered":"\n<p> Murutrimmer Stihl FS 38\u00a0, heas seisu- ja t\u00f6\u00f6korras! <\/p><p> KIRJELDUS <\/p><p> Mootori t\u00f6\u00f6maht: 27.2 cm\u00b3 <\/p><p> Mootori v\u00f5imsus: 0.65 kW \/ 0.9 hj <\/p><p> Kaal: 4.2 kg (ilma k\u00fctuse, l\u00f5ikeriista ja kaitsekilbita) <\/p><p> Pikkus (ilma l\u00f5ikeriistata): 147 cm <\/p><p> K\u00fctusepaagi maht: 0.33 l <\/p><p> L\u00f5ikepea: STIHL AutoCut C 6-2 <\/p><p> K\u00e4epideme t\u00fc\u00fcp: D-silmus k\u00e4epide <\/p><p> Toiteallikas: Bensiin <\/p><p> Heliv\u00f5imsuse tase: 109 dB <\/p><p> Helir\u00f5hu tase: 94 dB <\/p><p> Vibratsioon: 5.7 m\/s\u00b2 <\/p><p> Eriomadused: <\/p><p> K\u00e4sitsi k\u00fctusepump lihtsaks k\u00e4ivitamiseks <\/p><p> Kerge ja mugav kasutada <\/p><p> Ideaalne muru ja umbrohu niitmiseks <\/p>\n","protected":false},"excerpt":{"rendered":"<p>Murutrimmer Stihl FS 38\u00a0, heas seisu- ja t\u00f6\u00f6korras! KIRJELDUS Mootori t\u00f6\u00f6maht: 27.2 cm\u00b3 Mootori v\u00f5imsus: 0.65 kW \/ 0.9 hj Kaal: 4.2 kg (ilma k\u00fctuse, l\u00f5ikeriista ja kaitsekilbita) Pikkus (ilma l\u00f5ikeriistata): 147 cm K\u00fctusepaagi maht: 0.33 l L\u00f5ikepea: STIHL AutoCut C 6-2 K\u00e4epideme t\u00fc\u00fcp: D-silmus k\u00e4epide Toiteallikas: Bensiin Heliv\u00f5imsuse tase: 109 dB Helir\u00f5hu tase: 94 [&hellip;]<\/p>\n","protected":false},"featured_media":25749,"comment_status":"closed","ping_status":"closed","template":"","meta":{"inline_featured_image":false},"product_brand":[],"product_cat":[220],"product_tag":[],"class_list":{"0":"post-25748","1":"product","2":"type-product","3":"status-publish","4":"has-post-thumbnail","6":"product_cat-sadovye-instrumenty","7":"product_shipping_class-oversize","8":"pa_asukoht-mustamae","9":"pa_seisukord-ispolzovano","11":"first","12":"instock","13":"taxable","14":"shipping-taxable","15":"purchasable","16":"product-type-simple"},"_links":{"self":[{"href":"https:\/\/a-pant.ee\/ru\/wp-json\/wp\/v2\/product\/25748","targetHints":{"allow":["GET"]}}],"collection":[{"href":"https:\/\/a-pant.ee\/ru\/wp-json\/wp\/v2\/product"}],"about":[{"href":"https:\/\/a-pant.ee\/ru\/wp-json\/wp\/v2\/types\/product"}],"replies":[{"embeddable":true,"href":"https:\/\/a-pant.ee\/ru\/wp-json\/wp\/v2\/comments?post=25748"}],"wp:featuredmedia":[{"embeddable":true,"href":"https:\/\/a-pant.ee\/ru\/wp-json\/wp\/v2\/media\/25749"}],"wp:attachment":[{"href":"https:\/\/a-pant.ee\/ru\/wp-json\/wp\/v2\/media?parent=25748"}],"wp:term":[{"taxonomy":"product_brand","embeddable":true,"href":"https:\/\/a-pant.ee\/ru\/wp-json\/wp\/v2\/product_brand?post=25748"},{"taxonomy":"product_cat","embeddable":true,"href":"https:\/\/a-pant.ee\/ru\/wp-json\/wp\/v2\/product_cat?post=25748"},{"taxonomy":"product_tag","embeddable":true,"href":"https:\/\/a-pant.ee\/ru\/wp-json\/wp\/v2\/product_tag?post=25748"}],"curies":[{"name":"wp","href":"https:\/\/api.w.org\/{rel}","templated":true}]}}