{"id":25741,"date":"2026-02-04T02:23:02","date_gmt":"2026-02-03T23:23:02","guid":{"rendered":"https:\/\/a-pant.ee\/product\/akkumulyatornaya-drel-wurth-bs-18-a\/"},"modified":"2026-02-22T12:36:36","modified_gmt":"2026-02-22T09:36:36","slug":"akkumulyatornaya-drel-wurth-bs-18-a-akkumulyator-40ah","status":"publish","type":"product","link":"https:\/\/a-pant.ee\/ru\/product\/akkumulyatornaya-drel-wurth-bs-18-a-akkumulyator-40ah\/","title":{"rendered":"\u0410\u043a\u043a\u0443\u043c\u0443\u043b\u044f\u0442\u043e\u0440\u043d\u0430\u044f \u0434\u0440\u0435\u043b\u044c W\u00fcrth BS 18-A + \u0430\u043a\u043a\u0443\u043c\u0443\u043b\u044f\u0442\u043e\u0440 4,0AH"},"content":{"rendered":"\n<p> M\u00fc\u00fcakse\u00a0Akutrell W\u00fcrth BS 18-A + Aku 4,0AH, heas seisu- ja t\u00f6\u00f6korras! <\/p><p> KIRJELDUS <\/p><p> Maksimaalne p\u00f6\u00f6rdemoment: 140 Nm <\/p><p> Maksimaalne kiirus: 2000 p\/min <\/p><p> K\u00e4ikude arv: 2 <\/p><p> Padrun: Metallist, 13 mm <\/p><p> Mootori t\u00fc\u00fcp: EC-mootor (harjadeta) <\/p><p> Akut\u00fc\u00fcp: Li-Ion, 18 V <\/p><p> Aku mahtuvus: Komplektis koos kohvri, laadija ja 5,0 Ah akuga <\/p><p> Kaal: 1,5 kg (ilma akuta) <\/p><p> Lisafunktsioonid: L\u00f6\u00f6gire\u017eiim, \u00fclekoormuse ja \u00fclekuumenemise kaitse, LED-valgustus <\/p>\n","protected":false},"excerpt":{"rendered":"<p>M\u00fc\u00fcakse\u00a0Akutrell W\u00fcrth BS 18-A + Aku 4,0AH, heas seisu- ja t\u00f6\u00f6korras! KIRJELDUS Maksimaalne p\u00f6\u00f6rdemoment: 140 Nm Maksimaalne kiirus: 2000 p\/min K\u00e4ikude arv: 2 Padrun: Metallist, 13 mm Mootori t\u00fc\u00fcp: EC-mootor (harjadeta) Akut\u00fc\u00fcp: Li-Ion, 18 V Aku mahtuvus: Komplektis koos kohvri, laadija ja 5,0 Ah akuga Kaal: 1,5 kg (ilma akuta) Lisafunktsioonid: L\u00f6\u00f6gire\u017eiim, \u00fclekoormuse ja \u00fclekuumenemise [&hellip;]<\/p>\n","protected":false},"featured_media":25742,"comment_status":"closed","ping_status":"open","template":"","meta":{"inline_featured_image":false},"product_brand":[],"product_cat":[221],"product_tag":[],"class_list":{"0":"post-25741","1":"product","2":"type-product","3":"status-publish","4":"has-post-thumbnail","6":"product_cat-akkumulyatornye-dreli","7":"pa_asukoht-mustamae","8":"pa_seisukord-ispolzovano","10":"first","11":"instock","12":"taxable","13":"shipping-taxable","14":"purchasable","15":"product-type-simple"},"_links":{"self":[{"href":"https:\/\/a-pant.ee\/ru\/wp-json\/wp\/v2\/product\/25741","targetHints":{"allow":["GET"]}}],"collection":[{"href":"https:\/\/a-pant.ee\/ru\/wp-json\/wp\/v2\/product"}],"about":[{"href":"https:\/\/a-pant.ee\/ru\/wp-json\/wp\/v2\/types\/product"}],"replies":[{"embeddable":true,"href":"https:\/\/a-pant.ee\/ru\/wp-json\/wp\/v2\/comments?post=25741"}],"wp:featuredmedia":[{"embeddable":true,"href":"https:\/\/a-pant.ee\/ru\/wp-json\/wp\/v2\/media\/25742"}],"wp:attachment":[{"href":"https:\/\/a-pant.ee\/ru\/wp-json\/wp\/v2\/media?parent=25741"}],"wp:term":[{"taxonomy":"product_brand","embeddable":true,"href":"https:\/\/a-pant.ee\/ru\/wp-json\/wp\/v2\/product_brand?post=25741"},{"taxonomy":"product_cat","embeddable":true,"href":"https:\/\/a-pant.ee\/ru\/wp-json\/wp\/v2\/product_cat?post=25741"},{"taxonomy":"product_tag","embeddable":true,"href":"https:\/\/a-pant.ee\/ru\/wp-json\/wp\/v2\/product_tag?post=25741"}],"curies":[{"name":"wp","href":"https:\/\/api.w.org\/{rel}","templated":true}]}}