{"id":25728,"date":"2026-02-04T02:23:02","date_gmt":"2026-02-03T23:23:02","guid":{"rendered":"https:\/\/a-pant.ee\/product\/akkumulyatornaya-drel-makita-18v\/"},"modified":"2026-02-22T12:36:36","modified_gmt":"2026-02-22T09:36:36","slug":"akkumulyatornaya-drel-bez-modeli-ak-50ach","status":"publish","type":"product","link":"https:\/\/a-pant.ee\/ru\/product\/akkumulyatornaya-drel-bez-modeli-ak-50ach\/","title":{"rendered":"\u0410\u043a\u043a\u0443\u043c\u0443\u043b\u044f\u0442\u043e\u0440\u043d\u0430\u044f \u0434\u0440\u0435\u043b\u044c (\u0431\u0435\u0437 \u043c\u043e\u0434\u0435\u043b\u0438) + \u0430\u043a. 5,0\u0410\u0447"},"content":{"rendered":"\n<p> Akutrell Makita (ilma mudel) + aku 5,0Ah\u00a0, heas seisu- ja t\u00f6\u00f6korras! <\/p><p> KIRJELDUS <\/p><p> Kategooria: Akutrellid, kruvikeerajad <\/p><p> Kaubam\u00e4rk: Makita <\/p><p> Akupinge: 18 V <\/p><p> Aku t\u00fc\u00fcp: Li-ion <\/p><p> P\u00f6\u00f6rete arv: 0-3500 min-1 <\/p><p> T\u00fc\u00fcp: Akuga l\u00f6\u00f6ktrellid <\/p><p> Vaade: Makita, akuga l\u00f6\u00f6ktrellid akutrellid, kruvikeerajad <\/p>\n","protected":false},"excerpt":{"rendered":"<p>Akutrell Makita (ilma mudel) + aku 5,0Ah\u00a0, heas seisu- ja t\u00f6\u00f6korras! KIRJELDUS Kategooria: Akutrellid, kruvikeerajad Kaubam\u00e4rk: Makita Akupinge: 18 V Aku t\u00fc\u00fcp: Li-ion P\u00f6\u00f6rete arv: 0-3500 min-1 T\u00fc\u00fcp: Akuga l\u00f6\u00f6ktrellid Vaade: Makita, akuga l\u00f6\u00f6ktrellid akutrellid, kruvikeerajad<\/p>\n","protected":false},"featured_media":25729,"comment_status":"closed","ping_status":"open","template":"","meta":{"inline_featured_image":false},"product_brand":[],"product_cat":[221],"product_tag":[],"class_list":{"0":"post-25728","1":"product","2":"type-product","3":"status-publish","4":"has-post-thumbnail","6":"product_cat-akkumulyatornye-dreli","7":"pa_asukoht-lasnamae","8":"pa_seisukord-ispolzovano","10":"first","11":"instock","12":"taxable","13":"shipping-taxable","14":"purchasable","15":"product-type-simple"},"_links":{"self":[{"href":"https:\/\/a-pant.ee\/ru\/wp-json\/wp\/v2\/product\/25728","targetHints":{"allow":["GET"]}}],"collection":[{"href":"https:\/\/a-pant.ee\/ru\/wp-json\/wp\/v2\/product"}],"about":[{"href":"https:\/\/a-pant.ee\/ru\/wp-json\/wp\/v2\/types\/product"}],"replies":[{"embeddable":true,"href":"https:\/\/a-pant.ee\/ru\/wp-json\/wp\/v2\/comments?post=25728"}],"wp:featuredmedia":[{"embeddable":true,"href":"https:\/\/a-pant.ee\/ru\/wp-json\/wp\/v2\/media\/25729"}],"wp:attachment":[{"href":"https:\/\/a-pant.ee\/ru\/wp-json\/wp\/v2\/media?parent=25728"}],"wp:term":[{"taxonomy":"product_brand","embeddable":true,"href":"https:\/\/a-pant.ee\/ru\/wp-json\/wp\/v2\/product_brand?post=25728"},{"taxonomy":"product_cat","embeddable":true,"href":"https:\/\/a-pant.ee\/ru\/wp-json\/wp\/v2\/product_cat?post=25728"},{"taxonomy":"product_tag","embeddable":true,"href":"https:\/\/a-pant.ee\/ru\/wp-json\/wp\/v2\/product_tag?post=25728"}],"curies":[{"name":"wp","href":"https:\/\/api.w.org\/{rel}","templated":true}]}}