{"id":25708,"date":"2026-02-04T02:23:02","date_gmt":"2026-02-03T23:23:02","guid":{"rendered":"https:\/\/a-pant.ee\/product\/akudrel-makita-dtd153-bez-akb\/"},"modified":"2026-02-22T12:36:36","modified_gmt":"2026-02-22T09:36:36","slug":"akudrel-makita-dtd153-bez-akb","status":"publish","type":"product","link":"https:\/\/a-pant.ee\/ru\/product\/akudrel-makita-dtd153-bez-akb\/","title":{"rendered":"\u0410\u043a\u0443\u0434\u0440\u0435\u043b\u044c Makita dtd153 \u0411\u0435\u0437 \u0410\u041a\u0411"},"content":{"rendered":"\n<p> Akutrel Makita dtd153 ilma aku, heas seisu- ja t\u00f6\u00f6korras! <\/p><p> KIRJELDUS <\/p><p> Aku t\u00fc\u00fcp: 18V Li-ion <\/p><p> Maksimaalne p\u00f6\u00f6rdemoment: 170 N\u00b7m <\/p><p> L\u00f6\u00f6gisagedus: 0-3600 l\u00f6\u00f6ki\/min <\/p><p> T\u00fchik\u00e4igu kiirus: 0-3400 p\/min <\/p><p> Padruni t\u00fc\u00fcp: 6,35 mm (1\/4&#8243;) kuuskant <\/p><p> Maksimaalne kruvi suurus: <\/p><p> Masinakruvi: M4-M8 <\/p><p> Standardne polt: M5-M16 <\/p><p> K\u00f5rgtugev polt: M5-M14 <\/p><p> J\u00e4me keermega: 22-125 mm <\/p><p> M\u00f5\u00f5tmed (P x L x K): 126 x 79 x 238 mm <\/p><p> Kaal: 1,3 kg <\/p><p> Omadused: Harjadeta mootor, kompaktne ja kerge disain, mugav kiirkinnitusega padrun <\/p>\n","protected":false},"excerpt":{"rendered":"<p>Akutrel Makita dtd153 ilma aku, heas seisu- ja t\u00f6\u00f6korras! KIRJELDUS Aku t\u00fc\u00fcp: 18V Li-ion Maksimaalne p\u00f6\u00f6rdemoment: 170 N\u00b7m L\u00f6\u00f6gisagedus: 0-3600 l\u00f6\u00f6ki\/min T\u00fchik\u00e4igu kiirus: 0-3400 p\/min Padruni t\u00fc\u00fcp: 6,35 mm (1\/4&#8243;) kuuskant Maksimaalne kruvi suurus: Masinakruvi: M4-M8 Standardne polt: M5-M16 K\u00f5rgtugev polt: M5-M14 J\u00e4me keermega: 22-125 mm M\u00f5\u00f5tmed (P x L x K): 126 x 79 [&hellip;]<\/p>\n","protected":false},"featured_media":25709,"comment_status":"closed","ping_status":"open","template":"","meta":{"inline_featured_image":false},"product_brand":[],"product_cat":[221],"product_tag":[],"class_list":{"0":"post-25708","1":"product","2":"type-product","3":"status-publish","4":"has-post-thumbnail","6":"product_cat-akkumulyatornye-dreli","7":"pa_asukoht-mustamae","8":"pa_seisukord-ispolzovano","10":"first","11":"instock","12":"taxable","13":"shipping-taxable","14":"purchasable","15":"product-type-simple"},"_links":{"self":[{"href":"https:\/\/a-pant.ee\/ru\/wp-json\/wp\/v2\/product\/25708","targetHints":{"allow":["GET"]}}],"collection":[{"href":"https:\/\/a-pant.ee\/ru\/wp-json\/wp\/v2\/product"}],"about":[{"href":"https:\/\/a-pant.ee\/ru\/wp-json\/wp\/v2\/types\/product"}],"replies":[{"embeddable":true,"href":"https:\/\/a-pant.ee\/ru\/wp-json\/wp\/v2\/comments?post=25708"}],"wp:featuredmedia":[{"embeddable":true,"href":"https:\/\/a-pant.ee\/ru\/wp-json\/wp\/v2\/media\/25709"}],"wp:attachment":[{"href":"https:\/\/a-pant.ee\/ru\/wp-json\/wp\/v2\/media?parent=25708"}],"wp:term":[{"taxonomy":"product_brand","embeddable":true,"href":"https:\/\/a-pant.ee\/ru\/wp-json\/wp\/v2\/product_brand?post=25708"},{"taxonomy":"product_cat","embeddable":true,"href":"https:\/\/a-pant.ee\/ru\/wp-json\/wp\/v2\/product_cat?post=25708"},{"taxonomy":"product_tag","embeddable":true,"href":"https:\/\/a-pant.ee\/ru\/wp-json\/wp\/v2\/product_tag?post=25708"}],"curies":[{"name":"wp","href":"https:\/\/api.w.org\/{rel}","templated":true}]}}