{"id":25701,"date":"2026-02-04T02:23:02","date_gmt":"2026-02-03T23:23:02","guid":{"rendered":"https:\/\/a-pant.ee\/product\/noutbuk-acer-swift-sf314-57-rose-zaryadka\/"},"modified":"2026-02-22T12:36:36","modified_gmt":"2026-02-22T09:36:36","slug":"noutbuk-acer-swift-sf314-57-rose-zaryadka","status":"publish","type":"product","link":"https:\/\/a-pant.ee\/ru\/product\/noutbuk-acer-swift-sf314-57-rose-zaryadka\/","title":{"rendered":"\u041d\u043e\u0443\u0442\u0431\u0443\u043a Acer Swift SF314-57 Rose + \u0417\u0430\u0440\u044f\u0434\u043a\u0430"},"content":{"rendered":"\n<p> S\u00fclearvuti Acer Swift SF314-57 Rose + Laadija, heas seisu- ja t\u00f6\u00f6korras! <\/p><p> KIRJELDUS <\/p><p> Protsessor: Intel Core i3-1005G1 <\/p><p> Graafika: Intel UHD Graphics G1 <\/p><p> Ekraan: 14,0 tolli, Full HD (1920 x 1080), IPS <\/p><p> M\u00e4lu: 8 GB LPDDR4, 3733 MHz <\/p><p> Salvestusruum: 256 GB SSD NVMe <\/p><p> Operatsioonis\u00fcsteem: Windows 10 Home <\/p><p> Kaal: 1,19 kg <\/p><p> Lisafunktsioonid: <\/p><p> Ekraani maksimaalne heledus: 238 niti <\/p><p> V\u00e4rvkatvus: 54% sRGB <\/p><p> Kontrast: 1100:1 <\/p><p> Reageerimisaeg: 29 ms (must-valge ja valge-must) <\/p><p> Erip\u00e4ra: PWM tugi heledustaseme reguleerimiseks kuni 60 nitini, k\u00f5rge PWM sagedus, mis muudab ekraani silmadele mugavaks <\/p>\n","protected":false},"excerpt":{"rendered":"<p>S\u00fclearvuti Acer Swift SF314-57 Rose + Laadija, heas seisu- ja t\u00f6\u00f6korras! KIRJELDUS Protsessor: Intel Core i3-1005G1 Graafika: Intel UHD Graphics G1 Ekraan: 14,0 tolli, Full HD (1920 x 1080), IPS M\u00e4lu: 8 GB LPDDR4, 3733 MHz Salvestusruum: 256 GB SSD NVMe Operatsioonis\u00fcsteem: Windows 10 Home Kaal: 1,19 kg Lisafunktsioonid: Ekraani maksimaalne heledus: 238 niti V\u00e4rvkatvus: [&hellip;]<\/p>\n","protected":false},"featured_media":25702,"comment_status":"closed","ping_status":"closed","template":"","meta":{"inline_featured_image":false},"product_brand":[],"product_cat":[179],"product_tag":[],"class_list":{"0":"post-25701","1":"product","2":"type-product","3":"status-publish","4":"has-post-thumbnail","6":"product_cat-noutbuki","7":"pa_asukoht-mustamae","8":"pa_seisukord-ispolzovano","10":"first","11":"outofstock","12":"taxable","13":"shipping-taxable","14":"purchasable","15":"product-type-simple"},"_links":{"self":[{"href":"https:\/\/a-pant.ee\/ru\/wp-json\/wp\/v2\/product\/25701","targetHints":{"allow":["GET"]}}],"collection":[{"href":"https:\/\/a-pant.ee\/ru\/wp-json\/wp\/v2\/product"}],"about":[{"href":"https:\/\/a-pant.ee\/ru\/wp-json\/wp\/v2\/types\/product"}],"replies":[{"embeddable":true,"href":"https:\/\/a-pant.ee\/ru\/wp-json\/wp\/v2\/comments?post=25701"}],"wp:featuredmedia":[{"embeddable":true,"href":"https:\/\/a-pant.ee\/ru\/wp-json\/wp\/v2\/media\/25702"}],"wp:attachment":[{"href":"https:\/\/a-pant.ee\/ru\/wp-json\/wp\/v2\/media?parent=25701"}],"wp:term":[{"taxonomy":"product_brand","embeddable":true,"href":"https:\/\/a-pant.ee\/ru\/wp-json\/wp\/v2\/product_brand?post=25701"},{"taxonomy":"product_cat","embeddable":true,"href":"https:\/\/a-pant.ee\/ru\/wp-json\/wp\/v2\/product_cat?post=25701"},{"taxonomy":"product_tag","embeddable":true,"href":"https:\/\/a-pant.ee\/ru\/wp-json\/wp\/v2\/product_tag?post=25701"}],"curies":[{"name":"wp","href":"https:\/\/api.w.org\/{rel}","templated":true}]}}