{"id":25694,"date":"2026-02-04T02:23:02","date_gmt":"2026-02-03T23:23:02","guid":{"rendered":"https:\/\/a-pant.ee\/product\/smart-chasy-samsung-gear-sport-sm-r600\/"},"modified":"2026-02-22T12:36:35","modified_gmt":"2026-02-22T09:36:35","slug":"smart-chasy-samsung-gear-sport-sm-r600","status":"publish","type":"product","link":"https:\/\/a-pant.ee\/ru\/product\/smart-chasy-samsung-gear-sport-sm-r600\/","title":{"rendered":"\u0421\u043c\u0430\u0440\u0442-\u0447\u0430\u0441\u044b Samsung Gear Sport SM-R600"},"content":{"rendered":"\n<p> M\u00fc\u00fcakse\u00a0Nutikell Samsung Gear Sport (SM-R600)+ 3 rihm + laadija + karp\u00a0, t\u00f6\u00f6korras! <\/p><p><br \/> Diagonaal\/eraldusv\u00f5ime 1,2&#8243;\/360&#215;360 pikslit. Maksimaalne t\u00f6\u00f6aeg kuni 4 p\u00e4eva Kahetuumaline protsessor Jah RAM 768 MB V\u00e4lkm\u00e4lu (ROM) 4 GB Kuvatehnoloogia Super AMOLED Wi-Fi tugi Jah Sisseehitatud Bluetooth moodul Jah NFC tehnoloogia Jah Veekindel korpus Jah GPS-tugi Jah <\/p>\n","protected":false},"excerpt":{"rendered":"<p>M\u00fc\u00fcakse\u00a0Nutikell Samsung Gear Sport (SM-R600)+ 3 rihm + laadija + karp\u00a0, t\u00f6\u00f6korras! Diagonaal\/eraldusv\u00f5ime 1,2&#8243;\/360&#215;360 pikslit. Maksimaalne t\u00f6\u00f6aeg kuni 4 p\u00e4eva Kahetuumaline protsessor Jah RAM 768 MB V\u00e4lkm\u00e4lu (ROM) 4 GB Kuvatehnoloogia Super AMOLED Wi-Fi tugi Jah Sisseehitatud Bluetooth moodul Jah NFC tehnoloogia Jah Veekindel korpus Jah GPS-tugi Jah<\/p>\n","protected":false},"featured_media":25695,"comment_status":"closed","ping_status":"open","template":"","meta":{"inline_featured_image":false},"product_brand":[],"product_cat":[176],"product_tag":[],"class_list":{"0":"post-25694","1":"product","2":"type-product","3":"status-publish","4":"has-post-thumbnail","6":"product_cat-smart-chasy","7":"pa_asukoht-mustamae","8":"pa_seisukord-ispolzovano","10":"first","11":"instock","12":"taxable","13":"shipping-taxable","14":"purchasable","15":"product-type-simple"},"_links":{"self":[{"href":"https:\/\/a-pant.ee\/ru\/wp-json\/wp\/v2\/product\/25694","targetHints":{"allow":["GET"]}}],"collection":[{"href":"https:\/\/a-pant.ee\/ru\/wp-json\/wp\/v2\/product"}],"about":[{"href":"https:\/\/a-pant.ee\/ru\/wp-json\/wp\/v2\/types\/product"}],"replies":[{"embeddable":true,"href":"https:\/\/a-pant.ee\/ru\/wp-json\/wp\/v2\/comments?post=25694"}],"wp:featuredmedia":[{"embeddable":true,"href":"https:\/\/a-pant.ee\/ru\/wp-json\/wp\/v2\/media\/25695"}],"wp:attachment":[{"href":"https:\/\/a-pant.ee\/ru\/wp-json\/wp\/v2\/media?parent=25694"}],"wp:term":[{"taxonomy":"product_brand","embeddable":true,"href":"https:\/\/a-pant.ee\/ru\/wp-json\/wp\/v2\/product_brand?post=25694"},{"taxonomy":"product_cat","embeddable":true,"href":"https:\/\/a-pant.ee\/ru\/wp-json\/wp\/v2\/product_cat?post=25694"},{"taxonomy":"product_tag","embeddable":true,"href":"https:\/\/a-pant.ee\/ru\/wp-json\/wp\/v2\/product_tag?post=25694"}],"curies":[{"name":"wp","href":"https:\/\/api.w.org\/{rel}","templated":true}]}}