{"id":25688,"date":"2026-02-04T02:23:02","date_gmt":"2026-02-03T23:23:02","guid":{"rendered":"https:\/\/a-pant.ee\/product\/robot-pylesos-tefal-x-plorer-serie-75\/"},"modified":"2026-02-22T12:36:35","modified_gmt":"2026-02-22T09:36:35","slug":"robot-pylesos-tefal-x-plorer-serie-75-s","status":"publish","type":"product","link":"https:\/\/a-pant.ee\/ru\/product\/robot-pylesos-tefal-x-plorer-serie-75-s\/","title":{"rendered":"\u0420\u043e\u0431\u043e\u0442-\u043f\u044b\u043b\u0435\u0441\u043e\u0441 Tefal X-PLORER Serie 75 S"},"content":{"rendered":"\n<p> M\u00fc\u00fcakse\u00a0Robottolmuimeja Tefal X-PLORER Serie 75 S + ladija + 3tk mop\u00a0, t\u00f6\u00f6korras! <\/p><p> Toote v\u00e4rv <br \/> valge <br \/> Puhastuse t\u00fc\u00fcp <br \/> kuiv ja m\u00e4rg <br \/> Re\u017eiimid <br \/> turbore\u017eiim, puhastamine etteantud marsruudil, tavaline puhastus, t\u00e4isautomaatne puhastus, puhastamine m\u00f6\u00f6da seinu <br \/> Lisafunktsioonid <br \/> ruumi kaardi koostamine, programmeerimine n\u00e4dalap\u00e4evade j\u00e4rgi, signaali ummikus <br \/> Disaini omadused <br \/> tolmumahuti t\u00e4itumise indikaator <br \/> Kaasas <br \/> k\u00fcljehari, karvade eemaldaja, turbohari <br \/> Puhastusre\u017eiimide arv <br \/> 4 <br \/> Nutitelefoni juhtimine <br \/> Jah <br \/> Lisainformatsioon <br \/> Loomade turbohari juuste kogumiseks <br \/> Toitumine <br \/> Kaasas aku t\u00fc\u00fcp <br \/> Liitium-ioon <br \/> Kaasas aku mahutavus <br \/> 2600 mAh <br \/> Aku kestvus <br \/> 150 min <br \/> Aku laadimisaeg <br \/> 240 min <br \/> Tolmu koguja <br \/> Konteineri t\u00fc\u00fcp <br \/> tolmu\/vee jaoks <br \/> Tolmumahuti maht <br \/> 0,4 l <br \/> Veemahuti maht <br \/> 0,09 l <br \/> Pr\u00fcgikasti maht aluses <br \/> 0,9 l <br \/> Liikumine <br \/> Anduri t\u00fc\u00fcp <br \/> infrapuna\/optiline <br \/> Andurite arv <br \/> 3 <br \/> Puhastusala piiraja <br \/> virtuaalne sein <br \/> Paigaldamine laadijale <br \/> automaatne <br \/> Tehnilised andmed <br \/> M\u00fcratase <br \/> 65 dB <br \/> Tark Maja <br \/> T\u00f6\u00f6tab &#171;targa kodu&#187; s\u00fcsteemis <br \/> Jah <br \/> Sideprotokoll <br \/> WiFi <br \/> Seadme \u00fchenduse t\u00fc\u00fcp <br \/> juhtmevaba <br \/> M\u00f5\u00f5tmed ja kaal <br \/> LxPxK <br \/> 35x35x10 cm <br \/> Kaal <br \/> 5,6 kg <\/p>\n","protected":false},"excerpt":{"rendered":"<p>M\u00fc\u00fcakse\u00a0Robottolmuimeja Tefal X-PLORER Serie 75 S + ladija + 3tk mop\u00a0, t\u00f6\u00f6korras! Toote v\u00e4rv valge Puhastuse t\u00fc\u00fcp kuiv ja m\u00e4rg Re\u017eiimid turbore\u017eiim, puhastamine etteantud marsruudil, tavaline puhastus, t\u00e4isautomaatne puhastus, puhastamine m\u00f6\u00f6da seinu Lisafunktsioonid ruumi kaardi koostamine, programmeerimine n\u00e4dalap\u00e4evade j\u00e4rgi, signaali ummikus Disaini omadused tolmumahuti t\u00e4itumise indikaator Kaasas k\u00fcljehari, karvade eemaldaja, turbohari Puhastusre\u017eiimide arv 4 Nutitelefoni [&hellip;]<\/p>\n","protected":false},"featured_media":25689,"comment_status":"closed","ping_status":"open","template":"","meta":{"inline_featured_image":false},"product_brand":[],"product_cat":[166],"product_tag":[],"class_list":{"0":"post-25688","1":"product","2":"type-product","3":"status-publish","4":"has-post-thumbnail","6":"product_cat-bytovaya-tehnika","7":"pa_asukoht-lasnamae","8":"pa_seisukord-ispolzovano","10":"first","11":"instock","12":"taxable","13":"shipping-taxable","14":"purchasable","15":"product-type-simple"},"_links":{"self":[{"href":"https:\/\/a-pant.ee\/ru\/wp-json\/wp\/v2\/product\/25688","targetHints":{"allow":["GET"]}}],"collection":[{"href":"https:\/\/a-pant.ee\/ru\/wp-json\/wp\/v2\/product"}],"about":[{"href":"https:\/\/a-pant.ee\/ru\/wp-json\/wp\/v2\/types\/product"}],"replies":[{"embeddable":true,"href":"https:\/\/a-pant.ee\/ru\/wp-json\/wp\/v2\/comments?post=25688"}],"wp:featuredmedia":[{"embeddable":true,"href":"https:\/\/a-pant.ee\/ru\/wp-json\/wp\/v2\/media\/25689"}],"wp:attachment":[{"href":"https:\/\/a-pant.ee\/ru\/wp-json\/wp\/v2\/media?parent=25688"}],"wp:term":[{"taxonomy":"product_brand","embeddable":true,"href":"https:\/\/a-pant.ee\/ru\/wp-json\/wp\/v2\/product_brand?post=25688"},{"taxonomy":"product_cat","embeddable":true,"href":"https:\/\/a-pant.ee\/ru\/wp-json\/wp\/v2\/product_cat?post=25688"},{"taxonomy":"product_tag","embeddable":true,"href":"https:\/\/a-pant.ee\/ru\/wp-json\/wp\/v2\/product_tag?post=25688"}],"curies":[{"name":"wp","href":"https:\/\/api.w.org\/{rel}","templated":true}]}}