{"id":25682,"date":"2026-02-04T02:23:02","date_gmt":"2026-02-03T23:23:02","guid":{"rendered":"https:\/\/a-pant.ee\/product\/akkumulyatornyy-udarnyy-shurupovert-bosch-gsb-18v-110c\/"},"modified":"2026-02-22T12:36:35","modified_gmt":"2026-02-22T09:36:35","slug":"akkumulyatornyj-udarnyj-shurupovert-bosch-gsb-18v-110c-5ah","status":"publish","type":"product","link":"https:\/\/a-pant.ee\/ru\/product\/akkumulyatornyj-udarnyj-shurupovert-bosch-gsb-18v-110c-5ah\/","title":{"rendered":"\u0410\u043a\u043a\u0443\u043c\u0443\u043b\u044f\u0442\u043e\u0440\u043d\u044b\u0439 \u0443\u0434\u0430\u0440\u043d\u044b\u0439 \u0448\u0443\u0440\u0443\u043f\u043e\u0432\u0435\u0440\u0442 BOSCH GSB 18V-110C + 5ah"},"content":{"rendered":"\n<p> M\u00fc\u00fcakse\u00a0Akul\u00f6\u00f6ktrell Bosch GSB 18V-110C + 5ah\u00a0, heas seisu- ja t\u00f6\u00f6korras! <\/p><p> Aku pinge: 18 V <br \/> Max p\u00f6\u00f6rdemoment pehme\/k\u00f5va\/max: 47\/85\/110 Nm <br \/> P\u00f6\u00f6rdemomendi astmeid: 25+1 <br \/> P\u00f6\u00f6rded 1 k\u00e4ik \/ 2 k\u00e4ik: 0-480 \/ 2100 p\/min <br \/> Maks. l\u00f6\u00f6kide arv: 31500 l\/min <br \/> Kruvi max l\u00e4bim\u00f5\u00f5t: 12 mm <br \/> Puuri max l\u00e4bim\u00f5\u00f5t puidus: 82 mm <br \/> Puuri max l\u00e4bim\u00f5\u00f5t terases: 13 mm <br \/> Puuri max l\u00e4bim\u00f5\u00f5t betoonis: 16 mm <br \/> Padrun: 1,5-13 mm <\/p>\n","protected":false},"excerpt":{"rendered":"<p>M\u00fc\u00fcakse\u00a0Akul\u00f6\u00f6ktrell Bosch GSB 18V-110C + 5ah\u00a0, heas seisu- ja t\u00f6\u00f6korras! Aku pinge: 18 V Max p\u00f6\u00f6rdemoment pehme\/k\u00f5va\/max: 47\/85\/110 Nm P\u00f6\u00f6rdemomendi astmeid: 25+1 P\u00f6\u00f6rded 1 k\u00e4ik \/ 2 k\u00e4ik: 0-480 \/ 2100 p\/min Maks. l\u00f6\u00f6kide arv: 31500 l\/min Kruvi max l\u00e4bim\u00f5\u00f5t: 12 mm Puuri max l\u00e4bim\u00f5\u00f5t puidus: 82 mm Puuri max l\u00e4bim\u00f5\u00f5t terases: 13 mm Puuri [&hellip;]<\/p>\n","protected":false},"featured_media":25683,"comment_status":"closed","ping_status":"open","template":"","meta":{"inline_featured_image":false},"product_brand":[],"product_cat":[221],"product_tag":[],"class_list":{"0":"post-25682","1":"product","2":"type-product","3":"status-publish","4":"has-post-thumbnail","6":"product_cat-akkumulyatornye-dreli","7":"pa_asukoht-mustamae","8":"pa_seisukord-ispolzovano","10":"first","11":"instock","12":"taxable","13":"shipping-taxable","14":"purchasable","15":"product-type-simple"},"_links":{"self":[{"href":"https:\/\/a-pant.ee\/ru\/wp-json\/wp\/v2\/product\/25682","targetHints":{"allow":["GET"]}}],"collection":[{"href":"https:\/\/a-pant.ee\/ru\/wp-json\/wp\/v2\/product"}],"about":[{"href":"https:\/\/a-pant.ee\/ru\/wp-json\/wp\/v2\/types\/product"}],"replies":[{"embeddable":true,"href":"https:\/\/a-pant.ee\/ru\/wp-json\/wp\/v2\/comments?post=25682"}],"wp:featuredmedia":[{"embeddable":true,"href":"https:\/\/a-pant.ee\/ru\/wp-json\/wp\/v2\/media\/25683"}],"wp:attachment":[{"href":"https:\/\/a-pant.ee\/ru\/wp-json\/wp\/v2\/media?parent=25682"}],"wp:term":[{"taxonomy":"product_brand","embeddable":true,"href":"https:\/\/a-pant.ee\/ru\/wp-json\/wp\/v2\/product_brand?post=25682"},{"taxonomy":"product_cat","embeddable":true,"href":"https:\/\/a-pant.ee\/ru\/wp-json\/wp\/v2\/product_cat?post=25682"},{"taxonomy":"product_tag","embeddable":true,"href":"https:\/\/a-pant.ee\/ru\/wp-json\/wp\/v2\/product_tag?post=25682"}],"curies":[{"name":"wp","href":"https:\/\/api.w.org\/{rel}","templated":true}]}}