{"id":25671,"date":"2026-02-04T02:23:02","date_gmt":"2026-02-03T23:23:02","guid":{"rendered":"https:\/\/a-pant.ee\/product\/udarnaya-drel-makita-dtd153\/"},"modified":"2026-02-22T12:36:35","modified_gmt":"2026-02-22T09:36:35","slug":"udarnaya-drel-shurupovert-makita-dtd153-akb-30ach","status":"publish","type":"product","link":"https:\/\/a-pant.ee\/ru\/product\/udarnaya-drel-shurupovert-makita-dtd153-akb-30ach\/","title":{"rendered":"\u0423\u0434\u0430\u0440\u043d\u0430\u044f \u0434\u0440\u0435\u043b\u044c \u0448\u0443\u0440\u0443\u043f\u043e\u0432\u0435\u0440\u0442 Makita DTD153 + A\u041a\u0411 3,0\u0410\u0427"},"content":{"rendered":"\n<p> Akul\u00f6kktrell Makita DTD153 + Aku 3,0AH, heas seisu- ja t\u00f6\u00f6korras! <\/p><p> KIRJELDUS <\/p><p> Mudel: Makita DTD153 T\u00fc\u00fcp: Akul\u00f6\u00f6kkruvikeeraja Aku: 18V Li-ion Padruni t\u00fc\u00fcp: 1\/4&#8243; sisekuuskant Maksimaalne p\u00f6\u00f6rdemoment: 170 Nm L\u00f6\u00f6kide sagedus: 0 &#8212; 3 400 l\u00f6\u00f6ki\/min P\u00f6\u00f6rlemiskiirus: 0 &#8212; 3 400 p\/min Kaal: 1.5 kg (koos akuga) Omadused: <\/p><p> Kompaktne ja kerge konstruktsioon <\/p><p> Harjadeta mootor pikema t\u00f6\u00f6ea saavutamiseks <\/p><p> Sisseehitatud LED-valgustus t\u00f6\u00f6ks halva n\u00e4htavusega tingimustes <\/p><p> Mugav kummikattega k\u00e4epide kindlaks haardeks <\/p>\n","protected":false},"excerpt":{"rendered":"<p>Akul\u00f6kktrell Makita DTD153 + Aku 3,0AH, heas seisu- ja t\u00f6\u00f6korras! KIRJELDUS Mudel: Makita DTD153 T\u00fc\u00fcp: Akul\u00f6\u00f6kkruvikeeraja Aku: 18V Li-ion Padruni t\u00fc\u00fcp: 1\/4&#8243; sisekuuskant Maksimaalne p\u00f6\u00f6rdemoment: 170 Nm L\u00f6\u00f6kide sagedus: 0 &#8212; 3 400 l\u00f6\u00f6ki\/min P\u00f6\u00f6rlemiskiirus: 0 &#8212; 3 400 p\/min Kaal: 1.5 kg (koos akuga) Omadused: Kompaktne ja kerge konstruktsioon Harjadeta mootor pikema t\u00f6\u00f6ea saavutamiseks [&hellip;]<\/p>\n","protected":false},"featured_media":25672,"comment_status":"closed","ping_status":"open","template":"","meta":{"inline_featured_image":false},"product_brand":[],"product_cat":[221],"product_tag":[],"class_list":{"0":"post-25671","1":"product","2":"type-product","3":"status-publish","4":"has-post-thumbnail","6":"product_cat-akkumulyatornye-dreli","7":"pa_asukoht-mustamae","8":"pa_seisukord-ispolzovano","10":"first","11":"instock","12":"taxable","13":"shipping-taxable","14":"purchasable","15":"product-type-simple"},"_links":{"self":[{"href":"https:\/\/a-pant.ee\/ru\/wp-json\/wp\/v2\/product\/25671","targetHints":{"allow":["GET"]}}],"collection":[{"href":"https:\/\/a-pant.ee\/ru\/wp-json\/wp\/v2\/product"}],"about":[{"href":"https:\/\/a-pant.ee\/ru\/wp-json\/wp\/v2\/types\/product"}],"replies":[{"embeddable":true,"href":"https:\/\/a-pant.ee\/ru\/wp-json\/wp\/v2\/comments?post=25671"}],"wp:featuredmedia":[{"embeddable":true,"href":"https:\/\/a-pant.ee\/ru\/wp-json\/wp\/v2\/media\/25672"}],"wp:attachment":[{"href":"https:\/\/a-pant.ee\/ru\/wp-json\/wp\/v2\/media?parent=25671"}],"wp:term":[{"taxonomy":"product_brand","embeddable":true,"href":"https:\/\/a-pant.ee\/ru\/wp-json\/wp\/v2\/product_brand?post=25671"},{"taxonomy":"product_cat","embeddable":true,"href":"https:\/\/a-pant.ee\/ru\/wp-json\/wp\/v2\/product_cat?post=25671"},{"taxonomy":"product_tag","embeddable":true,"href":"https:\/\/a-pant.ee\/ru\/wp-json\/wp\/v2\/product_tag?post=25671"}],"curies":[{"name":"wp","href":"https:\/\/api.w.org\/{rel}","templated":true}]}}