{"id":25664,"date":"2026-02-04T02:23:02","date_gmt":"2026-02-03T23:23:02","guid":{"rendered":"https:\/\/a-pant.ee\/product\/noutbuk-acer-a315-33-zaryadka\/"},"modified":"2026-02-22T12:36:35","modified_gmt":"2026-02-22T09:36:35","slug":"noutbuk-acer-a315-33-zaryadka","status":"publish","type":"product","link":"https:\/\/a-pant.ee\/ru\/product\/noutbuk-acer-a315-33-zaryadka\/","title":{"rendered":"\u041d\u043e\u0443\u0442\u0431\u0443\u043a Acer A315-33 + \u0417\u0430\u0440\u044f\u0434\u043a\u0430"},"content":{"rendered":"\n<p> M\u00fc\u00fcakse\u00a0S\u00fclearvuti Acer A315-33 + Laadija, heas seisu- ja t\u00f6\u00f6korras! <\/p><p> KIRJELDUS <\/p><p> Mudel: Acer Aspire A315-33-P7WY <\/p><p> Protsessor: Intel Pentium N3710, 1.6 GHz (t\u00f5stetav kuni 2.56 GHz) <\/p><p> M\u00e4lu: 4 GB DDR3L <\/p><p> Salvestusruum: 128 GB SSD <\/p><p> Ekraan: 15.6 tolli, resolutsioon 1366&#215;768 pikslit <\/p><p> Graafika: Integreeritud Intel HD Graphics <\/p><p> Operatsioonis\u00fcsteem: Windows 10 Home <\/p><p> V\u00e4rv: Must <\/p><p> Kaal: 2.1 kg <\/p>\n","protected":false},"excerpt":{"rendered":"<p>M\u00fc\u00fcakse\u00a0S\u00fclearvuti Acer A315-33 + Laadija, heas seisu- ja t\u00f6\u00f6korras! KIRJELDUS Mudel: Acer Aspire A315-33-P7WY Protsessor: Intel Pentium N3710, 1.6 GHz (t\u00f5stetav kuni 2.56 GHz) M\u00e4lu: 4 GB DDR3L Salvestusruum: 128 GB SSD Ekraan: 15.6 tolli, resolutsioon 1366&#215;768 pikslit Graafika: Integreeritud Intel HD Graphics Operatsioonis\u00fcsteem: Windows 10 Home V\u00e4rv: Must Kaal: 2.1 kg<\/p>\n","protected":false},"featured_media":25665,"comment_status":"closed","ping_status":"open","template":"","meta":{"inline_featured_image":false},"product_brand":[],"product_cat":[179],"product_tag":[],"class_list":{"0":"post-25664","1":"product","2":"type-product","3":"status-publish","4":"has-post-thumbnail","6":"product_cat-noutbuki","7":"pa_asukoht-mustamae","8":"pa_seisukord-ispolzovano","10":"first","11":"instock","12":"taxable","13":"shipping-taxable","14":"purchasable","15":"product-type-simple"},"_links":{"self":[{"href":"https:\/\/a-pant.ee\/ru\/wp-json\/wp\/v2\/product\/25664","targetHints":{"allow":["GET"]}}],"collection":[{"href":"https:\/\/a-pant.ee\/ru\/wp-json\/wp\/v2\/product"}],"about":[{"href":"https:\/\/a-pant.ee\/ru\/wp-json\/wp\/v2\/types\/product"}],"replies":[{"embeddable":true,"href":"https:\/\/a-pant.ee\/ru\/wp-json\/wp\/v2\/comments?post=25664"}],"wp:featuredmedia":[{"embeddable":true,"href":"https:\/\/a-pant.ee\/ru\/wp-json\/wp\/v2\/media\/25665"}],"wp:attachment":[{"href":"https:\/\/a-pant.ee\/ru\/wp-json\/wp\/v2\/media?parent=25664"}],"wp:term":[{"taxonomy":"product_brand","embeddable":true,"href":"https:\/\/a-pant.ee\/ru\/wp-json\/wp\/v2\/product_brand?post=25664"},{"taxonomy":"product_cat","embeddable":true,"href":"https:\/\/a-pant.ee\/ru\/wp-json\/wp\/v2\/product_cat?post=25664"},{"taxonomy":"product_tag","embeddable":true,"href":"https:\/\/a-pant.ee\/ru\/wp-json\/wp\/v2\/product_tag?post=25664"}],"curies":[{"name":"wp","href":"https:\/\/api.w.org\/{rel}","templated":true}]}}